{"id":10165,"date":"2022-09-21T08:09:55","date_gmt":"2022-09-21T11:09:55","guid":{"rendered":"https:\/\/www.oestepizzaparty.com.ar\/?post_type=product&#038;p=10165"},"modified":"2026-03-18T18:45:37","modified_gmt":"2026-03-18T21:45:37","slug":"harina-de-centeno-x-1kg-fincas-el-paraiso","status":"publish","type":"product","link":"https:\/\/www.oestepizzaparty.com.ar\/?product=harina-de-centeno-x-1kg-fincas-el-paraiso","title":{"rendered":"HARINA DE CENTENO INTEGRAL GRUESA (TIPO 0) X 1KG- FINCAS EL PARA\u00cdSO"},"content":{"rendered":"<p>Elaborada con centeno cosechado en nuestra finca y procesada en nuestra planta de molienda a piedra, ambas con Certificaci\u00f3n Org\u00e1nica y Agroecol\u00f3gica.<\/p>\n<p>La Harina de Centeno Integral Fincas el Para\u00edso se obtiene al moler el grano de centeno artesanalmente mediante el sistema de molienda a piedra.<\/p>\n<p>Una harina altamente proteica, rica en vitaminas B1, B6, f\u00f3sforo y manganeso. Ideal para preparar masa madre de harina de centeno, logrando panificados muy arom\u00e1ticos y de miga m\u00e1s densa que los de trigo y se conservan muy bien gracias a que este cereal absorbe much\u00edsima agua.<\/p>\n","protected":false},"excerpt":{"rendered":"<p>Elaborada con centeno cosechado en nuestra finca y procesada en nuestra planta de molienda a piedra, ambas con Certificaci\u00f3n Org\u00e1nica y Agroecol\u00f3gica. La Harina de Centeno Integral Fincas el Para\u00edso se obtiene al moler el grano de centeno artesanalmente mediante el sistema de molienda a piedra. Una harina altamente proteica, rica en vitaminas B1, B6, [&hellip;]<\/p>\n","protected":false},"featured_media":10166,"comment_status":"open","ping_status":"closed","template":"","meta":{"_et_pb_use_builder":"","_et_pb_old_content":"","_et_gb_content_width":"","om_disable_all_campaigns":false,"_monsterinsights_skip_tracking":false,"_monsterinsights_sitenote_active":false,"_monsterinsights_sitenote_note":"","_monsterinsights_sitenote_category":0,"_joinchat":[]},"product_brand":[],"product_cat":[768],"product_tag":[],"class_list":{"0":"post-10165","1":"product","2":"type-product","3":"status-publish","4":"has-post-thumbnail","6":"product_cat-molino-fincas-el-paraiso-integrales-organicas","8":"first","9":"outofstock","10":"taxable","11":"shipping-taxable","12":"product-type-simple"},"aioseo_notices":[],"_links":{"self":[{"href":"https:\/\/www.oestepizzaparty.com.ar\/index.php?rest_route=\/wp\/v2\/product\/10165","targetHints":{"allow":["GET"]}}],"collection":[{"href":"https:\/\/www.oestepizzaparty.com.ar\/index.php?rest_route=\/wp\/v2\/product"}],"about":[{"href":"https:\/\/www.oestepizzaparty.com.ar\/index.php?rest_route=\/wp\/v2\/types\/product"}],"replies":[{"embeddable":true,"href":"https:\/\/www.oestepizzaparty.com.ar\/index.php?rest_route=%2Fwp%2Fv2%2Fcomments&post=10165"}],"wp:featuredmedia":[{"embeddable":true,"href":"https:\/\/www.oestepizzaparty.com.ar\/index.php?rest_route=\/wp\/v2\/media\/10166"}],"wp:attachment":[{"href":"https:\/\/www.oestepizzaparty.com.ar\/index.php?rest_route=%2Fwp%2Fv2%2Fmedia&parent=10165"}],"wp:term":[{"taxonomy":"product_brand","embeddable":true,"href":"https:\/\/www.oestepizzaparty.com.ar\/index.php?rest_route=%2Fwp%2Fv2%2Fproduct_brand&post=10165"},{"taxonomy":"product_cat","embeddable":true,"href":"https:\/\/www.oestepizzaparty.com.ar\/index.php?rest_route=%2Fwp%2Fv2%2Fproduct_cat&post=10165"},{"taxonomy":"product_tag","embeddable":true,"href":"https:\/\/www.oestepizzaparty.com.ar\/index.php?rest_route=%2Fwp%2Fv2%2Fproduct_tag&post=10165"}],"curies":[{"name":"wp","href":"https:\/\/api.w.org\/{rel}","templated":true}]}}