{"id":10341,"date":"2022-10-07T11:47:07","date_gmt":"2022-10-07T14:47:07","guid":{"rendered":"https:\/\/www.oestepizzaparty.com.ar\/?post_type=product&#038;p=10341"},"modified":"2026-04-02T08:48:09","modified_gmt":"2026-04-02T11:48:09","slug":"maple-syrup-x-250ml","status":"publish","type":"product","link":"https:\/\/www.oestepizzaparty.com.ar\/?product=maple-syrup-x-250ml","title":{"rendered":"MAPLE SYRUP BERNARD X 250ML"},"content":{"rendered":"<p>Delicioso sirope de arce. Endulzante vegetal natural 100% puro, originario de Canad\u00e1. De color \u00e1mbar y sabor intenso. Apto veganos.<\/p>\n<p><b>Beneficios:<\/b>\u00a0El Jarabe de Arce es un endulzante vegetal, de delicioso sabor dulce y consistencia ligera. Se trata de la savia del \u00e1rbol de Arce. Rico energ\u00eda y en flavonoides de propiedades antioxidantes, que ayudan a prevenir el envejecimiento celular y el desarrollo de enfermedades degenerativas. Brinda vitaminas B1, B2 y minerales, como calcio, zinc y manganeso. Es un sabroso complemento para todo tipo de platos.<\/p>\n<p><strong>Usos y Preparaciones:<\/strong>\u00a0Ideal para decorar waffles, panqueques, helados, postres y utilizar como topping. En panader\u00eda y reposter\u00eda, tambi\u00e9n se lo utiliza para elaborar budines, cookies, granolas, tortas, y panificados. Para endulzar de forma natural licuados, smoothies, infusiones, batidos e incluir en cocteler\u00eda. Es un excelente reemplazo de la miel, en la cocina vegana.<\/p>\n","protected":false},"excerpt":{"rendered":"<p>Delicioso sirope de arce. Endulzante vegetal natural 100% puro, originario de Canad\u00e1. De color \u00e1mbar y sabor intenso. Apto veganos. Beneficios:\u00a0El Jarabe de Arce es un endulzante vegetal, de delicioso sabor dulce y consistencia ligera. Se trata de la savia del \u00e1rbol de Arce. Rico energ\u00eda y en flavonoides de propiedades antioxidantes, que ayudan a [&hellip;]<\/p>\n","protected":false},"featured_media":10342,"comment_status":"open","ping_status":"closed","template":"","meta":{"_et_pb_use_builder":"","_et_pb_old_content":"","_et_gb_content_width":"","om_disable_all_campaigns":false,"_monsterinsights_skip_tracking":false,"_monsterinsights_sitenote_active":false,"_monsterinsights_sitenote_note":"","_monsterinsights_sitenote_category":0,"_joinchat":[]},"product_brand":[],"product_cat":[712],"product_tag":[],"class_list":{"0":"post-10341","1":"product","2":"type-product","3":"status-publish","4":"has-post-thumbnail","6":"product_cat-mermeladas-confituras","8":"first","9":"instock","10":"taxable","11":"shipping-taxable","12":"purchasable","13":"product-type-simple"},"aioseo_notices":[],"_links":{"self":[{"href":"https:\/\/www.oestepizzaparty.com.ar\/index.php?rest_route=\/wp\/v2\/product\/10341","targetHints":{"allow":["GET"]}}],"collection":[{"href":"https:\/\/www.oestepizzaparty.com.ar\/index.php?rest_route=\/wp\/v2\/product"}],"about":[{"href":"https:\/\/www.oestepizzaparty.com.ar\/index.php?rest_route=\/wp\/v2\/types\/product"}],"replies":[{"embeddable":true,"href":"https:\/\/www.oestepizzaparty.com.ar\/index.php?rest_route=%2Fwp%2Fv2%2Fcomments&post=10341"}],"wp:featuredmedia":[{"embeddable":true,"href":"https:\/\/www.oestepizzaparty.com.ar\/index.php?rest_route=\/wp\/v2\/media\/10342"}],"wp:attachment":[{"href":"https:\/\/www.oestepizzaparty.com.ar\/index.php?rest_route=%2Fwp%2Fv2%2Fmedia&parent=10341"}],"wp:term":[{"taxonomy":"product_brand","embeddable":true,"href":"https:\/\/www.oestepizzaparty.com.ar\/index.php?rest_route=%2Fwp%2Fv2%2Fproduct_brand&post=10341"},{"taxonomy":"product_cat","embeddable":true,"href":"https:\/\/www.oestepizzaparty.com.ar\/index.php?rest_route=%2Fwp%2Fv2%2Fproduct_cat&post=10341"},{"taxonomy":"product_tag","embeddable":true,"href":"https:\/\/www.oestepizzaparty.com.ar\/index.php?rest_route=%2Fwp%2Fv2%2Fproduct_tag&post=10341"}],"curies":[{"name":"wp","href":"https:\/\/api.w.org\/{rel}","templated":true}]}}