{"id":1091,"date":"2020-06-24T16:10:50","date_gmt":"2020-06-24T19:10:50","guid":{"rendered":"http:\/\/www.oestepizzaparty.com.ar\/?post_type=product&#038;p=1091"},"modified":"2026-04-30T13:34:39","modified_gmt":"2026-04-30T16:34:39","slug":"harina-harinisima","status":"publish","type":"product","link":"https:\/\/www.oestepizzaparty.com.ar\/?product=harina-harinisima","title":{"rendered":"HARINISIMA 000 x 25kg Venc 10\/26"},"content":{"rendered":"<h2>Harina 000 Panadera (25Kg)<\/h2>\n<p>Elaborada con trigos cuidadosamente seleccionados durante el periodo de cosecha, de buen contenido proteico y propiedades reol\u00f3gicas espec\u00edficas para harinas de panificaci\u00f3n.<br \/>\nTrigos cuidadosamente seleccionados, de buen contenido proteico y caracter\u00edsticas adecuadas para la panificaci\u00f3n.<br \/>\nEnriquecida con hierro y vitaminas, seg\u00fan Ley 25 630.<br \/>\nApta para distintos procesos de fermentaci\u00f3n.<br \/>\nRecomendada por su calidad y comportamiento uniforme en los procesos para panificaci\u00f3n artesanal, pan franc\u00e9s, facturas, boller\u00eda y pizzas.<br \/>\nPermite obtener panes de buen volumen y desarrollo, \u00a0cortezas crocantes, con buena estructura de miga.<br \/>\nHarina desarrollada para reducir el agregado de aditivos en la panificaci\u00f3n.<br \/>\nMuy buena conservaci\u00f3n del producto elaborado.<\/p>\n<p>&nbsp;<\/p>\n<p>&nbsp;<\/p>\n","protected":false},"excerpt":{"rendered":"<p>Harina 000 Panadera (25Kg) Elaborada con trigos cuidadosamente seleccionados durante el periodo de cosecha, de buen contenido proteico y propiedades reol\u00f3gicas espec\u00edficas para harinas de panificaci\u00f3n. Trigos cuidadosamente seleccionados, de buen contenido proteico y caracter\u00edsticas adecuadas para la panificaci\u00f3n. Enriquecida con hierro y vitaminas, seg\u00fan Ley 25 630. Apta para distintos procesos de fermentaci\u00f3n. Recomendada [&hellip;]<\/p>\n","protected":false},"featured_media":1100,"comment_status":"open","ping_status":"closed","template":"","meta":{"_et_pb_use_builder":"","_et_pb_old_content":"","_et_gb_content_width":"","om_disable_all_campaigns":false,"_monsterinsights_skip_tracking":false,"_monsterinsights_sitenote_active":false,"_monsterinsights_sitenote_note":"","_monsterinsights_sitenote_category":0,"_joinchat":[]},"product_brand":[],"product_cat":[735],"product_tag":[100,128,129,139,140,138],"class_list":{"0":"post-1091","1":"product","2":"type-product","3":"status-publish","4":"has-post-thumbnail","6":"product_cat-molino-campodonico","7":"product_tag-gastronomia","8":"product_tag-harina","9":"product_tag-harina-000","10":"product_tag-harina-molino-campodonico","11":"product_tag-harinisima","12":"product_tag-molino-campodonico","14":"first","15":"instock","16":"taxable","17":"shipping-taxable","18":"purchasable","19":"product-type-simple"},"aioseo_notices":[],"_links":{"self":[{"href":"https:\/\/www.oestepizzaparty.com.ar\/index.php?rest_route=\/wp\/v2\/product\/1091","targetHints":{"allow":["GET"]}}],"collection":[{"href":"https:\/\/www.oestepizzaparty.com.ar\/index.php?rest_route=\/wp\/v2\/product"}],"about":[{"href":"https:\/\/www.oestepizzaparty.com.ar\/index.php?rest_route=\/wp\/v2\/types\/product"}],"replies":[{"embeddable":true,"href":"https:\/\/www.oestepizzaparty.com.ar\/index.php?rest_route=%2Fwp%2Fv2%2Fcomments&post=1091"}],"wp:featuredmedia":[{"embeddable":true,"href":"https:\/\/www.oestepizzaparty.com.ar\/index.php?rest_route=\/wp\/v2\/media\/1100"}],"wp:attachment":[{"href":"https:\/\/www.oestepizzaparty.com.ar\/index.php?rest_route=%2Fwp%2Fv2%2Fmedia&parent=1091"}],"wp:term":[{"taxonomy":"product_brand","embeddable":true,"href":"https:\/\/www.oestepizzaparty.com.ar\/index.php?rest_route=%2Fwp%2Fv2%2Fproduct_brand&post=1091"},{"taxonomy":"product_cat","embeddable":true,"href":"https:\/\/www.oestepizzaparty.com.ar\/index.php?rest_route=%2Fwp%2Fv2%2Fproduct_cat&post=1091"},{"taxonomy":"product_tag","embeddable":true,"href":"https:\/\/www.oestepizzaparty.com.ar\/index.php?rest_route=%2Fwp%2Fv2%2Fproduct_tag&post=1091"}],"curies":[{"name":"wp","href":"https:\/\/api.w.org\/{rel}","templated":true}]}}