{"id":11315,"date":"2023-04-08T11:38:38","date_gmt":"2023-04-08T14:38:38","guid":{"rendered":"https:\/\/www.oestepizzaparty.com.ar\/?post_type=product&#038;p=11315"},"modified":"2025-12-30T08:09:37","modified_gmt":"2025-12-30T11:09:37","slug":"pasta-natura-harina-de-trigo-sarraceno-x-500gr-gluten-free","status":"publish","type":"product","link":"https:\/\/www.oestepizzaparty.com.ar\/?product=pasta-natura-harina-de-trigo-sarraceno-x-500gr-gluten-free","title":{"rendered":"PASTA NATURA HARINA DE TRIGO SARRACENO X 500GR GLUTEN FREE"},"content":{"rendered":"<p>HARINA DE TRIGO SARRACENO X 500GR GLUTEN FREE<br \/>\nEl Trigo Sarraceno es un ingrediente muy especial. Su fuerte olor y su color intenso nos devuelven inmediatamente una idea de rusticidad y cocina tradicional. La harina de trigo sarraceno tiene esta caracter\u00edstica: inspira la preparaci\u00f3n de recetas sencillas y sabrosas. El pan de trigo sarraceno es exquisito, tiene a cocina cl\u00e1sica que conquista.<\/p>\n","protected":false},"excerpt":{"rendered":"<p>HARINA DE TRIGO SARRACENO X 500GR GLUTEN FREE El Trigo Sarraceno es un ingrediente muy especial. Su fuerte olor y su color intenso nos devuelven inmediatamente una idea de rusticidad y cocina tradicional. La harina de trigo sarraceno tiene esta caracter\u00edstica: inspira la preparaci\u00f3n de recetas sencillas y sabrosas. El pan de trigo sarraceno es [&hellip;]<\/p>\n","protected":false},"featured_media":11316,"comment_status":"open","ping_status":"closed","template":"","meta":{"_et_pb_use_builder":"","_et_pb_old_content":"","_et_gb_content_width":"","om_disable_all_campaigns":false,"_monsterinsights_skip_tracking":false,"_monsterinsights_sitenote_active":false,"_monsterinsights_sitenote_note":"","_monsterinsights_sitenote_category":0,"_joinchat":[]},"product_brand":[],"product_cat":[742],"product_tag":[],"class_list":{"0":"post-11315","1":"product","2":"type-product","3":"status-publish","4":"has-post-thumbnail","6":"product_cat-harinas-varias-sin-taac","8":"first","9":"outofstock","10":"taxable","11":"shipping-taxable","12":"purchasable","13":"product-type-simple"},"aioseo_notices":[],"_links":{"self":[{"href":"https:\/\/www.oestepizzaparty.com.ar\/index.php?rest_route=\/wp\/v2\/product\/11315","targetHints":{"allow":["GET"]}}],"collection":[{"href":"https:\/\/www.oestepizzaparty.com.ar\/index.php?rest_route=\/wp\/v2\/product"}],"about":[{"href":"https:\/\/www.oestepizzaparty.com.ar\/index.php?rest_route=\/wp\/v2\/types\/product"}],"replies":[{"embeddable":true,"href":"https:\/\/www.oestepizzaparty.com.ar\/index.php?rest_route=%2Fwp%2Fv2%2Fcomments&post=11315"}],"wp:featuredmedia":[{"embeddable":true,"href":"https:\/\/www.oestepizzaparty.com.ar\/index.php?rest_route=\/wp\/v2\/media\/11316"}],"wp:attachment":[{"href":"https:\/\/www.oestepizzaparty.com.ar\/index.php?rest_route=%2Fwp%2Fv2%2Fmedia&parent=11315"}],"wp:term":[{"taxonomy":"product_brand","embeddable":true,"href":"https:\/\/www.oestepizzaparty.com.ar\/index.php?rest_route=%2Fwp%2Fv2%2Fproduct_brand&post=11315"},{"taxonomy":"product_cat","embeddable":true,"href":"https:\/\/www.oestepizzaparty.com.ar\/index.php?rest_route=%2Fwp%2Fv2%2Fproduct_cat&post=11315"},{"taxonomy":"product_tag","embeddable":true,"href":"https:\/\/www.oestepizzaparty.com.ar\/index.php?rest_route=%2Fwp%2Fv2%2Fproduct_tag&post=11315"}],"curies":[{"name":"wp","href":"https:\/\/api.w.org\/{rel}","templated":true}]}}