{"id":11318,"date":"2023-04-08T11:50:35","date_gmt":"2023-04-08T14:50:35","guid":{"rendered":"https:\/\/www.oestepizzaparty.com.ar\/?post_type=product&#038;p=11318"},"modified":"2026-02-22T07:27:23","modified_gmt":"2026-02-22T10:27:23","slug":"levadura-calsa-mi-pan-instantanea-10-gr","status":"publish","type":"product","link":"https:\/\/www.oestepizzaparty.com.ar\/?product=levadura-calsa-mi-pan-instantanea-10-gr","title":{"rendered":"Levadura Calsa Mi Pan Instantanea 10 Gr"},"content":{"rendered":"<div class=\"wpb_wrapper\">Levadura Instant\u00e1nea natural seca en gr\u00e1nulos.<\/div>\n<div class=\"wpb_wrapper\">Por tratarse de una levadura seca, conserva muy bien todas las propiedades,<\/div>\n<div class=\"wpb_wrapper\">y est\u00e1 lista para ser usada justo en el momento en que se necesita.<\/div>\n","protected":false},"excerpt":{"rendered":"<p>Levadura Instant\u00e1nea natural seca en gr\u00e1nulos. Por tratarse de una levadura seca, conserva muy bien todas las propiedades, y est\u00e1 lista para ser usada justo en el momento en que se necesita.<\/p>\n","protected":false},"featured_media":11319,"comment_status":"open","ping_status":"closed","template":"","meta":{"_et_pb_use_builder":"","_et_pb_old_content":"","_et_gb_content_width":"","om_disable_all_campaigns":false,"_monsterinsights_skip_tracking":false,"_monsterinsights_sitenote_active":false,"_monsterinsights_sitenote_note":"","_monsterinsights_sitenote_category":0,"_joinchat":[]},"product_brand":[],"product_cat":[763],"product_tag":[],"class_list":{"0":"post-11318","1":"product","2":"type-product","3":"status-publish","4":"has-post-thumbnail","6":"product_cat-levaduras","8":"first","9":"outofstock","10":"taxable","11":"shipping-taxable","12":"product-type-simple"},"aioseo_notices":[],"_links":{"self":[{"href":"https:\/\/www.oestepizzaparty.com.ar\/index.php?rest_route=\/wp\/v2\/product\/11318","targetHints":{"allow":["GET"]}}],"collection":[{"href":"https:\/\/www.oestepizzaparty.com.ar\/index.php?rest_route=\/wp\/v2\/product"}],"about":[{"href":"https:\/\/www.oestepizzaparty.com.ar\/index.php?rest_route=\/wp\/v2\/types\/product"}],"replies":[{"embeddable":true,"href":"https:\/\/www.oestepizzaparty.com.ar\/index.php?rest_route=%2Fwp%2Fv2%2Fcomments&post=11318"}],"wp:featuredmedia":[{"embeddable":true,"href":"https:\/\/www.oestepizzaparty.com.ar\/index.php?rest_route=\/wp\/v2\/media\/11319"}],"wp:attachment":[{"href":"https:\/\/www.oestepizzaparty.com.ar\/index.php?rest_route=%2Fwp%2Fv2%2Fmedia&parent=11318"}],"wp:term":[{"taxonomy":"product_brand","embeddable":true,"href":"https:\/\/www.oestepizzaparty.com.ar\/index.php?rest_route=%2Fwp%2Fv2%2Fproduct_brand&post=11318"},{"taxonomy":"product_cat","embeddable":true,"href":"https:\/\/www.oestepizzaparty.com.ar\/index.php?rest_route=%2Fwp%2Fv2%2Fproduct_cat&post=11318"},{"taxonomy":"product_tag","embeddable":true,"href":"https:\/\/www.oestepizzaparty.com.ar\/index.php?rest_route=%2Fwp%2Fv2%2Fproduct_tag&post=11318"}],"curies":[{"name":"wp","href":"https:\/\/api.w.org\/{rel}","templated":true}]}}