{"id":11512,"date":"2023-04-18T15:29:33","date_gmt":"2023-04-18T18:29:33","guid":{"rendered":"https:\/\/www.oestepizzaparty.com.ar\/?post_type=product&#038;p=11512"},"modified":"2026-05-02T13:33:00","modified_gmt":"2026-05-02T16:33:00","slug":"piedra-para-hornos-de-37-x-33-cm","status":"publish","type":"product","link":"https:\/\/www.oestepizzaparty.com.ar\/?product=piedra-para-hornos-de-37-x-33-cm","title":{"rendered":"Piedra Corderita Importada Para Horno Pizzero 33x37x1.2 Cm"},"content":{"rendered":"<h5 class=\"font-big mb-4 \">Descripci\u00f3n<\/h5>\n<p data-start=\"200\" data-end=\"287\">\u00a1Lleva tu pizza al siguiente nivel con nuestra\u00a0<strong data-start=\"247\" data-end=\"284\">piedra de cordierita 100% natural<\/strong>!<\/p>\n<ul data-start=\"289\" data-end=\"1144\">\n<li data-start=\"289\" data-end=\"524\">\n<p data-start=\"291\" data-end=\"524\"><strong data-start=\"291\" data-end=\"311\">Calidad premium:<\/strong>\u00a0Fabricada con cordierita natural, sin\u00f3nimo de durabilidad, retenci\u00f3n de calor y resistencia al choque t\u00e9rmico. Su excelente conservaci\u00f3n de calor asegura una cocci\u00f3n pareja, sin olores indeseados al calentarse.<\/p>\n<\/li>\n<li data-start=\"525\" data-end=\"742\">\n<p data-start=\"527\" data-end=\"742\"><strong data-start=\"527\" data-end=\"557\">Corteza perfecta, siempre:<\/strong>\u00a0Los microporos invisibles absorben el exceso de humedad, evitando que la pizza quede h\u00fameda. El resultado: una base crujiente y deliciosa, \u00a1como salida de un aut\u00e9ntico horno de le\u00f1a!<\/p>\n<\/li>\n<li data-start=\"743\" data-end=\"903\">\n<p data-start=\"745\" data-end=\"903\"><strong data-start=\"745\" data-end=\"774\">Alta resistencia t\u00e9rmica:<\/strong>\u00a0Importada y fabricada con materiales de primera, soporta temperaturas de hasta 1200 \u00b0C. Ideal para parrillas y hornos caseros.<\/p>\n<\/li>\n<li data-start=\"904\" data-end=\"1024\">\n<p data-start=\"906\" data-end=\"1024\"><strong data-start=\"906\" data-end=\"926\">Medidas ideales:<\/strong>\u00a033 x 37 x 1,2 cm y un peso de 1,5 kg. F\u00e1cil de manejar y colocar en cualquier horno o parrilla.<\/p>\n<\/li>\n<li data-start=\"1025\" data-end=\"1144\">\n<p data-start=\"1027\" data-end=\"1144\"><strong data-start=\"1027\" data-end=\"1054\">Recomendaciones de uso:<\/strong>\u00a0No usar jab\u00f3n ni detergente<\/p>\n<\/li>\n<\/ul>\n","protected":false},"excerpt":{"rendered":"<p>Descripci\u00f3n \u00a1Lleva tu pizza al siguiente nivel con nuestra\u00a0piedra de cordierita 100% natural! Calidad premium:\u00a0Fabricada con cordierita natural, sin\u00f3nimo de durabilidad, retenci\u00f3n de calor y resistencia al choque t\u00e9rmico. Su excelente conservaci\u00f3n de calor asegura una cocci\u00f3n pareja, sin olores indeseados al calentarse. Corteza perfecta, siempre:\u00a0Los microporos invisibles absorben el exceso de humedad, evitando que [&hellip;]<\/p>\n","protected":false},"featured_media":11513,"comment_status":"open","ping_status":"closed","template":"","meta":{"_et_pb_use_builder":"","_et_pb_old_content":"","_et_gb_content_width":"","om_disable_all_campaigns":false,"_monsterinsights_skip_tracking":false,"_monsterinsights_sitenote_active":false,"_monsterinsights_sitenote_note":"","_monsterinsights_sitenote_category":0,"_joinchat":[]},"product_brand":[],"product_cat":[702],"product_tag":[],"class_list":{"0":"post-11512","1":"product","2":"type-product","3":"status-publish","4":"has-post-thumbnail","6":"product_cat-herramientas-de-trabajo","8":"first","9":"outofstock","10":"taxable","11":"shipping-taxable","12":"purchasable","13":"product-type-simple"},"aioseo_notices":[],"_links":{"self":[{"href":"https:\/\/www.oestepizzaparty.com.ar\/index.php?rest_route=\/wp\/v2\/product\/11512","targetHints":{"allow":["GET"]}}],"collection":[{"href":"https:\/\/www.oestepizzaparty.com.ar\/index.php?rest_route=\/wp\/v2\/product"}],"about":[{"href":"https:\/\/www.oestepizzaparty.com.ar\/index.php?rest_route=\/wp\/v2\/types\/product"}],"replies":[{"embeddable":true,"href":"https:\/\/www.oestepizzaparty.com.ar\/index.php?rest_route=%2Fwp%2Fv2%2Fcomments&post=11512"}],"wp:featuredmedia":[{"embeddable":true,"href":"https:\/\/www.oestepizzaparty.com.ar\/index.php?rest_route=\/wp\/v2\/media\/11513"}],"wp:attachment":[{"href":"https:\/\/www.oestepizzaparty.com.ar\/index.php?rest_route=%2Fwp%2Fv2%2Fmedia&parent=11512"}],"wp:term":[{"taxonomy":"product_brand","embeddable":true,"href":"https:\/\/www.oestepizzaparty.com.ar\/index.php?rest_route=%2Fwp%2Fv2%2Fproduct_brand&post=11512"},{"taxonomy":"product_cat","embeddable":true,"href":"https:\/\/www.oestepizzaparty.com.ar\/index.php?rest_route=%2Fwp%2Fv2%2Fproduct_cat&post=11512"},{"taxonomy":"product_tag","embeddable":true,"href":"https:\/\/www.oestepizzaparty.com.ar\/index.php?rest_route=%2Fwp%2Fv2%2Fproduct_tag&post=11512"}],"curies":[{"name":"wp","href":"https:\/\/api.w.org\/{rel}","templated":true}]}}