{"id":11541,"date":"2023-04-20T09:14:39","date_gmt":"2023-04-20T12:14:39","guid":{"rendered":"https:\/\/www.oestepizzaparty.com.ar\/?post_type=product&#038;p=11541"},"modified":"2026-03-04T14:26:36","modified_gmt":"2026-03-04T17:26:36","slug":"ricota-cremosa-x-500gr-mozzari","status":"publish","type":"product","link":"https:\/\/www.oestepizzaparty.com.ar\/?product=ricota-cremosa-x-500gr-mozzari","title":{"rendered":"Ricota Cremosa x 500gr-Mozzari Venc"},"content":{"rendered":"<p><strong>Esta ricotta estilo de La Puglia, remite en todo concepto a la elaborada en la regi\u00f3n Italiana de La Puglia, es una ricotta muy blanca, poco granulosa, humeda, es untuosa y un sabor l\u00e1ctico a leche cocida. Viene en una forma troncoc\u00f3nica envuelta en papel parafinado y envasada al vacio en envase flexible. Es perfecta para elaborar platos y pastas rellenas, y excelente para todo lo dulce en pasteler\u00eda. Como postre cortada en rodajas y acompa\u00f1ada con salsa de frutos, mermeladas o frutos en almibar.<\/strong><\/p>\n","protected":false},"excerpt":{"rendered":"<p>Esta ricotta estilo de La Puglia, remite en todo concepto a la elaborada en la regi\u00f3n Italiana de La Puglia, es una ricotta muy blanca, poco granulosa, humeda, es untuosa y un sabor l\u00e1ctico a leche cocida. Viene en una forma troncoc\u00f3nica envuelta en papel parafinado y envasada al vacio en envase flexible. Es perfecta [&hellip;]<\/p>\n","protected":false},"featured_media":11542,"comment_status":"open","ping_status":"closed","template":"","meta":{"_et_pb_use_builder":"","_et_pb_old_content":"","_et_gb_content_width":"","om_disable_all_campaigns":false,"_monsterinsights_skip_tracking":false,"_monsterinsights_sitenote_active":false,"_monsterinsights_sitenote_note":"","_monsterinsights_sitenote_category":0,"_joinchat":[]},"product_brand":[],"product_cat":[759],"product_tag":[],"class_list":{"0":"post-11541","1":"product","2":"type-product","3":"status-publish","4":"has-post-thumbnail","6":"product_cat-lacteos-muzzarellas-mozzari","8":"first","9":"outofstock","10":"taxable","11":"shipping-taxable","12":"product-type-simple"},"aioseo_notices":[],"_links":{"self":[{"href":"https:\/\/www.oestepizzaparty.com.ar\/index.php?rest_route=\/wp\/v2\/product\/11541","targetHints":{"allow":["GET"]}}],"collection":[{"href":"https:\/\/www.oestepizzaparty.com.ar\/index.php?rest_route=\/wp\/v2\/product"}],"about":[{"href":"https:\/\/www.oestepizzaparty.com.ar\/index.php?rest_route=\/wp\/v2\/types\/product"}],"replies":[{"embeddable":true,"href":"https:\/\/www.oestepizzaparty.com.ar\/index.php?rest_route=%2Fwp%2Fv2%2Fcomments&post=11541"}],"wp:featuredmedia":[{"embeddable":true,"href":"https:\/\/www.oestepizzaparty.com.ar\/index.php?rest_route=\/wp\/v2\/media\/11542"}],"wp:attachment":[{"href":"https:\/\/www.oestepizzaparty.com.ar\/index.php?rest_route=%2Fwp%2Fv2%2Fmedia&parent=11541"}],"wp:term":[{"taxonomy":"product_brand","embeddable":true,"href":"https:\/\/www.oestepizzaparty.com.ar\/index.php?rest_route=%2Fwp%2Fv2%2Fproduct_brand&post=11541"},{"taxonomy":"product_cat","embeddable":true,"href":"https:\/\/www.oestepizzaparty.com.ar\/index.php?rest_route=%2Fwp%2Fv2%2Fproduct_cat&post=11541"},{"taxonomy":"product_tag","embeddable":true,"href":"https:\/\/www.oestepizzaparty.com.ar\/index.php?rest_route=%2Fwp%2Fv2%2Fproduct_tag&post=11541"}],"curies":[{"name":"wp","href":"https:\/\/api.w.org\/{rel}","templated":true}]}}