{"id":1157,"date":"2020-06-24T19:01:52","date_gmt":"2020-06-24T22:01:52","guid":{"rendered":"http:\/\/www.oestepizzaparty.com.ar\/?post_type=product&#038;p=1157"},"modified":"2026-02-22T07:18:07","modified_gmt":"2026-02-22T10:18:07","slug":"pasta-corta-clasica-divella-penne-ziti-rigati","status":"publish","type":"product","link":"https:\/\/www.oestepizzaparty.com.ar\/?product=pasta-corta-clasica-divella-penne-ziti-rigati","title":{"rendered":"Pasta corta cl\u00e1sica \u00abDivella\u00bb Penne Ziti Rigate"},"content":{"rendered":"<p class=\"p1\"><span class=\"s1\"><b>Pa\u00eds de origen:<\/b><\/span><span class=\"s2\">\u00a0<\/span><span class=\"s3\">Italia<\/span><\/p>\n<p class=\"p2\"><span class=\"s4\"><b>Regi\u00f3n:<\/b><\/span><span class=\"s2\">\u00a0<\/span><span class=\"s1\">Rutigliano<\/span><\/p>\n<p class=\"p2\"><span class=\"s4\"><b>Ingredientes:\u00a0<\/b><\/span><span class=\"s1\">harina de grano duro y agua<\/span><\/p>\n<p class=\"p3\"><span class=\"s4\"><b>Caracter\u00edsticas Organol\u00e9pticas:<\/b><\/span><span class=\"s5\">\u00a0pasta seca echa a base de trigo duro.<\/span><\/p>\n<p class=\"p2\"><span class=\"s4\"><b>Caracter\u00edsticas F\u00edsicas:\u00a0<\/b><\/span><span class=\"s1\">Pasta en forma de tubos duros<\/span><\/p>\n<p class=\"p2\"><span class=\"s4\"><b>Presentaci\u00f3n:\u00a0<\/b><\/span><span class=\"s1\">Se presenta en empaque de pl\u00e1stico de 500g<\/span><\/p>\n<p class=\"p2\"><span class=\"s4\"><b>Embalaje:\u00a0<\/b><\/span><span class=\"s1\">Empaque de pl\u00e1stico<\/span><\/p>\n<p class=\"p2\"><span class=\"s4\"><b>Vida de anaquel:\u00a0<\/b><\/span><span class=\"s1\">Superior a 3 meses<\/span><\/p>\n<p class=\"p2\"><span class=\"s4\"><b>Condiciones de Conservaci\u00f3n:\u00a0<\/b><\/span><span class=\"s1\">conservar en un lugar seco y fuera del alcance de la luz.<b><\/b><\/span><\/p>\n<p class=\"p1\"><span class=\"s1\"><b>M\u00e9todo de corte:\u00a0<\/b><\/span><span class=\"s3\">no es necesario<\/span><\/p>\n<p class=\"p2\"><span class=\"s4\"><b>Informaci\u00f3n adicional:\u00a0<\/b><\/span><span class=\"s1\">Denominaci\u00f3n de Origen\u00a0<\/span><\/p>\n<p class=\"p2\"><span class=\"s4\"><b>Procedimientos:<\/b><\/span>\u00a0<span class=\"s1\">La pasta fresca se prepara con harina de grano duro, huevo y agua como ingredientes b\u00e1sicos para la masa. De forma artesanal, la masa se estira con un rodillo al grosor deseado y despu\u00e9s se corta con un cuchillo en finas cuerdas, cuyo tama\u00f1o oscila entre los 25 y 50 cent\u00edmetros. Existen tambi\u00e9n m\u00e1quinas para hacer pasta que simplifican el proceso y permiten un corte m\u00e1s uniforme. Una vez se han obtenido los espaguetis, deben colgarse para su secado antes de ser cocinados. No obstante, los espaguetis que m\u00e1s se consumen son los industriales, manufacturados por extrusi\u00f3n.<\/span><\/p>\n<p class=\"p2\"><span class=\"s1\">Para cocinar espaguetis, ya sean frescos o industriales, se necesita hervir la pasta en una olla con agua salada hasta que se ablandan. La consistencia m\u00e1s habitual en Italia es al dente, es decir, que ofrece cierta resistencia al ser mordida. Bajo ninguna circunstancia debe echarse aceite al agua de cocer la pasta, siendo este un error habitual en muchos pa\u00edses.4<\/span><span class=\"s6\">\u200b<\/span><span class=\"s1\">5<\/span><span class=\"s6\">\u200b<\/span><\/p>\n<p class=\"p2\"><span class=\"s1\">Una vez ha terminado la cocci\u00f3n, se sacan los espaguetis con un colador (en italiano, scolapasta) o con pinzas para sacar el agua sobrante. Si se quiere echar salsa de tomate o cualquier otra variedad, es recomendable que los espaguetis se acaben en la sart\u00e9n y se salteen un par de minutos para ligar los sabores.5<\/span><span class=\"s6\">\u200b<\/span><span class=\"s1\">\u00a0Al emplatar, es habitual echar por encima un poco de queso rallado (parmesano, Pecorino Romano o Grana Padano).<\/span><\/p>\n<p class=\"p2\"><span class=\"s1\">Hay diferentes variedades de espaguetis en funci\u00f3n del di\u00e1metro. De menor a mayor se encuentran los spaghettini (n. 3), los spaghetti (n. 5) y los spaghettoni<\/span><\/p>\n<p class=\"p1\"><span class=\"s1\"><b>Informaci\u00f3n nutrimental, Ingesta diaria recomendada:<\/b><\/span><\/p>\n<table cellspacing=\"0\" cellpadding=\"0\">\n<tbody>\n<tr>\n<td colspan=\"2\" valign=\"top\">\n<p align=\"center\"><b>Tabla Nutrimental<\/b><\/p>\n<\/td>\n<\/tr>\n<tr>\n<td colspan=\"2\" valign=\"top\">\n<p align=\"center\"><b>Valor Medios por 100 g<\/b><\/p>\n<\/td>\n<\/tr>\n<tr>\n<td valign=\"top\"><b>Valor Energ\u00e9tico<\/b><\/td>\n<td valign=\"top\"><b>355 Kcal<\/b><\/td>\n<\/tr>\n<tr>\n<td valign=\"top\"><b>Prote\u00edna<\/b><\/td>\n<td valign=\"top\"><b>13 g<\/b><\/td>\n<\/tr>\n<tr>\n<td valign=\"top\"><b>Contenido Graso<\/b><\/td>\n<td valign=\"top\"><b>17<span class=\"Apple-converted-space\">\u00a0\u00a0<\/span>g<\/b><\/td>\n<\/tr>\n<tr>\n<td valign=\"top\"><b>Grasos saturados<\/b><\/td>\n<td valign=\"top\"><b>0.9 g<\/b><\/td>\n<\/tr>\n<tr>\n<td valign=\"top\"><b>Fibra<\/b><\/td>\n<td valign=\"top\"><b>0 g<\/b><\/td>\n<\/tr>\n<tr>\n<td valign=\"top\"><b>Sodio<\/b><\/td>\n<td valign=\"top\"><b>100 mg<\/b><\/td>\n<\/tr>\n<tr>\n<td valign=\"top\"><b>carbohidratos<\/b><\/td>\n<td valign=\"top\"><b>73 g<\/b><\/td>\n<\/tr>\n<tr>\n<td valign=\"top\"><b>Azucares<\/b><\/td>\n<td valign=\"top\"><b>3.9 g<\/b><\/td>\n<\/tr>\n<\/tbody>\n<\/table>\n","protected":false},"excerpt":{"rendered":"<p>Pa\u00eds de origen:\u00a0Italia Regi\u00f3n:\u00a0Rutigliano Ingredientes:\u00a0harina de grano duro y agua Caracter\u00edsticas Organol\u00e9pticas:\u00a0pasta seca echa a base de trigo duro. Caracter\u00edsticas F\u00edsicas:\u00a0Pasta en forma de tubos duros Presentaci\u00f3n:\u00a0Se presenta en empaque de pl\u00e1stico de 500g Embalaje:\u00a0Empaque de pl\u00e1stico Vida de anaquel:\u00a0Superior a 3 meses Condiciones de Conservaci\u00f3n:\u00a0conservar en un lugar seco y fuera del alcance de [&hellip;]<\/p>\n","protected":false},"featured_media":1158,"comment_status":"open","ping_status":"closed","template":"","meta":{"_et_pb_use_builder":"","_et_pb_old_content":"","_et_gb_content_width":"","om_disable_all_campaigns":false,"_monsterinsights_skip_tracking":false,"_monsterinsights_sitenote_active":false,"_monsterinsights_sitenote_note":"","_monsterinsights_sitenote_category":0,"_joinchat":[]},"product_brand":[],"product_cat":[711,708],"product_tag":[98,100,97,99],"class_list":{"0":"post-1157","1":"product","2":"type-product","3":"status-publish","4":"has-post-thumbnail","6":"product_cat-pastas-arroces-importados","7":"product_cat-productos-de-almacen","8":"product_tag-divella","9":"product_tag-gastronomia","10":"product_tag-pasta","11":"product_tag-pasta-italiana","13":"first","14":"outofstock","15":"taxable","16":"shipping-taxable","17":"product-type-simple"},"aioseo_notices":[],"_links":{"self":[{"href":"https:\/\/www.oestepizzaparty.com.ar\/index.php?rest_route=\/wp\/v2\/product\/1157","targetHints":{"allow":["GET"]}}],"collection":[{"href":"https:\/\/www.oestepizzaparty.com.ar\/index.php?rest_route=\/wp\/v2\/product"}],"about":[{"href":"https:\/\/www.oestepizzaparty.com.ar\/index.php?rest_route=\/wp\/v2\/types\/product"}],"replies":[{"embeddable":true,"href":"https:\/\/www.oestepizzaparty.com.ar\/index.php?rest_route=%2Fwp%2Fv2%2Fcomments&post=1157"}],"wp:featuredmedia":[{"embeddable":true,"href":"https:\/\/www.oestepizzaparty.com.ar\/index.php?rest_route=\/wp\/v2\/media\/1158"}],"wp:attachment":[{"href":"https:\/\/www.oestepizzaparty.com.ar\/index.php?rest_route=%2Fwp%2Fv2%2Fmedia&parent=1157"}],"wp:term":[{"taxonomy":"product_brand","embeddable":true,"href":"https:\/\/www.oestepizzaparty.com.ar\/index.php?rest_route=%2Fwp%2Fv2%2Fproduct_brand&post=1157"},{"taxonomy":"product_cat","embeddable":true,"href":"https:\/\/www.oestepizzaparty.com.ar\/index.php?rest_route=%2Fwp%2Fv2%2Fproduct_cat&post=1157"},{"taxonomy":"product_tag","embeddable":true,"href":"https:\/\/www.oestepizzaparty.com.ar\/index.php?rest_route=%2Fwp%2Fv2%2Fproduct_tag&post=1157"}],"curies":[{"name":"wp","href":"https:\/\/api.w.org\/{rel}","templated":true}]}}