{"id":11576,"date":"2023-04-21T16:44:04","date_gmt":"2023-04-21T19:44:04","guid":{"rendered":"https:\/\/www.oestepizzaparty.com.ar\/?post_type=product&#038;p=11576"},"modified":"2026-04-25T16:22:36","modified_gmt":"2026-04-25T19:22:36","slug":"harina-integral-de-espelta-roja-x-1kg","status":"publish","type":"product","link":"https:\/\/www.oestepizzaparty.com.ar\/?product=harina-integral-de-espelta-roja-x-1kg","title":{"rendered":"Harina Integral de Espelta Roja x 1kg-Mayal"},"content":{"rendered":"<p><strong>El Trigo Espelta es un cultivo ancestral, en toda la cuenca del Mediterr\u00e1neo, y su cultivo se extiende hacia el este de Europa por Francia, Alemania y los pa\u00edses del este europeo. Nunca ha sufrido ninguna alteracion genetica. Se diferencia del trigo com\u00fan por su c\u00e1scara, dif\u00edcil de eliminar otorgandole gran resistencia a plagas y enfermedades. Por eso es un cereal que suele venir de explotaciones agricolas peque\u00f1as y se adapta muy bien a la agricultura ecol\u00f3gica.<\/strong><\/p>\n","protected":false},"excerpt":{"rendered":"<p>El Trigo Espelta es un cultivo ancestral, en toda la cuenca del Mediterr\u00e1neo, y su cultivo se extiende hacia el este de Europa por Francia, Alemania y los pa\u00edses del este europeo. Nunca ha sufrido ninguna alteracion genetica. Se diferencia del trigo com\u00fan por su c\u00e1scara, dif\u00edcil de eliminar otorgandole gran resistencia a plagas y [&hellip;]<\/p>\n","protected":false},"featured_media":11578,"comment_status":"open","ping_status":"closed","template":"","meta":{"_et_pb_use_builder":"","_et_pb_old_content":"","_et_gb_content_width":"","om_disable_all_campaigns":false,"_monsterinsights_skip_tracking":false,"_monsterinsights_sitenote_active":false,"_monsterinsights_sitenote_note":"","_monsterinsights_sitenote_category":0,"_joinchat":[]},"product_brand":[],"product_cat":[769],"product_tag":[],"class_list":{"0":"post-11576","1":"product","2":"type-product","3":"status-publish","4":"has-post-thumbnail","6":"product_cat-molino-mayal-integrales-organicas","8":"first","9":"outofstock","10":"taxable","11":"shipping-taxable","12":"purchasable","13":"product-type-simple"},"aioseo_notices":[],"_links":{"self":[{"href":"https:\/\/www.oestepizzaparty.com.ar\/index.php?rest_route=\/wp\/v2\/product\/11576","targetHints":{"allow":["GET"]}}],"collection":[{"href":"https:\/\/www.oestepizzaparty.com.ar\/index.php?rest_route=\/wp\/v2\/product"}],"about":[{"href":"https:\/\/www.oestepizzaparty.com.ar\/index.php?rest_route=\/wp\/v2\/types\/product"}],"replies":[{"embeddable":true,"href":"https:\/\/www.oestepizzaparty.com.ar\/index.php?rest_route=%2Fwp%2Fv2%2Fcomments&post=11576"}],"wp:featuredmedia":[{"embeddable":true,"href":"https:\/\/www.oestepizzaparty.com.ar\/index.php?rest_route=\/wp\/v2\/media\/11578"}],"wp:attachment":[{"href":"https:\/\/www.oestepizzaparty.com.ar\/index.php?rest_route=%2Fwp%2Fv2%2Fmedia&parent=11576"}],"wp:term":[{"taxonomy":"product_brand","embeddable":true,"href":"https:\/\/www.oestepizzaparty.com.ar\/index.php?rest_route=%2Fwp%2Fv2%2Fproduct_brand&post=11576"},{"taxonomy":"product_cat","embeddable":true,"href":"https:\/\/www.oestepizzaparty.com.ar\/index.php?rest_route=%2Fwp%2Fv2%2Fproduct_cat&post=11576"},{"taxonomy":"product_tag","embeddable":true,"href":"https:\/\/www.oestepizzaparty.com.ar\/index.php?rest_route=%2Fwp%2Fv2%2Fproduct_tag&post=11576"}],"curies":[{"name":"wp","href":"https:\/\/api.w.org\/{rel}","templated":true}]}}