{"id":11734,"date":"2023-05-03T15:18:52","date_gmt":"2023-05-03T18:18:52","guid":{"rendered":"https:\/\/www.oestepizzaparty.com.ar\/?post_type=product&#038;p=11734"},"modified":"2025-12-19T09:40:37","modified_gmt":"2025-12-19T12:40:37","slug":"pala-de-carga-pro-redonda-aluminio-liviana-de-1mtro","status":"publish","type":"product","link":"https:\/\/www.oestepizzaparty.com.ar\/?product=pala-de-carga-pro-redonda-aluminio-liviana-de-1mtro","title":{"rendered":"PALA DE CARGA PRO REDONDA ALUMINIO LIVIANA DE 1MTRO"},"content":{"rendered":"<p>La pala de carga Capelli PRO es 100% de aluminio y cuenta con un tratamiento superficial grado alimenticio de \u00faltima tecnolog\u00eda que le aporta caracter\u00edsticas \u00fanicas.<\/p>\n<p>Estas palas se caracterizan por su ligero peso, lo que facilita la labor a la hora de hornear, sumado a su cabo de aluminio oval anodizado color Champagne que mejora el agarre y la hace m\u00e1s estable.<\/p>\n<p>Su forma circular facilita el moldeado de la forma de la pizza teniendo a la pala como gu\u00eda y sirve para manejar mejor la precisi\u00f3n de posicionamiento de la pizza dentro del horno.<\/p>\n<p>Cuenta con una forma caracter\u00edstica debido a su matrizado profundo, que le aporta una excelente resistencia y rigidez; y, adem\u00e1s, cuenta con perforaciones que ayudan a eliminar los excesos de harina y a quitar peso de la pala.<br \/>\nSu novedoso tratamiento superficial ?NON STICK?, evita que la masa se pegue a la pala, teniendo un perfecto y \u00e1gil deslizamiento sin el uso de harina extra y con esto reducir los tiempos de trabajo y una mejorar de la performance.<\/p>\n<p>El mango y la pala est\u00e1n unidos por superposici\u00f3n mediante remaches de aluminio color Oro, que la transforma en una herramienta con una impronta y belleza \u00fanica.<\/p>\n","protected":false},"excerpt":{"rendered":"<p>PALA DE CARGA ALUMINIO PERFORADO LIVIANA 1 mtrs DE MANGO<\/p>\n","protected":false},"featured_media":7903,"comment_status":"open","ping_status":"closed","template":"","meta":{"_et_pb_use_builder":"","_et_pb_old_content":"","_et_gb_content_width":"","om_disable_all_campaigns":false,"_monsterinsights_skip_tracking":false,"_monsterinsights_sitenote_active":false,"_monsterinsights_sitenote_note":"","_monsterinsights_sitenote_category":0,"_joinchat":[]},"product_brand":[],"product_cat":[702],"product_tag":[],"class_list":{"0":"post-11734","1":"product","2":"type-product","3":"status-publish","4":"has-post-thumbnail","6":"product_cat-herramientas-de-trabajo","8":"first","9":"instock","10":"taxable","11":"shipping-taxable","12":"purchasable","13":"product-type-simple"},"aioseo_notices":[],"_links":{"self":[{"href":"https:\/\/www.oestepizzaparty.com.ar\/index.php?rest_route=\/wp\/v2\/product\/11734","targetHints":{"allow":["GET"]}}],"collection":[{"href":"https:\/\/www.oestepizzaparty.com.ar\/index.php?rest_route=\/wp\/v2\/product"}],"about":[{"href":"https:\/\/www.oestepizzaparty.com.ar\/index.php?rest_route=\/wp\/v2\/types\/product"}],"replies":[{"embeddable":true,"href":"https:\/\/www.oestepizzaparty.com.ar\/index.php?rest_route=%2Fwp%2Fv2%2Fcomments&post=11734"}],"wp:featuredmedia":[{"embeddable":true,"href":"https:\/\/www.oestepizzaparty.com.ar\/index.php?rest_route=\/wp\/v2\/media\/7903"}],"wp:attachment":[{"href":"https:\/\/www.oestepizzaparty.com.ar\/index.php?rest_route=%2Fwp%2Fv2%2Fmedia&parent=11734"}],"wp:term":[{"taxonomy":"product_brand","embeddable":true,"href":"https:\/\/www.oestepizzaparty.com.ar\/index.php?rest_route=%2Fwp%2Fv2%2Fproduct_brand&post=11734"},{"taxonomy":"product_cat","embeddable":true,"href":"https:\/\/www.oestepizzaparty.com.ar\/index.php?rest_route=%2Fwp%2Fv2%2Fproduct_cat&post=11734"},{"taxonomy":"product_tag","embeddable":true,"href":"https:\/\/www.oestepizzaparty.com.ar\/index.php?rest_route=%2Fwp%2Fv2%2Fproduct_tag&post=11734"}],"curies":[{"name":"wp","href":"https:\/\/api.w.org\/{rel}","templated":true}]}}