{"id":11755,"date":"2023-05-03T17:40:36","date_gmt":"2023-05-03T20:40:36","guid":{"rendered":"https:\/\/www.oestepizzaparty.com.ar\/?post_type=product&#038;p=11755"},"modified":"2026-04-11T15:50:14","modified_gmt":"2026-04-11T18:50:14","slug":"pala-de-carga-eco-redonda-mano","status":"publish","type":"product","link":"https:\/\/www.oestepizzaparty.com.ar\/?product=pala-de-carga-eco-redonda-mano","title":{"rendered":"PALA DE CARGA ECO MANO"},"content":{"rendered":"<p><strong>L\u00ednea ECO:<\/strong><\/p>\n<p>La pala de carga Capelli ECO es 100% de aluminio y cuenta con un tratamiento superficial grado alimenticio de \u00faltima tecnolog\u00eda que le aporta caracter\u00edsticas \u00fanicas.<\/p>\n<p>Una herramienta econ\u00f3mica ideal para adentrarse en el mundo de la pizza.<\/p>\n<p>Su forma circular ayuda a poder tener una gu\u00eda para moldear perfectamente la forma de la pizza.<\/p>\n<p>Su tama\u00f1o est\u00e1 pensado para un uso dom\u00e9stico, pero para aquellos que quieran sentirse como un maestro pizzaiolo en casa.<\/p>\n<p>Esta pala se caracteriza por su ligero peso, lo que facilita la labor a la hora de hornear, sumado a su cabo de aluminio oval anodizado color Champagne que mejora el agarre y la hace m\u00e1s estable.<\/p>\n<p>Cuenta con una forma caracter\u00edstica debido a su matrizado profundo, que le aporta una excelente resistencia y rigidez.<\/p>\n<p>Su novedoso tratamiento superficial \u201cNON STICK\u201d, evita que la masa se pegue a la pala, teniendo un perfecto y \u00e1gil deslizamiento sin el uso de harina extra.<\/p>\n<p>El mango y la pala est\u00e1n unidos por superposici\u00f3n mediante remaches de aluminio naturales, que la transforma en una herramienta con una impronta y belleza \u00fanica.<\/p>\n<p>Los desarrollos de Capelli Forno en este producto aportan durabilidad, resistencia, buena higiene y nula oxidaci\u00f3n en la pala.<\/p>\n<p>* El tratamiento del aluminio puede sufrir rayas est\u00e9ticas que no afectan a su funcionamiento durante usos intensivos si no se respetan las indicaciones brindadas por el proveedor.<\/p>\n","protected":false},"excerpt":{"rendered":"<p>L\u00ednea ECO: La pala de carga Capelli ECO es 100% de aluminio y cuenta con un tratamiento superficial grado alimenticio de \u00faltima tecnolog\u00eda que le aporta caracter\u00edsticas \u00fanicas. Una herramienta econ\u00f3mica ideal para adentrarse en el mundo de la pizza. Su forma circular ayuda a poder tener una gu\u00eda para moldear perfectamente la forma de [&hellip;]<\/p>\n","protected":false},"featured_media":11756,"comment_status":"open","ping_status":"closed","template":"","meta":{"_et_pb_use_builder":"","_et_pb_old_content":"","_et_gb_content_width":"","om_disable_all_campaigns":false,"_monsterinsights_skip_tracking":false,"_monsterinsights_sitenote_active":false,"_monsterinsights_sitenote_note":"","_monsterinsights_sitenote_category":0,"_joinchat":[]},"product_brand":[],"product_cat":[702],"product_tag":[],"class_list":{"0":"post-11755","1":"product","2":"type-product","3":"status-publish","4":"has-post-thumbnail","6":"product_cat-herramientas-de-trabajo","8":"first","9":"outofstock","10":"taxable","11":"shipping-taxable","12":"purchasable","13":"product-type-simple"},"aioseo_notices":[],"_links":{"self":[{"href":"https:\/\/www.oestepizzaparty.com.ar\/index.php?rest_route=\/wp\/v2\/product\/11755","targetHints":{"allow":["GET"]}}],"collection":[{"href":"https:\/\/www.oestepizzaparty.com.ar\/index.php?rest_route=\/wp\/v2\/product"}],"about":[{"href":"https:\/\/www.oestepizzaparty.com.ar\/index.php?rest_route=\/wp\/v2\/types\/product"}],"replies":[{"embeddable":true,"href":"https:\/\/www.oestepizzaparty.com.ar\/index.php?rest_route=%2Fwp%2Fv2%2Fcomments&post=11755"}],"wp:featuredmedia":[{"embeddable":true,"href":"https:\/\/www.oestepizzaparty.com.ar\/index.php?rest_route=\/wp\/v2\/media\/11756"}],"wp:attachment":[{"href":"https:\/\/www.oestepizzaparty.com.ar\/index.php?rest_route=%2Fwp%2Fv2%2Fmedia&parent=11755"}],"wp:term":[{"taxonomy":"product_brand","embeddable":true,"href":"https:\/\/www.oestepizzaparty.com.ar\/index.php?rest_route=%2Fwp%2Fv2%2Fproduct_brand&post=11755"},{"taxonomy":"product_cat","embeddable":true,"href":"https:\/\/www.oestepizzaparty.com.ar\/index.php?rest_route=%2Fwp%2Fv2%2Fproduct_cat&post=11755"},{"taxonomy":"product_tag","embeddable":true,"href":"https:\/\/www.oestepizzaparty.com.ar\/index.php?rest_route=%2Fwp%2Fv2%2Fproduct_tag&post=11755"}],"curies":[{"name":"wp","href":"https:\/\/api.w.org\/{rel}","templated":true}]}}