{"id":11801,"date":"2023-05-09T14:16:49","date_gmt":"2023-05-09T17:16:49","guid":{"rendered":"https:\/\/www.oestepizzaparty.com.ar\/?post_type=product&#038;p=11801"},"modified":"2026-03-07T15:19:42","modified_gmt":"2026-03-07T18:19:42","slug":"pala-para-pizza-romana","status":"publish","type":"product","link":"https:\/\/www.oestepizzaparty.com.ar\/?product=pala-para-pizza-romana","title":{"rendered":"PALA PARA PIZZA ROMANA"},"content":{"rendered":"<p><strong>L\u00ednea ROMANA:<\/strong><\/p>\n<p>La pala de carga Capelli ROMANA es 100% de aluminio y cuenta con un tratamiento superficial grado alimenticio de \u00faltima tecnolog\u00eda que le aporta caracter\u00edsticas \u00fanicas.<\/p>\n<p>Esta herramienta es tu mejor aliado para hacer Pizza Romana alla Pala o pizza por metro.<\/p>\n<p>Su ligero peso hace que sea super maniobrable y, adem\u00e1s, cuenta con perforaciones que ayudan a eliminar los excesos de harina.<\/p>\n<p>Rigida y robusta para usos exigentes.<\/p>\n<p>Su novedoso tratamiento superficial \u201cNON STICK\u201d, evita que la masa se pegue a la pala, teniendo un perfecto y \u00e1gil deslizamiento sin el uso de harina extra y con esto reducir los tiempos de trabajo y una mejorar de la performance.<\/p>\n<p>Los desarrollos de Capelli Forno en este producto aportan durabilidad, resistencia, buena higiene y nula oxidaci\u00f3n en la pala.<\/p>\n<p>* El tratamiento del aluminio puede sufrir rallas est\u00e9ticas que no afectan a su funcionamiento durante usos intensivos si no se respetan las indicaciones brindadas por el proveedor.<\/p>\n<p>Su tama\u00f1o es de 62cm de largo por 36cm de ancho.<\/p>\n","protected":false},"excerpt":{"rendered":"<p>L\u00ednea ROMANA: La pala de carga Capelli ROMANA es 100% de aluminio y cuenta con un tratamiento superficial grado alimenticio de \u00faltima tecnolog\u00eda que le aporta caracter\u00edsticas \u00fanicas. Esta herramienta es tu mejor aliado para hacer Pizza Romana alla Pala o pizza por metro. Su ligero peso hace que sea super maniobrable y, adem\u00e1s, cuenta [&hellip;]<\/p>\n","protected":false},"featured_media":11802,"comment_status":"open","ping_status":"closed","template":"","meta":{"_et_pb_use_builder":"","_et_pb_old_content":"","_et_gb_content_width":"","om_disable_all_campaigns":false,"_monsterinsights_skip_tracking":false,"_monsterinsights_sitenote_active":false,"_monsterinsights_sitenote_note":"","_monsterinsights_sitenote_category":0,"_joinchat":[]},"product_brand":[],"product_cat":[702],"product_tag":[],"class_list":{"0":"post-11801","1":"product","2":"type-product","3":"status-publish","4":"has-post-thumbnail","6":"product_cat-herramientas-de-trabajo","8":"first","9":"instock","10":"taxable","11":"shipping-taxable","12":"purchasable","13":"product-type-simple"},"aioseo_notices":[],"_links":{"self":[{"href":"https:\/\/www.oestepizzaparty.com.ar\/index.php?rest_route=\/wp\/v2\/product\/11801","targetHints":{"allow":["GET"]}}],"collection":[{"href":"https:\/\/www.oestepizzaparty.com.ar\/index.php?rest_route=\/wp\/v2\/product"}],"about":[{"href":"https:\/\/www.oestepizzaparty.com.ar\/index.php?rest_route=\/wp\/v2\/types\/product"}],"replies":[{"embeddable":true,"href":"https:\/\/www.oestepizzaparty.com.ar\/index.php?rest_route=%2Fwp%2Fv2%2Fcomments&post=11801"}],"wp:featuredmedia":[{"embeddable":true,"href":"https:\/\/www.oestepizzaparty.com.ar\/index.php?rest_route=\/wp\/v2\/media\/11802"}],"wp:attachment":[{"href":"https:\/\/www.oestepizzaparty.com.ar\/index.php?rest_route=%2Fwp%2Fv2%2Fmedia&parent=11801"}],"wp:term":[{"taxonomy":"product_brand","embeddable":true,"href":"https:\/\/www.oestepizzaparty.com.ar\/index.php?rest_route=%2Fwp%2Fv2%2Fproduct_brand&post=11801"},{"taxonomy":"product_cat","embeddable":true,"href":"https:\/\/www.oestepizzaparty.com.ar\/index.php?rest_route=%2Fwp%2Fv2%2Fproduct_cat&post=11801"},{"taxonomy":"product_tag","embeddable":true,"href":"https:\/\/www.oestepizzaparty.com.ar\/index.php?rest_route=%2Fwp%2Fv2%2Fproduct_tag&post=11801"}],"curies":[{"name":"wp","href":"https:\/\/api.w.org\/{rel}","templated":true}]}}