{"id":11834,"date":"2023-05-11T15:04:12","date_gmt":"2023-05-11T18:04:12","guid":{"rendered":"https:\/\/www.oestepizzaparty.com.ar\/?post_type=product&#038;p=11834"},"modified":"2026-04-15T10:46:28","modified_gmt":"2026-04-15T13:46:28","slug":"azucar-fantasia-negra-x-250gr-el-castillo","status":"publish","type":"product","link":"https:\/\/www.oestepizzaparty.com.ar\/?product=azucar-fantasia-negra-x-250gr-el-castillo","title":{"rendered":"AZUCAR FANTASIA NEGRA X 250Gr-EL CASTILLO"},"content":{"rendered":"<p><strong>A diferencia del az\u00facar blanco, el az\u00facar integral pr\u00e1cticamente no se refina y as\u00ed logra mantener sus cualidades nutricionales. Tiene un sabor muy agradable y su consistencia es melosa y pegajosa debido a su alto contenido de miel de ca\u00f1a.<\/strong><\/p>\n","protected":false},"excerpt":{"rendered":"<p>A diferencia del az\u00facar blanco, el az\u00facar integral pr\u00e1cticamente no se refina y as\u00ed logra mantener sus cualidades nutricionales. Tiene un sabor muy agradable y su consistencia es melosa y pegajosa debido a su alto contenido de miel de ca\u00f1a.<\/p>\n","protected":false},"featured_media":11835,"comment_status":"open","ping_status":"closed","template":"","meta":{"_et_pb_use_builder":"","_et_pb_old_content":"","_et_gb_content_width":"","om_disable_all_campaigns":false,"_monsterinsights_skip_tracking":false,"_monsterinsights_sitenote_active":false,"_monsterinsights_sitenote_note":"","_monsterinsights_sitenote_category":0,"_joinchat":[]},"product_brand":[],"product_cat":[748],"product_tag":[],"class_list":{"0":"post-11834","1":"product","2":"type-product","3":"status-publish","4":"has-post-thumbnail","6":"product_cat-azucares-varios","8":"first","9":"outofstock","10":"taxable","11":"shipping-taxable","12":"product-type-simple"},"aioseo_notices":[],"_links":{"self":[{"href":"https:\/\/www.oestepizzaparty.com.ar\/index.php?rest_route=\/wp\/v2\/product\/11834","targetHints":{"allow":["GET"]}}],"collection":[{"href":"https:\/\/www.oestepizzaparty.com.ar\/index.php?rest_route=\/wp\/v2\/product"}],"about":[{"href":"https:\/\/www.oestepizzaparty.com.ar\/index.php?rest_route=\/wp\/v2\/types\/product"}],"replies":[{"embeddable":true,"href":"https:\/\/www.oestepizzaparty.com.ar\/index.php?rest_route=%2Fwp%2Fv2%2Fcomments&post=11834"}],"wp:featuredmedia":[{"embeddable":true,"href":"https:\/\/www.oestepizzaparty.com.ar\/index.php?rest_route=\/wp\/v2\/media\/11835"}],"wp:attachment":[{"href":"https:\/\/www.oestepizzaparty.com.ar\/index.php?rest_route=%2Fwp%2Fv2%2Fmedia&parent=11834"}],"wp:term":[{"taxonomy":"product_brand","embeddable":true,"href":"https:\/\/www.oestepizzaparty.com.ar\/index.php?rest_route=%2Fwp%2Fv2%2Fproduct_brand&post=11834"},{"taxonomy":"product_cat","embeddable":true,"href":"https:\/\/www.oestepizzaparty.com.ar\/index.php?rest_route=%2Fwp%2Fv2%2Fproduct_cat&post=11834"},{"taxonomy":"product_tag","embeddable":true,"href":"https:\/\/www.oestepizzaparty.com.ar\/index.php?rest_route=%2Fwp%2Fv2%2Fproduct_tag&post=11834"}],"curies":[{"name":"wp","href":"https:\/\/api.w.org\/{rel}","templated":true}]}}