{"id":11838,"date":"2023-05-11T15:24:29","date_gmt":"2023-05-11T18:24:29","guid":{"rendered":"https:\/\/www.oestepizzaparty.com.ar\/?post_type=product&#038;p=11838"},"modified":"2026-01-19T11:22:33","modified_gmt":"2026-01-19T14:22:33","slug":"azucar-organica-x-250gr-el-castillo","status":"publish","type":"product","link":"https:\/\/www.oestepizzaparty.com.ar\/?product=azucar-organica-x-250gr-el-castillo","title":{"rendered":"AZUCAR ORGANICA X 250Gr-EL CASTILLO"},"content":{"rendered":"<p><strong>\u00a0El\u00a0az\u00facar Rubia\u00a0es la misma sacarosa (glucosa + fructosa) obtenida de la ca\u00f1a de\u00a0az\u00facar, que se caracteriza por conservar la melaza (jugo de la ca\u00f1a) la que le entrega ese caracter\u00edstico color dorado y un dulzor con suave sensaci\u00f3n a caramelo.<\/strong><\/p>\n","protected":false},"excerpt":{"rendered":"<p>\u00a0El\u00a0az\u00facar Rubia\u00a0es la misma sacarosa (glucosa + fructosa) obtenida de la ca\u00f1a de\u00a0az\u00facar, que se caracteriza por conservar la melaza (jugo de la ca\u00f1a) la que le entrega ese caracter\u00edstico color dorado y un dulzor con suave sensaci\u00f3n a caramelo.<\/p>\n","protected":false},"featured_media":11839,"comment_status":"open","ping_status":"closed","template":"","meta":{"_et_pb_use_builder":"","_et_pb_old_content":"","_et_gb_content_width":"","om_disable_all_campaigns":false,"_monsterinsights_skip_tracking":false,"_monsterinsights_sitenote_active":false,"_monsterinsights_sitenote_note":"","_monsterinsights_sitenote_category":0,"_joinchat":[]},"product_brand":[],"product_cat":[748],"product_tag":[],"class_list":{"0":"post-11838","1":"product","2":"type-product","3":"status-publish","4":"has-post-thumbnail","6":"product_cat-azucares-varios","8":"first","9":"instock","10":"taxable","11":"shipping-taxable","12":"purchasable","13":"product-type-simple"},"aioseo_notices":[],"_links":{"self":[{"href":"https:\/\/www.oestepizzaparty.com.ar\/index.php?rest_route=\/wp\/v2\/product\/11838","targetHints":{"allow":["GET"]}}],"collection":[{"href":"https:\/\/www.oestepizzaparty.com.ar\/index.php?rest_route=\/wp\/v2\/product"}],"about":[{"href":"https:\/\/www.oestepizzaparty.com.ar\/index.php?rest_route=\/wp\/v2\/types\/product"}],"replies":[{"embeddable":true,"href":"https:\/\/www.oestepizzaparty.com.ar\/index.php?rest_route=%2Fwp%2Fv2%2Fcomments&post=11838"}],"wp:featuredmedia":[{"embeddable":true,"href":"https:\/\/www.oestepizzaparty.com.ar\/index.php?rest_route=\/wp\/v2\/media\/11839"}],"wp:attachment":[{"href":"https:\/\/www.oestepizzaparty.com.ar\/index.php?rest_route=%2Fwp%2Fv2%2Fmedia&parent=11838"}],"wp:term":[{"taxonomy":"product_brand","embeddable":true,"href":"https:\/\/www.oestepizzaparty.com.ar\/index.php?rest_route=%2Fwp%2Fv2%2Fproduct_brand&post=11838"},{"taxonomy":"product_cat","embeddable":true,"href":"https:\/\/www.oestepizzaparty.com.ar\/index.php?rest_route=%2Fwp%2Fv2%2Fproduct_cat&post=11838"},{"taxonomy":"product_tag","embeddable":true,"href":"https:\/\/www.oestepizzaparty.com.ar\/index.php?rest_route=%2Fwp%2Fv2%2Fproduct_tag&post=11838"}],"curies":[{"name":"wp","href":"https:\/\/api.w.org\/{rel}","templated":true}]}}