{"id":11965,"date":"2023-05-17T10:33:16","date_gmt":"2023-05-17T13:33:16","guid":{"rendered":"https:\/\/www.oestepizzaparty.com.ar\/?post_type=product&#038;p=11965"},"modified":"2026-02-12T08:23:23","modified_gmt":"2026-02-12T11:23:23","slug":"vainilla-en-chaucha-el-castillo","status":"publish","type":"product","link":"https:\/\/www.oestepizzaparty.com.ar\/?product=vainilla-en-chaucha-el-castillo","title":{"rendered":"Vainilla en Chaucha 100% Natural-El castillo TUBO SKIN"},"content":{"rendered":"<h2 id=\"cke_1_anchor_4\">LA VAINILLA EN LA COCINA<\/h2>\n<p>Para conseguir la m\u00e1xima calidad arom\u00e1tica, elige vainas enteras curadas de vainilla, tambi\u00e9n conocidas como vainillas en rama, si es posible de producci\u00f3n ecol\u00f3gica.<strong> La vainilla de m\u00e1s calidad se comercializa entera y en tubos de vidrio.<\/strong><\/p>\n<h3 id=\"cke_1_anchor_5\">C\u00d3MO ABRIR UNA VAINA DE VAINILLA<\/h3>\n<p>Se pone la vaina sobre una tabla de madera y con la punta de un cuchillo afilado se hace un corte superficial a lo largo. Luego se abre la vaina con los dedos, con cuidado.<\/p>\n<p>Pasamos una punta roma por el interior de la vaina para sacar el material resinoso con las semillas, raspando ligeramente la pared interior de la vaina.<\/p>\n<p>Basta una peque\u00f1a cantidad para conseguir que una receta adquiera su t\u00edpico aroma, \u00absensaci\u00f3n de profundidad, calor, rotundidad y persistencia\u00bb, tal como describe Harold McGee en su obra La cocina y los alimentos.<\/p>\n<p>En las preparaciones calientes se a\u00f1ade al final.<\/p>\n<p>La vainas vac\u00edas se pueden aprovechar para hacer az\u00facar avainillado o en recetas.<\/p>\n","protected":false},"excerpt":{"rendered":"<p>LA VAINILLA EN LA COCINA Para conseguir la m\u00e1xima calidad arom\u00e1tica, elige vainas enteras curadas de vainilla, tambi\u00e9n conocidas como vainillas en rama, si es posible de producci\u00f3n ecol\u00f3gica. La vainilla de m\u00e1s calidad se comercializa entera y en tubos de vidrio. C\u00d3MO ABRIR UNA VAINA DE VAINILLA Se pone la vaina sobre una tabla [&hellip;]<\/p>\n","protected":false},"featured_media":11966,"comment_status":"open","ping_status":"closed","template":"","meta":{"_et_pb_use_builder":"","_et_pb_old_content":"","_et_gb_content_width":"","om_disable_all_campaigns":false,"_monsterinsights_skip_tracking":false,"_monsterinsights_sitenote_active":false,"_monsterinsights_sitenote_note":"","_monsterinsights_sitenote_category":0,"_joinchat":[]},"product_brand":[],"product_cat":[764],"product_tag":[],"class_list":{"0":"post-11965","1":"product","2":"type-product","3":"status-publish","4":"has-post-thumbnail","6":"product_cat-esencias-y-extractos","8":"first","9":"outofstock","10":"taxable","11":"shipping-taxable","12":"purchasable","13":"product-type-simple"},"aioseo_notices":[],"_links":{"self":[{"href":"https:\/\/www.oestepizzaparty.com.ar\/index.php?rest_route=\/wp\/v2\/product\/11965","targetHints":{"allow":["GET"]}}],"collection":[{"href":"https:\/\/www.oestepizzaparty.com.ar\/index.php?rest_route=\/wp\/v2\/product"}],"about":[{"href":"https:\/\/www.oestepizzaparty.com.ar\/index.php?rest_route=\/wp\/v2\/types\/product"}],"replies":[{"embeddable":true,"href":"https:\/\/www.oestepizzaparty.com.ar\/index.php?rest_route=%2Fwp%2Fv2%2Fcomments&post=11965"}],"wp:featuredmedia":[{"embeddable":true,"href":"https:\/\/www.oestepizzaparty.com.ar\/index.php?rest_route=\/wp\/v2\/media\/11966"}],"wp:attachment":[{"href":"https:\/\/www.oestepizzaparty.com.ar\/index.php?rest_route=%2Fwp%2Fv2%2Fmedia&parent=11965"}],"wp:term":[{"taxonomy":"product_brand","embeddable":true,"href":"https:\/\/www.oestepizzaparty.com.ar\/index.php?rest_route=%2Fwp%2Fv2%2Fproduct_brand&post=11965"},{"taxonomy":"product_cat","embeddable":true,"href":"https:\/\/www.oestepizzaparty.com.ar\/index.php?rest_route=%2Fwp%2Fv2%2Fproduct_cat&post=11965"},{"taxonomy":"product_tag","embeddable":true,"href":"https:\/\/www.oestepizzaparty.com.ar\/index.php?rest_route=%2Fwp%2Fv2%2Fproduct_tag&post=11965"}],"curies":[{"name":"wp","href":"https:\/\/api.w.org\/{rel}","templated":true}]}}