{"id":12072,"date":"2023-05-31T13:58:46","date_gmt":"2023-05-31T16:58:46","guid":{"rendered":"https:\/\/www.oestepizzaparty.com.ar\/?post_type=product&#038;p=12072"},"modified":"2026-03-18T15:30:12","modified_gmt":"2026-03-18T18:30:12","slug":"cucharon-de-acero-inoxidable-para-tomate-gi-metal","status":"publish","type":"product","link":"https:\/\/www.oestepizzaparty.com.ar\/?product=cucharon-de-acero-inoxidable-para-tomate-gi-metal","title":{"rendered":"Cucharon de Acero Inoxidable para Tomate- Gi Metal"},"content":{"rendered":"<p><strong>Cuchar\u00f3n inoxidable especial de tipo tradicional para el condimento de la pizza con tomate, capacidad 53 gramos.\u00a0La parte inferior del cuchar\u00f3n est\u00e1 dise\u00f1ada para facilitar el t\u00edpico movimiento circular de la pizzer\u00eda.<\/strong><\/p>\n<div class=\"provenance-certifications-row-logo\"><img decoding=\"async\" id=\"provenance-certification-made_in_italy-logo\" src=\"https:\/\/m.media-amazon.com\/images\/I\/11lsIObTXaL._AC_UL34_SS42_.png\" alt=\"\" \/><\/div>\n<div class=\"provenance-certifications-row-description\">\n<div class=\"a-section a-spacing-micro\">Made in Italy<\/div>\n<\/div>\n","protected":false},"excerpt":{"rendered":"<p>Cuchar\u00f3n inoxidable especial de tipo tradicional para el condimento de la pizza con tomate, capacidad 53 gramos.\u00a0La parte inferior del cuchar\u00f3n est\u00e1 dise\u00f1ada para facilitar el t\u00edpico movimiento circular de la pizzer\u00eda. Made in Italy<\/p>\n","protected":false},"featured_media":12073,"comment_status":"open","ping_status":"closed","template":"","meta":{"_et_pb_use_builder":"","_et_pb_old_content":"","_et_gb_content_width":"","om_disable_all_campaigns":false,"_monsterinsights_skip_tracking":false,"_monsterinsights_sitenote_active":false,"_monsterinsights_sitenote_note":"","_monsterinsights_sitenote_category":0,"_joinchat":[]},"product_brand":[],"product_cat":[702],"product_tag":[],"class_list":{"0":"post-12072","1":"product","2":"type-product","3":"status-publish","4":"has-post-thumbnail","6":"product_cat-herramientas-de-trabajo","8":"first","9":"instock","10":"taxable","11":"shipping-taxable","12":"purchasable","13":"product-type-simple"},"aioseo_notices":[],"_links":{"self":[{"href":"https:\/\/www.oestepizzaparty.com.ar\/index.php?rest_route=\/wp\/v2\/product\/12072","targetHints":{"allow":["GET"]}}],"collection":[{"href":"https:\/\/www.oestepizzaparty.com.ar\/index.php?rest_route=\/wp\/v2\/product"}],"about":[{"href":"https:\/\/www.oestepizzaparty.com.ar\/index.php?rest_route=\/wp\/v2\/types\/product"}],"replies":[{"embeddable":true,"href":"https:\/\/www.oestepizzaparty.com.ar\/index.php?rest_route=%2Fwp%2Fv2%2Fcomments&post=12072"}],"wp:featuredmedia":[{"embeddable":true,"href":"https:\/\/www.oestepizzaparty.com.ar\/index.php?rest_route=\/wp\/v2\/media\/12073"}],"wp:attachment":[{"href":"https:\/\/www.oestepizzaparty.com.ar\/index.php?rest_route=%2Fwp%2Fv2%2Fmedia&parent=12072"}],"wp:term":[{"taxonomy":"product_brand","embeddable":true,"href":"https:\/\/www.oestepizzaparty.com.ar\/index.php?rest_route=%2Fwp%2Fv2%2Fproduct_brand&post=12072"},{"taxonomy":"product_cat","embeddable":true,"href":"https:\/\/www.oestepizzaparty.com.ar\/index.php?rest_route=%2Fwp%2Fv2%2Fproduct_cat&post=12072"},{"taxonomy":"product_tag","embeddable":true,"href":"https:\/\/www.oestepizzaparty.com.ar\/index.php?rest_route=%2Fwp%2Fv2%2Fproduct_tag&post=12072"}],"curies":[{"name":"wp","href":"https:\/\/api.w.org\/{rel}","templated":true}]}}