{"id":12076,"date":"2023-05-31T15:38:15","date_gmt":"2023-05-31T18:38:15","guid":{"rendered":"https:\/\/www.oestepizzaparty.com.ar\/?post_type=product&#038;p=12076"},"modified":"2026-04-29T12:08:25","modified_gmt":"2026-04-29T15:08:25","slug":"espatula-de-polimero-flexible-gi-metal","status":"publish","type":"product","link":"https:\/\/www.oestepizzaparty.com.ar\/?product=espatula-de-polimero-flexible-gi-metal","title":{"rendered":"Esp\u00e1tula de Plastico Rigida -GiMetal 10cm"},"content":{"rendered":"<p>Esp\u00e1tula de pol\u00edmero r\u00edgido, dimensiones 10&#215;23,5cm.<\/p>\n<p>Esp\u00e1tula para pizza, incre\u00edblemente s\u00f3lida y r\u00edgida, perfecta para pasar f\u00e1cilmente por debajo de las bolas de masa y levantarlas. El material pl\u00e1stico tambi\u00e9n lo hace a prueba de golpes, sin miedo a las ca\u00eddas accidentales; a prueba de ara\u00f1azos, si se utiliza para raspar las cajas de pizza no las marcar\u00e1 ni las rayar\u00e1, manteni\u00e9ndolas siempre intactas sin molestas ondulaciones que a la larga podr\u00edan arruinar incluso las bolas de masa. La superficie de la cuchilla es lisa, lo que facilita el deslizamiento de la herramienta y reduce la fricci\u00f3n con la masa.<\/p>\n<p>Moldeada en un solo bloque, la hoja est\u00e1 unida al mango por una base cil\u00edndrica muy s\u00f3lida para evitar su rotura, de la que parten las nervaduras que recorren la parte triangular. En t\u00e9rminos de resistencia, esta esp\u00e1tula no tiene nada que envidiar al mismo modelo en acero de Gi.Metal.<\/p>\n<p>El pol\u00edmero especial utilizado para la esp\u00e1tula tambi\u00e9n es resistente al calor, si se deja cerca de una placa caliente o en el horno puede resistir hasta 200\u00b0C.<\/p>\n<p>El mango es ergon\u00f3mico para mejorar el agarre y tiene un orificio que permite fijarlo y guardarlo sin desperdiciar espacio.<\/p>\n","protected":false},"excerpt":{"rendered":"<p>Esp\u00e1tula de pol\u00edmero r\u00edgido, dimensiones 10&#215;23,5cm. Esp\u00e1tula para pizza, incre\u00edblemente s\u00f3lida y r\u00edgida, perfecta para pasar f\u00e1cilmente por debajo de las bolas de masa y levantarlas. El material pl\u00e1stico tambi\u00e9n lo hace a prueba de golpes, sin miedo a las ca\u00eddas accidentales; a prueba de ara\u00f1azos, si se utiliza para raspar las cajas de pizza [&hellip;]<\/p>\n","protected":false},"featured_media":16935,"comment_status":"open","ping_status":"closed","template":"","meta":{"_et_pb_use_builder":"","_et_pb_old_content":"","_et_gb_content_width":"","om_disable_all_campaigns":false,"_monsterinsights_skip_tracking":false,"_monsterinsights_sitenote_active":false,"_monsterinsights_sitenote_note":"","_monsterinsights_sitenote_category":0,"_joinchat":[]},"product_brand":[],"product_cat":[702],"product_tag":[],"class_list":{"0":"post-12076","1":"product","2":"type-product","3":"status-publish","4":"has-post-thumbnail","6":"product_cat-herramientas-de-trabajo","8":"first","9":"instock","10":"taxable","11":"shipping-taxable","12":"purchasable","13":"product-type-simple"},"aioseo_notices":[],"_links":{"self":[{"href":"https:\/\/www.oestepizzaparty.com.ar\/index.php?rest_route=\/wp\/v2\/product\/12076","targetHints":{"allow":["GET"]}}],"collection":[{"href":"https:\/\/www.oestepizzaparty.com.ar\/index.php?rest_route=\/wp\/v2\/product"}],"about":[{"href":"https:\/\/www.oestepizzaparty.com.ar\/index.php?rest_route=\/wp\/v2\/types\/product"}],"replies":[{"embeddable":true,"href":"https:\/\/www.oestepizzaparty.com.ar\/index.php?rest_route=%2Fwp%2Fv2%2Fcomments&post=12076"}],"wp:featuredmedia":[{"embeddable":true,"href":"https:\/\/www.oestepizzaparty.com.ar\/index.php?rest_route=\/wp\/v2\/media\/16935"}],"wp:attachment":[{"href":"https:\/\/www.oestepizzaparty.com.ar\/index.php?rest_route=%2Fwp%2Fv2%2Fmedia&parent=12076"}],"wp:term":[{"taxonomy":"product_brand","embeddable":true,"href":"https:\/\/www.oestepizzaparty.com.ar\/index.php?rest_route=%2Fwp%2Fv2%2Fproduct_brand&post=12076"},{"taxonomy":"product_cat","embeddable":true,"href":"https:\/\/www.oestepizzaparty.com.ar\/index.php?rest_route=%2Fwp%2Fv2%2Fproduct_cat&post=12076"},{"taxonomy":"product_tag","embeddable":true,"href":"https:\/\/www.oestepizzaparty.com.ar\/index.php?rest_route=%2Fwp%2Fv2%2Fproduct_tag&post=12076"}],"curies":[{"name":"wp","href":"https:\/\/api.w.org\/{rel}","templated":true}]}}