{"id":12142,"date":"2023-06-12T14:05:18","date_gmt":"2023-06-12T17:05:18","guid":{"rendered":"https:\/\/www.oestepizzaparty.com.ar\/?post_type=product&#038;p=12142"},"modified":"2026-01-29T14:12:24","modified_gmt":"2026-01-29T17:12:24","slug":"tajin-salsa-habanero-en-polvo-x-45-gr-origen-mexico","status":"publish","type":"product","link":"https:\/\/www.oestepizzaparty.com.ar\/?product=tajin-salsa-habanero-en-polvo-x-45-gr-origen-mexico","title":{"rendered":"TAJIN SALSA HABANERO EN POLVO X 45 GR (ORIGEN MEXICO)"},"content":{"rendered":"<div id=\"single-product\" class=\"row\" data-variants=\"[{&quot;product_id&quot;:76333947,&quot;price_short&quot;:&quot;$450&quot;,&quot;price_long&quot;:&quot;$450 ARS&quot;,&quot;price_number&quot;:450,&quot;compare_at_price_short&quot;:null,&quot;compare_at_price_long&quot;:null,&quot;compare_at_price_number&quot;:null,&quot;stock&quot;:6,&quot;sku&quot;:null,&quot;available&quot;:true,&quot;contact&quot;:false,&quot;option0&quot;:null,&quot;option1&quot;:null,&quot;option2&quot;:null,&quot;id&quot;:292346411,&quot;image&quot;:148895535,&quot;image_url&quot;:&quot;\/\/d3ugyf2ht6aenh.cloudfront.net\/stores\/001\/167\/197\/products\/tajin-clasico-45g-1080x10801-3a98bc3efa4197952216140229846644-1024-1024.jpg&quot;,&quot;installments_data&quot;:&quot;{&quot;mercadopago&quot;:{&quot;1&quot;:{&quot;installment_value&quot;:450,&quot;installment_value_cents&quot;:45000,&quot;interest&quot;:0,&quot;total_value&quot;:450,&quot;without_interests&quot;:true},&quot;3&quot;:{&quot;installment_value&quot;:179.565,&quot;installment_value_cents&quot;:17956.5,&quot;interest&quot;:0.1971,&quot;total_value&quot;:538.695,&quot;without_interests&quot;:false},&quot;6&quot;:{&quot;installment_value&quot;:101.76,&quot;installment_value_cents&quot;:10176,&quot;interest&quot;:0.3568,&quot;total_value&quot;:610.56,&quot;without_interests&quot;:false},&quot;9&quot;:{&quot;installment_value&quot;:76.31,&quot;installment_value_cents&quot;:7631,&quot;interest&quot;:0.5262,&quot;total_value&quot;:686.79,&quot;without_interests&quot;:false},&quot;12&quot;:{&quot;installment_value&quot;:63.81375,&quot;installment_value_cents&quot;:6381.375,&quot;interest&quot;:0.7017,&quot;total_value&quot;:765.765,&quot;without_interests&quot;:false},&quot;18&quot;:{&quot;installment_value&quot;:52.2225,&quot;installment_value_cents&quot;:5222.25,&quot;interest&quot;:1.0889,&quot;total_value&quot;:940.005,&quot;without_interests&quot;:false}}}&quot;}]\">\n<div class=\"col-xs-12 col-sm-6 product-form-container\" data-store=\"product-info-76333947\">\n<form id=\"product_form\" class=\"display-when-content-ready\" action=\"https:\/\/tienda.goodies.com.ar\/comprar\/\" method=\"post\" data-store=\"product-form-76333947\">\n<div class=\"description user-content m-top\" data-store=\"product-description-76333947\">\n<p>Taj\u00edn Cl\u00e1sico es una picante en polvo 100% natural. Su sabor es \u00fanico y tiene renombre mundial. Este hecho a base de chiles, lim\u00f3n deshidratadado y sal de mar. Es el ingrediente perfecto para realzar el sabor de la fruta, verduras, bebidas y cualquier alimento.<\/p>\n<\/div>\n<\/form>\n<\/div>\n<\/div>\n<div class=\"row visible-when-content-ready\">\n<div class=\"col-xs-12 visible-when-content-ready\"><\/div>\n<\/div>\n","protected":false},"excerpt":{"rendered":"<div id=\"single-product\" class=\"row\" data-variants=\"[{&quot;product_id&quot;:76333947,&quot;price_short&quot;:&quot;$450&quot;,&quot;price_long&quot;:&quot;$450 ARS&quot;,&quot;price_number&quot;:450,&quot;compare_at_price_short&quot;:null,&quot;compare_at_price_long&quot;:null,&quot;compare_at_price_number&quot;:null,&quot;stock&quot;:6,&quot;sku&quot;:null,&quot;available&quot;:true,&quot;contact&quot;:false,&quot;option0&quot;:null,&quot;option1&quot;:null,&quot;option2&quot;:null,&quot;id&quot;:292346411,&quot;image&quot;:148895535,&quot;image_url&quot;:&quot;\/\/d3ugyf2ht6aenh.cloudfront.net\/stores\/001\/167\/197\/products\/tajin-clasico-45g-1080x10801-3a98bc3efa4197952216140229846644-1024-1024.jpg&quot;,&quot;installments_data&quot;:&quot;{&quot;mercadopago&quot;:{&quot;1&quot;:{&quot;installment_value&quot;:450,&quot;installment_value_cents&quot;:45000,&quot;interest&quot;:0,&quot;total_value&quot;:450,&quot;without_interests&quot;:true},&quot;3&quot;:{&quot;installment_value&quot;:179.565,&quot;installment_value_cents&quot;:17956.5,&quot;interest&quot;:0.1971,&quot;total_value&quot;:538.695,&quot;without_interests&quot;:false},&quot;6&quot;:{&quot;installment_value&quot;:101.76,&quot;installment_value_cents&quot;:10176,&quot;interest&quot;:0.3568,&quot;total_value&quot;:610.56,&quot;without_interests&quot;:false},&quot;9&quot;:{&quot;installment_value&quot;:76.31,&quot;installment_value_cents&quot;:7631,&quot;interest&quot;:0.5262,&quot;total_value&quot;:686.79,&quot;without_interests&quot;:false},&quot;12&quot;:{&quot;installment_value&quot;:63.81375,&quot;installment_value_cents&quot;:6381.375,&quot;interest&quot;:0.7017,&quot;total_value&quot;:765.765,&quot;without_interests&quot;:false},&quot;18&quot;:{&quot;installment_value&quot;:52.2225,&quot;installment_value_cents&quot;:5222.25,&quot;interest&quot;:1.0889,&quot;total_value&quot;:940.005,&quot;without_interests&quot;:false}}}&quot;}]\">\n<div class=\"col-xs-12 col-sm-6 product-form-container\" data-store=\"product-info-76333947\">\n<form id=\"product_form\" class=\"display-when-content-ready\" action=\"https:\/\/tienda.goodies.com.ar\/comprar\/\" method=\"post\" data-store=\"product-form-76333947\">\n<div class=\"description user-content m-top\" data-store=\"product-description-76333947\">\n<p>&nbsp;<\/p>\n<\/div>\n<\/form>\n<\/div>\n<\/div>\n<div class=\"row visible-when-content-ready\">\n<div class=\"col-xs-12 visible-when-content-ready\"><\/div>\n<\/div>\n","protected":false},"featured_media":12143,"comment_status":"open","ping_status":"closed","template":"","meta":{"_et_pb_use_builder":"","_et_pb_old_content":"","_et_gb_content_width":"","om_disable_all_campaigns":false,"_monsterinsights_skip_tracking":false,"_monsterinsights_sitenote_active":false,"_monsterinsights_sitenote_note":"","_monsterinsights_sitenote_category":0,"_joinchat":[]},"product_brand":[],"product_cat":[719],"product_tag":[],"class_list":{"0":"post-12142","1":"product","2":"type-product","3":"status-publish","4":"has-post-thumbnail","6":"product_cat-condimentos-especias","8":"first","9":"outofstock","10":"taxable","11":"shipping-taxable","12":"product-type-simple"},"aioseo_notices":[],"_links":{"self":[{"href":"https:\/\/www.oestepizzaparty.com.ar\/index.php?rest_route=\/wp\/v2\/product\/12142","targetHints":{"allow":["GET"]}}],"collection":[{"href":"https:\/\/www.oestepizzaparty.com.ar\/index.php?rest_route=\/wp\/v2\/product"}],"about":[{"href":"https:\/\/www.oestepizzaparty.com.ar\/index.php?rest_route=\/wp\/v2\/types\/product"}],"replies":[{"embeddable":true,"href":"https:\/\/www.oestepizzaparty.com.ar\/index.php?rest_route=%2Fwp%2Fv2%2Fcomments&post=12142"}],"wp:featuredmedia":[{"embeddable":true,"href":"https:\/\/www.oestepizzaparty.com.ar\/index.php?rest_route=\/wp\/v2\/media\/12143"}],"wp:attachment":[{"href":"https:\/\/www.oestepizzaparty.com.ar\/index.php?rest_route=%2Fwp%2Fv2%2Fmedia&parent=12142"}],"wp:term":[{"taxonomy":"product_brand","embeddable":true,"href":"https:\/\/www.oestepizzaparty.com.ar\/index.php?rest_route=%2Fwp%2Fv2%2Fproduct_brand&post=12142"},{"taxonomy":"product_cat","embeddable":true,"href":"https:\/\/www.oestepizzaparty.com.ar\/index.php?rest_route=%2Fwp%2Fv2%2Fproduct_cat&post=12142"},{"taxonomy":"product_tag","embeddable":true,"href":"https:\/\/www.oestepizzaparty.com.ar\/index.php?rest_route=%2Fwp%2Fv2%2Fproduct_tag&post=12142"}],"curies":[{"name":"wp","href":"https:\/\/api.w.org\/{rel}","templated":true}]}}