{"id":12168,"date":"2023-06-14T09:28:35","date_gmt":"2023-06-14T12:28:35","guid":{"rendered":"https:\/\/www.oestepizzaparty.com.ar\/?post_type=product&#038;p=12168"},"modified":"2026-02-22T07:16:14","modified_gmt":"2026-02-22T10:16:14","slug":"san-marco-carnaroli-x-500gr","status":"publish","type":"product","link":"https:\/\/www.oestepizzaparty.com.ar\/?product=san-marco-carnaroli-x-500gr","title":{"rendered":"San Marco Carnaroli x 500Gr"},"content":{"rendered":"<p><span>Entre los embajadores de la mejor cocina italiana en el mundo, un lugar de honor pertenece sin duda a\u00a0<\/span><strong><span>Riso San Marco<\/span><\/strong><span>\u00a0: la primera l\u00ednea comercializada por\u00a0<\/span><strong><span>Riseria Cremonesi<\/span><\/strong><span>\u00a0y la m\u00e1s vendida en los mercados extranjeros.\u00a0Riso San Marco es la l\u00ednea\u00a0<\/span><strong><span>tradicional<\/span><\/strong><span> , resultado de una t\u00e9cnica de trabajo totalmente artesanal, seg\u00fan el m\u00e9todo utilizado en los antiguos molinos de arroz del valle del Po.\u00a0\u00a0<\/span><\/p>\n<p><span><strong>El arroz carnaroli <\/strong><\/span><span>se origina en Pav\u00eda, Novara y Vercelli. Se diferencia del arroz Arborio m\u00e1s com\u00fan en que tiene un\u00a0<strong>mayor contenido de almid\u00f3n<\/strong>\u00a0, una textura m\u00e1s firme y un grano m\u00e1s largo.\u00a0Tambi\u00e9n aguanta mejor la cocci\u00f3n porque tiene mayores cantidades de amilosa.\u00a0Precisamente por eso es un producto que viene <\/span><strong><span>favorito de los chefs<\/span><\/strong><span>.\u00a0<\/span><\/p>\n","protected":false},"excerpt":{"rendered":"<p>Entre los embajadores de la mejor cocina italiana en el mundo, un lugar de honor pertenece sin duda a\u00a0Riso San Marco\u00a0: la primera l\u00ednea comercializada por\u00a0Riseria Cremonesi\u00a0y la m\u00e1s vendida en los mercados extranjeros.\u00a0Riso San Marco es la l\u00ednea\u00a0tradicional , resultado de una t\u00e9cnica de trabajo totalmente artesanal, seg\u00fan el m\u00e9todo utilizado en los antiguos [&hellip;]<\/p>\n","protected":false},"featured_media":12169,"comment_status":"open","ping_status":"closed","template":"","meta":{"_et_pb_use_builder":"","_et_pb_old_content":"","_et_gb_content_width":"","om_disable_all_campaigns":false,"_monsterinsights_skip_tracking":false,"_monsterinsights_sitenote_active":false,"_monsterinsights_sitenote_note":"","_monsterinsights_sitenote_category":0,"_joinchat":[]},"product_brand":[],"product_cat":[711,708],"product_tag":[],"class_list":{"0":"post-12168","1":"product","2":"type-product","3":"status-publish","4":"has-post-thumbnail","6":"product_cat-pastas-arroces-importados","7":"product_cat-productos-de-almacen","9":"first","10":"outofstock","11":"taxable","12":"shipping-taxable","13":"product-type-simple"},"aioseo_notices":[],"_links":{"self":[{"href":"https:\/\/www.oestepizzaparty.com.ar\/index.php?rest_route=\/wp\/v2\/product\/12168","targetHints":{"allow":["GET"]}}],"collection":[{"href":"https:\/\/www.oestepizzaparty.com.ar\/index.php?rest_route=\/wp\/v2\/product"}],"about":[{"href":"https:\/\/www.oestepizzaparty.com.ar\/index.php?rest_route=\/wp\/v2\/types\/product"}],"replies":[{"embeddable":true,"href":"https:\/\/www.oestepizzaparty.com.ar\/index.php?rest_route=%2Fwp%2Fv2%2Fcomments&post=12168"}],"wp:featuredmedia":[{"embeddable":true,"href":"https:\/\/www.oestepizzaparty.com.ar\/index.php?rest_route=\/wp\/v2\/media\/12169"}],"wp:attachment":[{"href":"https:\/\/www.oestepizzaparty.com.ar\/index.php?rest_route=%2Fwp%2Fv2%2Fmedia&parent=12168"}],"wp:term":[{"taxonomy":"product_brand","embeddable":true,"href":"https:\/\/www.oestepizzaparty.com.ar\/index.php?rest_route=%2Fwp%2Fv2%2Fproduct_brand&post=12168"},{"taxonomy":"product_cat","embeddable":true,"href":"https:\/\/www.oestepizzaparty.com.ar\/index.php?rest_route=%2Fwp%2Fv2%2Fproduct_cat&post=12168"},{"taxonomy":"product_tag","embeddable":true,"href":"https:\/\/www.oestepizzaparty.com.ar\/index.php?rest_route=%2Fwp%2Fv2%2Fproduct_tag&post=12168"}],"curies":[{"name":"wp","href":"https:\/\/api.w.org\/{rel}","templated":true}]}}