{"id":12193,"date":"2023-06-14T12:50:31","date_gmt":"2023-06-14T15:50:31","guid":{"rendered":"https:\/\/www.oestepizzaparty.com.ar\/?post_type=product&#038;p=12193"},"modified":"2026-02-22T07:27:03","modified_gmt":"2026-02-22T10:27:03","slug":"levadura-seca-mauripan-x-500gr","status":"publish","type":"product","link":"https:\/\/www.oestepizzaparty.com.ar\/?product=levadura-seca-mauripan-x-500gr","title":{"rendered":"LEVADURA SECA MAURIPAN X 500GR (ROJA MASAS SALADAS)"},"content":{"rendered":"<div class=\"wpb_text_column wpb_content_element \">\n<div class=\"wpb_wrapper\"><\/div>\n<\/div>\n<div class=\"wpb_text_column wpb_content_element \">\n<div class=\"wpb_wrapper\">\n<p>Bolsa de 500 gramos de levadura seca de panader\u00eda Mauripan.<\/p>\n<p>Ventajas de\u00a0la levadura seca sobre la levadura prensada fresca:<\/p>\n<ul>\n<li>La levadura seca de panader\u00eda tiene una fecha de caducidad much\u00edsimo m\u00e1s larga que la prensada fresca.<\/li>\n<li>Se conserva a temperatura ambiente.<\/li>\n<li>F\u00e1cil de dosificar.<\/li>\n<\/ul>\n<p>Cuando la receta pida levadura fresca, para calcular el equivalente, dividiremos entre tres. Ejemplo: si en la receta nos indica 30 gramos de levadura prensada fresca, equivalen a 10 gramos de seca.<\/p>\n<p><strong>Cantidades recomendadas de uso<\/strong>: entre 2 y 3 gramos por cada 500 gramos de harina.<\/p>\n<p>Importante: NO apta para bizcochos u otras elaboraciones de reposter\u00eda que NO necesitan fermentaci\u00f3n. No hay que confundir con la levadura de reposteria.<\/p>\n<\/div>\n<\/div>\n<div class=\"vc_empty_space\"><\/div>\n<div class=\"wpb_text_column wpb_content_element \">\n<div class=\"wpb_wrapper\"><\/div>\n<\/div>\n<div class=\"wpb_text_column wpb_content_element \">\n<div class=\"wpb_wrapper\">\n<p>&nbsp;<\/p>\n<\/div>\n<\/div>\n<div class=\"vc_empty_space\"><\/div>\n<div class=\"wpb_text_column wpb_content_element \">\n<div class=\"wpb_wrapper\"><\/div>\n<\/div>\n<div class=\"wpb_text_column wpb_content_element \">\n<div class=\"wpb_wrapper\">\n<p>&nbsp;<\/p>\n<\/div>\n<\/div>\n","protected":false},"excerpt":{"rendered":"<p>Bolsa de 500 gramos de levadura seca de panader\u00eda Mauripan. Ventajas de\u00a0la levadura seca sobre la levadura prensada fresca: La levadura seca de panader\u00eda tiene una fecha de caducidad much\u00edsimo m\u00e1s larga que la prensada fresca. Se conserva a temperatura ambiente. F\u00e1cil de dosificar. Cuando la receta pida levadura fresca, para calcular el equivalente, dividiremos [&hellip;]<\/p>\n","protected":false},"featured_media":12194,"comment_status":"open","ping_status":"closed","template":"","meta":{"_et_pb_use_builder":"","_et_pb_old_content":"","_et_gb_content_width":"","om_disable_all_campaigns":false,"_monsterinsights_skip_tracking":false,"_monsterinsights_sitenote_active":false,"_monsterinsights_sitenote_note":"","_monsterinsights_sitenote_category":0,"_joinchat":[]},"product_brand":[],"product_cat":[763],"product_tag":[],"class_list":{"0":"post-12193","1":"product","2":"type-product","3":"status-publish","4":"has-post-thumbnail","6":"product_cat-levaduras","8":"first","9":"outofstock","10":"taxable","11":"shipping-taxable","12":"product-type-simple"},"aioseo_notices":[],"_links":{"self":[{"href":"https:\/\/www.oestepizzaparty.com.ar\/index.php?rest_route=\/wp\/v2\/product\/12193","targetHints":{"allow":["GET"]}}],"collection":[{"href":"https:\/\/www.oestepizzaparty.com.ar\/index.php?rest_route=\/wp\/v2\/product"}],"about":[{"href":"https:\/\/www.oestepizzaparty.com.ar\/index.php?rest_route=\/wp\/v2\/types\/product"}],"replies":[{"embeddable":true,"href":"https:\/\/www.oestepizzaparty.com.ar\/index.php?rest_route=%2Fwp%2Fv2%2Fcomments&post=12193"}],"wp:featuredmedia":[{"embeddable":true,"href":"https:\/\/www.oestepizzaparty.com.ar\/index.php?rest_route=\/wp\/v2\/media\/12194"}],"wp:attachment":[{"href":"https:\/\/www.oestepizzaparty.com.ar\/index.php?rest_route=%2Fwp%2Fv2%2Fmedia&parent=12193"}],"wp:term":[{"taxonomy":"product_brand","embeddable":true,"href":"https:\/\/www.oestepizzaparty.com.ar\/index.php?rest_route=%2Fwp%2Fv2%2Fproduct_brand&post=12193"},{"taxonomy":"product_cat","embeddable":true,"href":"https:\/\/www.oestepizzaparty.com.ar\/index.php?rest_route=%2Fwp%2Fv2%2Fproduct_cat&post=12193"},{"taxonomy":"product_tag","embeddable":true,"href":"https:\/\/www.oestepizzaparty.com.ar\/index.php?rest_route=%2Fwp%2Fv2%2Fproduct_tag&post=12193"}],"curies":[{"name":"wp","href":"https:\/\/api.w.org\/{rel}","templated":true}]}}