{"id":12271,"date":"2023-06-27T09:31:16","date_gmt":"2023-06-27T12:31:16","guid":{"rendered":"https:\/\/www.oestepizzaparty.com.ar\/?post_type=product&#038;p=12271"},"modified":"2026-04-15T13:03:13","modified_gmt":"2026-04-15T16:03:13","slug":"cerveza-menabrea-bionda-x-330ml","status":"publish","type":"product","link":"https:\/\/www.oestepizzaparty.com.ar\/?product=cerveza-menabrea-bionda-x-330ml","title":{"rendered":"Cerveza Menabrea Bionda X 330ML"},"content":{"rendered":"<p>Birra Menabrea Lager se elabora con maltas ligeras de cebada y ma\u00edz, para un estilo Lager ligero y crujiente. Una cepa de levadura distintiva y una cantidad m\u00e1s significativa de l\u00fapulo de lo habitual para una cerveza Lager se suman a su complejidad arom\u00e1tica. Esto, combinado con un nivel de alcohol bastante alto, lo convierte en una Lager muy completa y sabrosa, pero a la vez refrescante. Anualmente se producen alrededor de 100 mil hectolitros de cerveza, parte de los cuales se exportan a una veintena de pa\u00edses.<\/p>\n<p>Color dorado p\u00e1lido, muy cristalina y espuma densa de burbuja fina. De cuerpo medio y amargor moderado, con recuerdos a grano y hierbas secas. Aroma afrutado y floral, muy refrescante.<\/p>\n","protected":false},"excerpt":{"rendered":"<p>Birra Menabrea Lager se elabora con maltas ligeras de cebada y ma\u00edz, para un estilo Lager ligero y crujiente. Una cepa de levadura distintiva y una cantidad m\u00e1s significativa de l\u00fapulo de lo habitual para una cerveza Lager se suman a su complejidad arom\u00e1tica. Esto, combinado con un nivel de alcohol bastante alto, lo convierte [&hellip;]<\/p>\n","protected":false},"featured_media":12272,"comment_status":"open","ping_status":"closed","template":"","meta":{"_et_pb_use_builder":"","_et_pb_old_content":"","_et_gb_content_width":"","om_disable_all_campaigns":false,"_monsterinsights_skip_tracking":false,"_monsterinsights_sitenote_active":false,"_monsterinsights_sitenote_note":"","_monsterinsights_sitenote_category":0,"_joinchat":[]},"product_brand":[],"product_cat":[761],"product_tag":[],"class_list":{"0":"post-12271","1":"product","2":"type-product","3":"status-publish","4":"has-post-thumbnail","6":"product_cat-bebidas-con-alcohol","8":"first","9":"instock","10":"taxable","11":"shipping-taxable","12":"purchasable","13":"product-type-simple"},"aioseo_notices":[],"_links":{"self":[{"href":"https:\/\/www.oestepizzaparty.com.ar\/index.php?rest_route=\/wp\/v2\/product\/12271","targetHints":{"allow":["GET"]}}],"collection":[{"href":"https:\/\/www.oestepizzaparty.com.ar\/index.php?rest_route=\/wp\/v2\/product"}],"about":[{"href":"https:\/\/www.oestepizzaparty.com.ar\/index.php?rest_route=\/wp\/v2\/types\/product"}],"replies":[{"embeddable":true,"href":"https:\/\/www.oestepizzaparty.com.ar\/index.php?rest_route=%2Fwp%2Fv2%2Fcomments&post=12271"}],"wp:featuredmedia":[{"embeddable":true,"href":"https:\/\/www.oestepizzaparty.com.ar\/index.php?rest_route=\/wp\/v2\/media\/12272"}],"wp:attachment":[{"href":"https:\/\/www.oestepizzaparty.com.ar\/index.php?rest_route=%2Fwp%2Fv2%2Fmedia&parent=12271"}],"wp:term":[{"taxonomy":"product_brand","embeddable":true,"href":"https:\/\/www.oestepizzaparty.com.ar\/index.php?rest_route=%2Fwp%2Fv2%2Fproduct_brand&post=12271"},{"taxonomy":"product_cat","embeddable":true,"href":"https:\/\/www.oestepizzaparty.com.ar\/index.php?rest_route=%2Fwp%2Fv2%2Fproduct_cat&post=12271"},{"taxonomy":"product_tag","embeddable":true,"href":"https:\/\/www.oestepizzaparty.com.ar\/index.php?rest_route=%2Fwp%2Fv2%2Fproduct_tag&post=12271"}],"curies":[{"name":"wp","href":"https:\/\/api.w.org\/{rel}","templated":true}]}}