{"id":12274,"date":"2023-06-27T09:33:20","date_gmt":"2023-06-27T12:33:20","guid":{"rendered":"https:\/\/www.oestepizzaparty.com.ar\/?post_type=product&#038;p=12274"},"modified":"2026-02-25T10:15:03","modified_gmt":"2026-02-25T13:15:03","slug":"cerveza-menabrea-ambrata-x-330ml","status":"publish","type":"product","link":"https:\/\/www.oestepizzaparty.com.ar\/?product=cerveza-menabrea-ambrata-x-330ml","title":{"rendered":"Cerveza Menabrea Ambrata X 330ML"},"content":{"rendered":"<p>A pesar de su contenido de alcohol relativamente bajo, esta cerveza no tiene menos cuerpo. Elaborada seg\u00fan la tradici\u00f3n alemana M\u00e4rzen (o Maerzen), combina el car\u00e1cter rico y malteado del \u00e1mbar con el lado ligero y seco de una lager, todo ello acompa\u00f1ado de una frescura ligeramente caramelizada.<\/p>\n<p>Ligeramente tostada y acaramelada. Notas de l\u00fapulo en el acabado.<\/p>\n","protected":false},"excerpt":{"rendered":"<p>A pesar de su contenido de alcohol relativamente bajo, esta cerveza no tiene menos cuerpo. Elaborada seg\u00fan la tradici\u00f3n alemana M\u00e4rzen (o Maerzen), combina el car\u00e1cter rico y malteado del \u00e1mbar con el lado ligero y seco de una lager, todo ello acompa\u00f1ado de una frescura ligeramente caramelizada. Ligeramente tostada y acaramelada. Notas de l\u00fapulo [&hellip;]<\/p>\n","protected":false},"featured_media":12275,"comment_status":"open","ping_status":"closed","template":"","meta":{"_et_pb_use_builder":"","_et_pb_old_content":"","_et_gb_content_width":"","om_disable_all_campaigns":false,"_monsterinsights_skip_tracking":false,"_monsterinsights_sitenote_active":false,"_monsterinsights_sitenote_note":"","_monsterinsights_sitenote_category":0,"_joinchat":[]},"product_brand":[],"product_cat":[761],"product_tag":[],"class_list":{"0":"post-12274","1":"product","2":"type-product","3":"status-publish","4":"has-post-thumbnail","6":"product_cat-bebidas-con-alcohol","8":"first","9":"instock","10":"taxable","11":"shipping-taxable","12":"purchasable","13":"product-type-simple"},"aioseo_notices":[],"_links":{"self":[{"href":"https:\/\/www.oestepizzaparty.com.ar\/index.php?rest_route=\/wp\/v2\/product\/12274","targetHints":{"allow":["GET"]}}],"collection":[{"href":"https:\/\/www.oestepizzaparty.com.ar\/index.php?rest_route=\/wp\/v2\/product"}],"about":[{"href":"https:\/\/www.oestepizzaparty.com.ar\/index.php?rest_route=\/wp\/v2\/types\/product"}],"replies":[{"embeddable":true,"href":"https:\/\/www.oestepizzaparty.com.ar\/index.php?rest_route=%2Fwp%2Fv2%2Fcomments&post=12274"}],"wp:featuredmedia":[{"embeddable":true,"href":"https:\/\/www.oestepizzaparty.com.ar\/index.php?rest_route=\/wp\/v2\/media\/12275"}],"wp:attachment":[{"href":"https:\/\/www.oestepizzaparty.com.ar\/index.php?rest_route=%2Fwp%2Fv2%2Fmedia&parent=12274"}],"wp:term":[{"taxonomy":"product_brand","embeddable":true,"href":"https:\/\/www.oestepizzaparty.com.ar\/index.php?rest_route=%2Fwp%2Fv2%2Fproduct_brand&post=12274"},{"taxonomy":"product_cat","embeddable":true,"href":"https:\/\/www.oestepizzaparty.com.ar\/index.php?rest_route=%2Fwp%2Fv2%2Fproduct_cat&post=12274"},{"taxonomy":"product_tag","embeddable":true,"href":"https:\/\/www.oestepizzaparty.com.ar\/index.php?rest_route=%2Fwp%2Fv2%2Fproduct_tag&post=12274"}],"curies":[{"name":"wp","href":"https:\/\/api.w.org\/{rel}","templated":true}]}}