{"id":12491,"date":"2023-08-09T14:14:10","date_gmt":"2023-08-09T17:14:10","guid":{"rendered":"https:\/\/www.oestepizzaparty.com.ar\/?post_type=product&#038;p=12491"},"modified":"2026-03-31T09:50:28","modified_gmt":"2026-03-31T12:50:28","slug":"rueda-corta-pizza-gi-metal","status":"publish","type":"product","link":"https:\/\/www.oestepizzaparty.com.ar\/?product=rueda-corta-pizza-gi-metal","title":{"rendered":"Rueda Corta Pizza-Gi Metal"},"content":{"rendered":"<div id=\"featurebullets_feature_div\" class=\"celwidget\" data-feature-name=\"featurebullets\" data-csa-c-type=\"widget\" data-csa-c-content-id=\"featurebullets\" data-csa-c-slot-id=\"featurebullets_feature_div\" data-csa-c-asin=\"B018PEY71K\" data-csa-c-is-in-initial-active-row=\"false\" data-csa-c-id=\"loker4-ld7b1m-1q6rrg-e2dwcs\" data-cel-widget=\"featurebullets_feature_div\">\n<div id=\"feature-bullets\" class=\"a-section a-spacing-medium a-spacing-top-small\">\n<h1 class=\"a-size-base-plus a-text-bold\">Sobre este art\u00edculo<\/h1>\n<ul class=\"a-unordered-list a-vertical a-spacing-mini\">\n<li class=\"a-spacing-mini\"><span class=\"a-list-item\">Hoja de acero inoxidable y mango de pl\u00e1stico Di\u00e1metro 3.9\u00a0in<\/span><\/li>\n<li class=\"a-spacing-mini\"><span class=\"a-list-item\">Rueda de corte de pizza extra\u00edble.<\/span><\/li>\n<li class=\"a-spacing-mini\"><span class=\"a-list-item\">Pr\u00e1ctico y duradero.<\/span><\/li>\n<li class=\"a-spacing-mini\"><span class=\"a-list-item\">100% nuevo y de alta calidad<\/span><\/li>\n<\/ul>\n<\/div>\n<\/div>\n<div id=\"acf-carousel_feature_div\" class=\"celwidget\" data-feature-name=\"acf-carousel\" data-csa-c-type=\"widget\" data-csa-c-content-id=\"acf-carousel\" data-csa-c-slot-id=\"acf-carousel_feature_div\" data-csa-c-asin=\"B018PEY71K\" data-csa-c-is-in-initial-active-row=\"false\" data-csa-c-id=\"as31el-nqq4xp-uae98e-wsgbku\" data-cel-widget=\"acf-carousel_feature_div\"><\/div>\n<div id=\"provenanceCertifications_feature_div\" class=\"celwidget\" data-feature-name=\"provenanceCertifications\" data-csa-c-type=\"widget\" data-csa-c-content-id=\"provenanceCertifications\" data-csa-c-slot-id=\"provenanceCertifications_feature_div\" data-csa-c-asin=\"B018PEY71K\" data-csa-c-is-in-initial-active-row=\"false\" data-csa-c-id=\"oie9oo-5s2yd1-drc7ph-887cs1\" data-cel-widget=\"provenanceCertifications_feature_div\">\n<div id=\"provenance-certifications\" class=\"a-section a-spacing-medium a-spacing-top-micro\">\n<div class=\"provenance-certifications-row-logo\"><img decoding=\"async\" id=\"provenance-certification-made_in_italy-logo\" src=\"https:\/\/m.media-amazon.com\/images\/I\/11lsIObTXaL._AC_UL34_SS42_.png\" alt=\"\" \/><\/div>\n<div class=\"provenance-certifications-row-description\">\n<div class=\"a-section a-spacing-micro\">Made in Italy<\/div>\n<\/div>\n<\/div>\n<\/div>\n","protected":false},"excerpt":{"rendered":"<p>Sobre este art\u00edculo Hoja de acero inoxidable y mango de pl\u00e1stico Di\u00e1metro 3.9\u00a0in Rueda de corte de pizza extra\u00edble. Pr\u00e1ctico y duradero. 100% nuevo y de alta calidad Made in Italy<\/p>\n","protected":false},"featured_media":12492,"comment_status":"open","ping_status":"closed","template":"","meta":{"_et_pb_use_builder":"","_et_pb_old_content":"","_et_gb_content_width":"","om_disable_all_campaigns":false,"_monsterinsights_skip_tracking":false,"_monsterinsights_sitenote_active":false,"_monsterinsights_sitenote_note":"","_monsterinsights_sitenote_category":0,"_joinchat":[]},"product_brand":[],"product_cat":[702],"product_tag":[],"class_list":{"0":"post-12491","1":"product","2":"type-product","3":"status-publish","4":"has-post-thumbnail","6":"product_cat-herramientas-de-trabajo","8":"first","9":"instock","10":"taxable","11":"shipping-taxable","12":"purchasable","13":"product-type-simple"},"aioseo_notices":[],"_links":{"self":[{"href":"https:\/\/www.oestepizzaparty.com.ar\/index.php?rest_route=\/wp\/v2\/product\/12491","targetHints":{"allow":["GET"]}}],"collection":[{"href":"https:\/\/www.oestepizzaparty.com.ar\/index.php?rest_route=\/wp\/v2\/product"}],"about":[{"href":"https:\/\/www.oestepizzaparty.com.ar\/index.php?rest_route=\/wp\/v2\/types\/product"}],"replies":[{"embeddable":true,"href":"https:\/\/www.oestepizzaparty.com.ar\/index.php?rest_route=%2Fwp%2Fv2%2Fcomments&post=12491"}],"wp:featuredmedia":[{"embeddable":true,"href":"https:\/\/www.oestepizzaparty.com.ar\/index.php?rest_route=\/wp\/v2\/media\/12492"}],"wp:attachment":[{"href":"https:\/\/www.oestepizzaparty.com.ar\/index.php?rest_route=%2Fwp%2Fv2%2Fmedia&parent=12491"}],"wp:term":[{"taxonomy":"product_brand","embeddable":true,"href":"https:\/\/www.oestepizzaparty.com.ar\/index.php?rest_route=%2Fwp%2Fv2%2Fproduct_brand&post=12491"},{"taxonomy":"product_cat","embeddable":true,"href":"https:\/\/www.oestepizzaparty.com.ar\/index.php?rest_route=%2Fwp%2Fv2%2Fproduct_cat&post=12491"},{"taxonomy":"product_tag","embeddable":true,"href":"https:\/\/www.oestepizzaparty.com.ar\/index.php?rest_route=%2Fwp%2Fv2%2Fproduct_tag&post=12491"}],"curies":[{"name":"wp","href":"https:\/\/api.w.org\/{rel}","templated":true}]}}