{"id":12697,"date":"2023-09-14T13:36:02","date_gmt":"2023-09-14T16:36:02","guid":{"rendered":"https:\/\/www.oestepizzaparty.com.ar\/?post_type=product&#038;p=12697"},"modified":"2026-03-04T11:03:15","modified_gmt":"2026-03-04T14:03:15","slug":"morelli-limoncino-32-500ml-copia","status":"publish","type":"product","link":"https:\/\/www.oestepizzaparty.com.ar\/?product=morelli-limoncino-32-500ml-copia","title":{"rendered":"Morelli Limoncino 32% 500ml"},"content":{"rendered":"<p>Descubra<strong>\u00a0el Limoncino de Morelli<\/strong>\u00a0, un<strong>\u00a0licor \u00fanico<\/strong>\u00a0que se obtiene mediante<strong>\u00a0la infusi\u00f3n de c\u00e1scaras de lim\u00f3n<\/strong>\u00a0.\u00a0<strong>De color amarillo intenso<\/strong>\u00a0y turbio, su<strong>\u00a0sabor alimonado persiste<\/strong>\u00a0en boca, ofreciendo una<strong>\u00a0experiencia gustativa<\/strong> intensa y agradable El limoncino, incluso cuando se disfruta caliente, ofrece<strong>\u00a0una consistencia<\/strong>\u00a0y<strong>\u00a0una arom\u00e1tica inigualables<\/strong> sin el regusto del alcohol<\/p>\n","protected":false},"excerpt":{"rendered":"<p>Descubra\u00a0el Limoncino de Morelli\u00a0, un\u00a0licor \u00fanico\u00a0que se obtiene mediante\u00a0la infusi\u00f3n de c\u00e1scaras de lim\u00f3n\u00a0.\u00a0De color amarillo intenso\u00a0y turbio, su\u00a0sabor alimonado persiste\u00a0en boca, ofreciendo una\u00a0experiencia gustativa intensa y agradable El limoncino, incluso cuando se disfruta caliente, ofrece\u00a0una consistencia\u00a0y\u00a0una arom\u00e1tica inigualables sin el regusto del alcohol<\/p>\n","protected":false},"featured_media":12698,"comment_status":"open","ping_status":"closed","template":"","meta":{"_et_pb_use_builder":"","_et_pb_old_content":"","_et_gb_content_width":"","om_disable_all_campaigns":false,"_monsterinsights_skip_tracking":false,"_monsterinsights_sitenote_active":false,"_monsterinsights_sitenote_note":"","_monsterinsights_sitenote_category":0,"_joinchat":[]},"product_brand":[],"product_cat":[761],"product_tag":[],"class_list":{"0":"post-12697","1":"product","2":"type-product","3":"status-publish","4":"has-post-thumbnail","6":"product_cat-bebidas-con-alcohol","8":"first","9":"instock","10":"taxable","11":"shipping-taxable","12":"purchasable","13":"product-type-simple"},"aioseo_notices":[],"_links":{"self":[{"href":"https:\/\/www.oestepizzaparty.com.ar\/index.php?rest_route=\/wp\/v2\/product\/12697","targetHints":{"allow":["GET"]}}],"collection":[{"href":"https:\/\/www.oestepizzaparty.com.ar\/index.php?rest_route=\/wp\/v2\/product"}],"about":[{"href":"https:\/\/www.oestepizzaparty.com.ar\/index.php?rest_route=\/wp\/v2\/types\/product"}],"replies":[{"embeddable":true,"href":"https:\/\/www.oestepizzaparty.com.ar\/index.php?rest_route=%2Fwp%2Fv2%2Fcomments&post=12697"}],"wp:featuredmedia":[{"embeddable":true,"href":"https:\/\/www.oestepizzaparty.com.ar\/index.php?rest_route=\/wp\/v2\/media\/12698"}],"wp:attachment":[{"href":"https:\/\/www.oestepizzaparty.com.ar\/index.php?rest_route=%2Fwp%2Fv2%2Fmedia&parent=12697"}],"wp:term":[{"taxonomy":"product_brand","embeddable":true,"href":"https:\/\/www.oestepizzaparty.com.ar\/index.php?rest_route=%2Fwp%2Fv2%2Fproduct_brand&post=12697"},{"taxonomy":"product_cat","embeddable":true,"href":"https:\/\/www.oestepizzaparty.com.ar\/index.php?rest_route=%2Fwp%2Fv2%2Fproduct_cat&post=12697"},{"taxonomy":"product_tag","embeddable":true,"href":"https:\/\/www.oestepizzaparty.com.ar\/index.php?rest_route=%2Fwp%2Fv2%2Fproduct_tag&post=12697"}],"curies":[{"name":"wp","href":"https:\/\/api.w.org\/{rel}","templated":true}]}}