{"id":12699,"date":"2023-09-14T13:41:41","date_gmt":"2023-09-14T16:41:41","guid":{"rendered":"https:\/\/www.oestepizzaparty.com.ar\/?post_type=product&#038;p=12699"},"modified":"2026-03-04T11:03:31","modified_gmt":"2026-03-04T14:03:31","slug":"morelli-sambuca-lola-40-700ml","status":"publish","type":"product","link":"https:\/\/www.oestepizzaparty.com.ar\/?product=morelli-sambuca-lola-40-700ml","title":{"rendered":"Morelli Sambuca Lola 40% 700ml"},"content":{"rendered":"<p><span>La sambuca es un tradicional y famoso licor italiano amado y disfrutado en todo el mundo, ya sea servido al final de la comida solo, muy fr\u00edo o con unos cubitos de hielo, o a\u00f1adido al espresso para hacer el famoso ?caffe corretto?.<\/span><\/p>\n<p><span>Esta Sambuca, elaborada \u00fanicamente con los cuatro ingredientes que indica la receta original (estrellas de an\u00eds, alcohol neutro, az\u00facar y agua pura, sin saborizantes artificiales) tiene una graduaci\u00f3n alcoh\u00f3lica del 40%.\u00a0Las versiones m\u00e1s baratas y comerciales del licor tienden a tener un contenido de alcohol m\u00e1s bajo y usan saborizantes artificiales en lugar de estrellas de an\u00eds, y son demasiado dulces debido al uso de az\u00facar para cubrir la falta de sabor.<\/span><\/p>\n<p><span>En los \u00faltimos a\u00f1os, debido al crecimiento de la tendencia de los c\u00f3cteles y a la b\u00fasqueda de nuevos ingredientes, la sambuca se ha convertido en un ingrediente de c\u00f3cteles muy picante y vers\u00e1til, adem\u00e1s de aparecer en muchas recetas italianas, desde postres, desde el famoso tiramis\u00fa.<\/span><\/p>\n<p><span>Si te encanta la Sambuca, no hay nada mejor que esto y viene en una botella grande de 1 litro.<\/span><\/p>\n<p><span>Bajo la generaci\u00f3n actual, la destiler\u00eda Liquorificio Morelli, originalmente llamada Antica Grapperia Toscana, ha ido viento en popa, produciendo licores y bebidas espirituosas de la m\u00e1s alta calidad.\u00a0<\/span><span>El credo de esta destiler\u00eda toscana es la creencia en utilizar s\u00f3lo los mejores ingredientes naturales para sus productos y utilizar las recetas familiares que han utilizado durante siglos y que les han valido una gran cantidad de premios.<\/span><\/p>\n","protected":false},"excerpt":{"rendered":"<p>La sambuca es un tradicional y famoso licor italiano amado y disfrutado en todo el mundo, ya sea servido al final de la comida solo, muy fr\u00edo o con unos cubitos de hielo, o a\u00f1adido al espresso para hacer el famoso ?caffe corretto?. Esta Sambuca, elaborada \u00fanicamente con los cuatro ingredientes que indica la receta [&hellip;]<\/p>\n","protected":false},"featured_media":12700,"comment_status":"open","ping_status":"closed","template":"","meta":{"_et_pb_use_builder":"","_et_pb_old_content":"","_et_gb_content_width":"","om_disable_all_campaigns":false,"_monsterinsights_skip_tracking":false,"_monsterinsights_sitenote_active":false,"_monsterinsights_sitenote_note":"","_monsterinsights_sitenote_category":0,"_joinchat":[]},"product_brand":[],"product_cat":[761],"product_tag":[],"class_list":{"0":"post-12699","1":"product","2":"type-product","3":"status-publish","4":"has-post-thumbnail","6":"product_cat-bebidas-con-alcohol","8":"first","9":"instock","10":"taxable","11":"shipping-taxable","12":"purchasable","13":"product-type-simple"},"aioseo_notices":[],"_links":{"self":[{"href":"https:\/\/www.oestepizzaparty.com.ar\/index.php?rest_route=\/wp\/v2\/product\/12699","targetHints":{"allow":["GET"]}}],"collection":[{"href":"https:\/\/www.oestepizzaparty.com.ar\/index.php?rest_route=\/wp\/v2\/product"}],"about":[{"href":"https:\/\/www.oestepizzaparty.com.ar\/index.php?rest_route=\/wp\/v2\/types\/product"}],"replies":[{"embeddable":true,"href":"https:\/\/www.oestepizzaparty.com.ar\/index.php?rest_route=%2Fwp%2Fv2%2Fcomments&post=12699"}],"wp:featuredmedia":[{"embeddable":true,"href":"https:\/\/www.oestepizzaparty.com.ar\/index.php?rest_route=\/wp\/v2\/media\/12700"}],"wp:attachment":[{"href":"https:\/\/www.oestepizzaparty.com.ar\/index.php?rest_route=%2Fwp%2Fv2%2Fmedia&parent=12699"}],"wp:term":[{"taxonomy":"product_brand","embeddable":true,"href":"https:\/\/www.oestepizzaparty.com.ar\/index.php?rest_route=%2Fwp%2Fv2%2Fproduct_brand&post=12699"},{"taxonomy":"product_cat","embeddable":true,"href":"https:\/\/www.oestepizzaparty.com.ar\/index.php?rest_route=%2Fwp%2Fv2%2Fproduct_cat&post=12699"},{"taxonomy":"product_tag","embeddable":true,"href":"https:\/\/www.oestepizzaparty.com.ar\/index.php?rest_route=%2Fwp%2Fv2%2Fproduct_tag&post=12699"}],"curies":[{"name":"wp","href":"https:\/\/api.w.org\/{rel}","templated":true}]}}