{"id":12703,"date":"2023-09-14T13:51:32","date_gmt":"2023-09-14T16:51:32","guid":{"rendered":"https:\/\/www.oestepizzaparty.com.ar\/?post_type=product&#038;p=12703"},"modified":"2025-01-01T06:56:56","modified_gmt":"2025-01-01T09:56:56","slug":"cerveza-italia-lager-330ml","status":"publish","type":"product","link":"https:\/\/www.oestepizzaparty.com.ar\/?product=cerveza-italia-lager-330ml","title":{"rendered":"Cerveza Italia (lager) 330ML"},"content":{"rendered":"<p>Birra Italia naci\u00f3 en 1906, en Mil\u00e1n, en el per\u00edodo hist\u00f3rico, cultural<br \/>\ny art\u00edstico de la Belle \u00c9poque. Malta de cebada, agua, l\u00fapulo y extracto<br \/>\nde ma\u00edz, unos sencillos ingredientes de nuestro territorio,<br \/>\ncuidadosamente seleccionados y mezclados respetando la antigua tradici\u00f3n<br \/>\ny al mismo tiempo las tendencias de consumo m\u00e1s actuales. La combinaci\u00f3n<br \/>\nde artesan\u00eda y tecnolog\u00edas de vanguardia que distingue a la marca crea<br \/>\nuna cerveza Premium con un sabor \u00fanico, que encierra todos los valores<br \/>\nde un pa\u00eds fascinante en una botella o lata, combinado con la b\u00fasqueda<br \/>\nde la excelencia que ha hecho en Italia. Famosa en todo el mundo.<\/p>\n","protected":false},"excerpt":{"rendered":"<p>Birra Italia naci\u00f3 en 1906, en Mil\u00e1n, en el per\u00edodo hist\u00f3rico, cultural y art\u00edstico de la Belle \u00c9poque. Malta de cebada, agua, l\u00fapulo y extracto de ma\u00edz, unos sencillos ingredientes de nuestro territorio, cuidadosamente seleccionados y mezclados respetando la antigua tradici\u00f3n y al mismo tiempo las tendencias de consumo m\u00e1s actuales. La combinaci\u00f3n de artesan\u00eda [&hellip;]<\/p>\n","protected":false},"featured_media":12704,"comment_status":"open","ping_status":"closed","template":"","meta":{"_et_pb_use_builder":"","_et_pb_old_content":"","_et_gb_content_width":"","om_disable_all_campaigns":false,"_monsterinsights_skip_tracking":false,"_monsterinsights_sitenote_active":false,"_monsterinsights_sitenote_note":"","_monsterinsights_sitenote_category":0,"_joinchat":[]},"product_brand":[],"product_cat":[761],"product_tag":[],"class_list":{"0":"post-12703","1":"product","2":"type-product","3":"status-publish","4":"has-post-thumbnail","6":"product_cat-bebidas-con-alcohol","8":"first","9":"outofstock","10":"taxable","11":"shipping-taxable","12":"product-type-simple"},"aioseo_notices":[],"_links":{"self":[{"href":"https:\/\/www.oestepizzaparty.com.ar\/index.php?rest_route=\/wp\/v2\/product\/12703","targetHints":{"allow":["GET"]}}],"collection":[{"href":"https:\/\/www.oestepizzaparty.com.ar\/index.php?rest_route=\/wp\/v2\/product"}],"about":[{"href":"https:\/\/www.oestepizzaparty.com.ar\/index.php?rest_route=\/wp\/v2\/types\/product"}],"replies":[{"embeddable":true,"href":"https:\/\/www.oestepizzaparty.com.ar\/index.php?rest_route=%2Fwp%2Fv2%2Fcomments&post=12703"}],"wp:featuredmedia":[{"embeddable":true,"href":"https:\/\/www.oestepizzaparty.com.ar\/index.php?rest_route=\/wp\/v2\/media\/12704"}],"wp:attachment":[{"href":"https:\/\/www.oestepizzaparty.com.ar\/index.php?rest_route=%2Fwp%2Fv2%2Fmedia&parent=12703"}],"wp:term":[{"taxonomy":"product_brand","embeddable":true,"href":"https:\/\/www.oestepizzaparty.com.ar\/index.php?rest_route=%2Fwp%2Fv2%2Fproduct_brand&post=12703"},{"taxonomy":"product_cat","embeddable":true,"href":"https:\/\/www.oestepizzaparty.com.ar\/index.php?rest_route=%2Fwp%2Fv2%2Fproduct_cat&post=12703"},{"taxonomy":"product_tag","embeddable":true,"href":"https:\/\/www.oestepizzaparty.com.ar\/index.php?rest_route=%2Fwp%2Fv2%2Fproduct_tag&post=12703"}],"curies":[{"name":"wp","href":"https:\/\/api.w.org\/{rel}","templated":true}]}}