{"id":12708,"date":"2023-09-14T16:18:47","date_gmt":"2023-09-14T19:18:47","guid":{"rendered":"https:\/\/www.oestepizzaparty.com.ar\/?post_type=product&#038;p=12708"},"modified":"2026-04-01T10:31:39","modified_gmt":"2026-04-01T13:31:39","slug":"sal-marina-x-300gr-sal-de-aqui","status":"publish","type":"product","link":"https:\/\/www.oestepizzaparty.com.ar\/?product=sal-marina-x-300gr-sal-de-aqui","title":{"rendered":"Sal Marina x 300gr- Sal De Aqui"},"content":{"rendered":"<p>Sal Pen\u00ednsula Vald\u00e9s. Es el producto de la evaporaci\u00f3n de un dep\u00f3sito geol\u00f3gico de agua de mar por efecto de los vientos y del sol patag\u00f3nico. Fiel representante de su entorno silvestre, contenido alto en nutrientes naturales, Magnesio, Zinc, Potasio, Calcio, Fl\u00faor. Envasado de manera Artesanal.<\/p>\n","protected":false},"excerpt":{"rendered":"<p>Sal Pen\u00ednsula Vald\u00e9s. Es el producto de la evaporaci\u00f3n de un dep\u00f3sito geol\u00f3gico de agua de mar por efecto de los vientos y del sol patag\u00f3nico. Fiel representante de su entorno silvestre, contenido alto en nutrientes naturales, Magnesio, Zinc, Potasio, Calcio, Fl\u00faor. Envasado de manera Artesanal.<\/p>\n","protected":false},"featured_media":12709,"comment_status":"open","ping_status":"closed","template":"","meta":{"_et_pb_use_builder":"","_et_pb_old_content":"","_et_gb_content_width":"","om_disable_all_campaigns":false,"_monsterinsights_skip_tracking":false,"_monsterinsights_sitenote_active":false,"_monsterinsights_sitenote_note":"","_monsterinsights_sitenote_category":0,"_joinchat":[]},"product_brand":[],"product_cat":[719],"product_tag":[],"class_list":{"0":"post-12708","1":"product","2":"type-product","3":"status-publish","4":"has-post-thumbnail","6":"product_cat-condimentos-especias","8":"first","9":"instock","10":"taxable","11":"shipping-taxable","12":"purchasable","13":"product-type-simple"},"aioseo_notices":[],"_links":{"self":[{"href":"https:\/\/www.oestepizzaparty.com.ar\/index.php?rest_route=\/wp\/v2\/product\/12708","targetHints":{"allow":["GET"]}}],"collection":[{"href":"https:\/\/www.oestepizzaparty.com.ar\/index.php?rest_route=\/wp\/v2\/product"}],"about":[{"href":"https:\/\/www.oestepizzaparty.com.ar\/index.php?rest_route=\/wp\/v2\/types\/product"}],"replies":[{"embeddable":true,"href":"https:\/\/www.oestepizzaparty.com.ar\/index.php?rest_route=%2Fwp%2Fv2%2Fcomments&post=12708"}],"wp:featuredmedia":[{"embeddable":true,"href":"https:\/\/www.oestepizzaparty.com.ar\/index.php?rest_route=\/wp\/v2\/media\/12709"}],"wp:attachment":[{"href":"https:\/\/www.oestepizzaparty.com.ar\/index.php?rest_route=%2Fwp%2Fv2%2Fmedia&parent=12708"}],"wp:term":[{"taxonomy":"product_brand","embeddable":true,"href":"https:\/\/www.oestepizzaparty.com.ar\/index.php?rest_route=%2Fwp%2Fv2%2Fproduct_brand&post=12708"},{"taxonomy":"product_cat","embeddable":true,"href":"https:\/\/www.oestepizzaparty.com.ar\/index.php?rest_route=%2Fwp%2Fv2%2Fproduct_cat&post=12708"},{"taxonomy":"product_tag","embeddable":true,"href":"https:\/\/www.oestepizzaparty.com.ar\/index.php?rest_route=%2Fwp%2Fv2%2Fproduct_tag&post=12708"}],"curies":[{"name":"wp","href":"https:\/\/api.w.org\/{rel}","templated":true}]}}