{"id":13089,"date":"2023-11-01T13:23:36","date_gmt":"2023-11-01T16:23:36","guid":{"rendered":"https:\/\/www.oestepizzaparty.com.ar\/?post_type=product&#038;p=13089"},"modified":"2026-04-30T16:20:54","modified_gmt":"2026-04-30T19:20:54","slug":"nescafe-gold-x-100gr","status":"publish","type":"product","link":"https:\/\/www.oestepizzaparty.com.ar\/?product=nescafe-gold-x-100gr","title":{"rendered":"NESCAFE ESPRESSO GOLD X 100GR"},"content":{"rendered":"<p>Nescaf\u00e9 Espresso te ofrece las caracter\u00edsticas de un blend 100% de granos Ar\u00e1bicos y con la apariencia de una delicada crema. Una propuesta ideal para los amantes del caf\u00e9 espresso.<\/p>\n","protected":false},"excerpt":{"rendered":"<p>Nescaf\u00e9 Espresso te ofrece las caracter\u00edsticas de un blend 100% de granos Ar\u00e1bicos y con la apariencia de una delicada crema. Una propuesta ideal para los amantes del caf\u00e9 espresso.<\/p>\n","protected":false},"featured_media":15314,"comment_status":"open","ping_status":"closed","template":"","meta":{"_et_pb_use_builder":"","_et_pb_old_content":"","_et_gb_content_width":"","om_disable_all_campaigns":false,"_monsterinsights_skip_tracking":false,"_monsterinsights_sitenote_active":false,"_monsterinsights_sitenote_note":"","_monsterinsights_sitenote_category":0,"_joinchat":[]},"product_brand":[],"product_cat":[766],"product_tag":[],"class_list":{"0":"post-13089","1":"product","2":"type-product","3":"status-publish","4":"has-post-thumbnail","6":"product_cat-yerbas-cafe","8":"first","9":"instock","10":"taxable","11":"shipping-taxable","12":"purchasable","13":"product-type-simple"},"aioseo_notices":[],"_links":{"self":[{"href":"https:\/\/www.oestepizzaparty.com.ar\/index.php?rest_route=\/wp\/v2\/product\/13089","targetHints":{"allow":["GET"]}}],"collection":[{"href":"https:\/\/www.oestepizzaparty.com.ar\/index.php?rest_route=\/wp\/v2\/product"}],"about":[{"href":"https:\/\/www.oestepizzaparty.com.ar\/index.php?rest_route=\/wp\/v2\/types\/product"}],"replies":[{"embeddable":true,"href":"https:\/\/www.oestepizzaparty.com.ar\/index.php?rest_route=%2Fwp%2Fv2%2Fcomments&post=13089"}],"wp:featuredmedia":[{"embeddable":true,"href":"https:\/\/www.oestepizzaparty.com.ar\/index.php?rest_route=\/wp\/v2\/media\/15314"}],"wp:attachment":[{"href":"https:\/\/www.oestepizzaparty.com.ar\/index.php?rest_route=%2Fwp%2Fv2%2Fmedia&parent=13089"}],"wp:term":[{"taxonomy":"product_brand","embeddable":true,"href":"https:\/\/www.oestepizzaparty.com.ar\/index.php?rest_route=%2Fwp%2Fv2%2Fproduct_brand&post=13089"},{"taxonomy":"product_cat","embeddable":true,"href":"https:\/\/www.oestepizzaparty.com.ar\/index.php?rest_route=%2Fwp%2Fv2%2Fproduct_cat&post=13089"},{"taxonomy":"product_tag","embeddable":true,"href":"https:\/\/www.oestepizzaparty.com.ar\/index.php?rest_route=%2Fwp%2Fv2%2Fproduct_tag&post=13089"}],"curies":[{"name":"wp","href":"https:\/\/api.w.org\/{rel}","templated":true}]}}