{"id":13256,"date":"2023-11-21T11:13:37","date_gmt":"2023-11-21T14:13:37","guid":{"rendered":"https:\/\/www.oestepizzaparty.com.ar\/?post_type=product&#038;p=13256"},"modified":"2026-04-05T11:32:49","modified_gmt":"2026-04-05T14:32:49","slug":"espatula-de-acero-inoxidable-gi-metal","status":"publish","type":"product","link":"https:\/\/www.oestepizzaparty.com.ar\/?product=espatula-de-acero-inoxidable-gi-metal","title":{"rendered":"Esp\u00e1tula de Acero Inoxidable-Gi Metal"},"content":{"rendered":"<p>&nbsp;<\/p>\n<h4>Esp\u00e1tula para pizza, con hoja de acero inoxidable muy r\u00edgida, perfecta para cortar la masa y meterse f\u00e1cilmente debajo de las bolas de masa y levantarlas. La hoja de la esp\u00e1tula tiene dos caracter\u00edsticas distintivas. La parte inicial oblicua y no recta de la cuchilla permite utilizarla en posici\u00f3n lateral, sin dejar de ofrecer un contacto total con la superficie, y la invitaci\u00f3n especialmente afilada que facilita tanto el corte como el raspado. La cuchilla de acero tambi\u00e9n hace que sea muy f\u00e1cil de limpiar.<\/h4>\n<p>Mango ergon\u00f3mico de pol\u00edmero resistente al calor para mejorar el agarre por un lado, y por otro para que el mango resista hasta 200\u00b0 C y no se deforme aunque se olvide la esp\u00e1tula cerca de una placa de cocci\u00f3n o del horno.<\/p>\n","protected":false},"excerpt":{"rendered":"<p>&nbsp; Esp\u00e1tula para pizza, con hoja de acero inoxidable muy r\u00edgida, perfecta para cortar la masa y meterse f\u00e1cilmente debajo de las bolas de masa y levantarlas. La hoja de la esp\u00e1tula tiene dos caracter\u00edsticas distintivas. La parte inicial oblicua y no recta de la cuchilla permite utilizarla en posici\u00f3n lateral, sin dejar de ofrecer [&hellip;]<\/p>\n","protected":false},"featured_media":15476,"comment_status":"open","ping_status":"closed","template":"","meta":{"_et_pb_use_builder":"","_et_pb_old_content":"","_et_gb_content_width":"","om_disable_all_campaigns":false,"_monsterinsights_skip_tracking":false,"_monsterinsights_sitenote_active":false,"_monsterinsights_sitenote_note":"","_monsterinsights_sitenote_category":0,"_joinchat":[]},"product_brand":[],"product_cat":[702],"product_tag":[],"class_list":{"0":"post-13256","1":"product","2":"type-product","3":"status-publish","4":"has-post-thumbnail","6":"product_cat-herramientas-de-trabajo","8":"first","9":"outofstock","10":"taxable","11":"shipping-taxable","12":"purchasable","13":"product-type-simple"},"aioseo_notices":[],"_links":{"self":[{"href":"https:\/\/www.oestepizzaparty.com.ar\/index.php?rest_route=\/wp\/v2\/product\/13256","targetHints":{"allow":["GET"]}}],"collection":[{"href":"https:\/\/www.oestepizzaparty.com.ar\/index.php?rest_route=\/wp\/v2\/product"}],"about":[{"href":"https:\/\/www.oestepizzaparty.com.ar\/index.php?rest_route=\/wp\/v2\/types\/product"}],"replies":[{"embeddable":true,"href":"https:\/\/www.oestepizzaparty.com.ar\/index.php?rest_route=%2Fwp%2Fv2%2Fcomments&post=13256"}],"wp:featuredmedia":[{"embeddable":true,"href":"https:\/\/www.oestepizzaparty.com.ar\/index.php?rest_route=\/wp\/v2\/media\/15476"}],"wp:attachment":[{"href":"https:\/\/www.oestepizzaparty.com.ar\/index.php?rest_route=%2Fwp%2Fv2%2Fmedia&parent=13256"}],"wp:term":[{"taxonomy":"product_brand","embeddable":true,"href":"https:\/\/www.oestepizzaparty.com.ar\/index.php?rest_route=%2Fwp%2Fv2%2Fproduct_brand&post=13256"},{"taxonomy":"product_cat","embeddable":true,"href":"https:\/\/www.oestepizzaparty.com.ar\/index.php?rest_route=%2Fwp%2Fv2%2Fproduct_cat&post=13256"},{"taxonomy":"product_tag","embeddable":true,"href":"https:\/\/www.oestepizzaparty.com.ar\/index.php?rest_route=%2Fwp%2Fv2%2Fproduct_tag&post=13256"}],"curies":[{"name":"wp","href":"https:\/\/api.w.org\/{rel}","templated":true}]}}