{"id":13662,"date":"2023-12-28T10:57:36","date_gmt":"2023-12-28T13:57:36","guid":{"rendered":"https:\/\/www.oestepizzaparty.com.ar\/?post_type=product&#038;p=13662"},"modified":"2025-06-18T09:51:22","modified_gmt":"2025-06-18T12:51:22","slug":"farina-00-la-manitoba-x-10kg","status":"publish","type":"product","link":"https:\/\/www.oestepizzaparty.com.ar\/?product=farina-00-la-manitoba-x-10kg","title":{"rendered":"Harina Manitoba 00 x 10kg"},"content":{"rendered":"<p><strong>La harina de Manitoba es un tipo de harina de trigo con un alto contenido de gluten y prote\u00ednas, com\u00fanmente utilizada para procesos de maduraci\u00f3n y fermentaci\u00f3n largos en la elaboraci\u00f3n de panes y productos de panader\u00eda. Su alto contenido de gluten le da a la masa una mayor elasticidad y resistencia, lo que permite que la masa se estire y se expanda durante la fermentaci\u00f3n. Esto es especialmente importante en los procesos de fermentaci\u00f3n largos, donde la masa necesita sostener el peso del pan durante un per\u00edodo prolongado. Adem\u00e1s, la harina de Manitoba tambi\u00e9n tiene una mayor capacidad de absorci\u00f3n de agua, lo que facilita el proceso de amasado y da como resultado una masa m\u00e1s uniforme y manejable.<\/strong><br \/>\n<strong>Tambi\u00e9n se puede utilizar para la preparaci\u00f3n de pasta fresca y otros productos alimenticios.<\/strong><\/p>\n<p>&nbsp;<\/p>\n","protected":false},"excerpt":{"rendered":"<p>La harina de Manitoba es un tipo de harina de trigo con un alto contenido de gluten y prote\u00ednas, com\u00fanmente utilizada para procesos de maduraci\u00f3n y fermentaci\u00f3n largos en la elaboraci\u00f3n de panes y productos de panader\u00eda. Su alto contenido de gluten le da a la masa una mayor elasticidad y resistencia, lo que permite [&hellip;]<\/p>\n","protected":false},"featured_media":13663,"comment_status":"open","ping_status":"closed","template":"","meta":{"_et_pb_use_builder":"","_et_pb_old_content":"","_et_gb_content_width":"","om_disable_all_campaigns":false,"_monsterinsights_skip_tracking":false,"_monsterinsights_sitenote_active":false,"_monsterinsights_sitenote_note":"","_monsterinsights_sitenote_category":0,"_joinchat":[]},"product_brand":[],"product_cat":[693],"product_tag":[],"class_list":{"0":"post-13662","1":"product","2":"type-product","3":"status-publish","4":"has-post-thumbnail","6":"product_cat-harinas-importadas","8":"first","9":"outofstock","10":"taxable","11":"shipping-taxable","12":"product-type-simple"},"aioseo_notices":[],"_links":{"self":[{"href":"https:\/\/www.oestepizzaparty.com.ar\/index.php?rest_route=\/wp\/v2\/product\/13662","targetHints":{"allow":["GET"]}}],"collection":[{"href":"https:\/\/www.oestepizzaparty.com.ar\/index.php?rest_route=\/wp\/v2\/product"}],"about":[{"href":"https:\/\/www.oestepizzaparty.com.ar\/index.php?rest_route=\/wp\/v2\/types\/product"}],"replies":[{"embeddable":true,"href":"https:\/\/www.oestepizzaparty.com.ar\/index.php?rest_route=%2Fwp%2Fv2%2Fcomments&post=13662"}],"wp:featuredmedia":[{"embeddable":true,"href":"https:\/\/www.oestepizzaparty.com.ar\/index.php?rest_route=\/wp\/v2\/media\/13663"}],"wp:attachment":[{"href":"https:\/\/www.oestepizzaparty.com.ar\/index.php?rest_route=%2Fwp%2Fv2%2Fmedia&parent=13662"}],"wp:term":[{"taxonomy":"product_brand","embeddable":true,"href":"https:\/\/www.oestepizzaparty.com.ar\/index.php?rest_route=%2Fwp%2Fv2%2Fproduct_brand&post=13662"},{"taxonomy":"product_cat","embeddable":true,"href":"https:\/\/www.oestepizzaparty.com.ar\/index.php?rest_route=%2Fwp%2Fv2%2Fproduct_cat&post=13662"},{"taxonomy":"product_tag","embeddable":true,"href":"https:\/\/www.oestepizzaparty.com.ar\/index.php?rest_route=%2Fwp%2Fv2%2Fproduct_tag&post=13662"}],"curies":[{"name":"wp","href":"https:\/\/api.w.org\/{rel}","templated":true}]}}