{"id":14324,"date":"2024-03-04T16:43:34","date_gmt":"2024-03-04T19:43:34","guid":{"rendered":"https:\/\/www.oestepizzaparty.com.ar\/?post_type=product&#038;p=14324"},"modified":"2026-02-22T07:26:51","modified_gmt":"2026-02-22T10:26:51","slug":"levadura-seca-mauripan-x-500gr-para-masas-dulces","status":"publish","type":"product","link":"https:\/\/www.oestepizzaparty.com.ar\/?product=levadura-seca-mauripan-x-500gr-para-masas-dulces","title":{"rendered":"LEVADURA SECA MAURIPAN X 500GR (AMARILLA MASAS DULCES)"},"content":{"rendered":"<div class=\"wpb_text_column wpb_content_element \">\n<div class=\"wpb_wrapper\"><\/div>\n<\/div>\n<div class=\"vc_empty_space\"><\/div>\n<div class=\"wpb_text_column wpb_content_element \">\n<div class=\"wpb_wrapper\">Esta levadura especial para masas dulces se usa en masas fermentadas tipo rosc\u00f3n de Reyes, en donde la cantidad de az\u00facar de la masa hace que la levadura seca de panadero fermente peor.<\/div>\n<\/div>\n<div class=\"wpb_text_column wpb_content_element \">\n<div class=\"wpb_wrapper\">\n<p>&nbsp;<\/p>\n<\/div>\n<\/div>\n<div class=\"vc_empty_space\">\n<h2>\u00bfPuedo usar esta levadura para hacer pan normal?<\/h2>\n<p>S\u00ed, esta levadura sirve tambi\u00e9n para masas normales de pan.<\/p>\n<h2>Dosificaci\u00f3n<\/h2>\n<ul>\n<li>\u00a03 gramos de levadura por cada 500 gramos de harina\u00a0para masas dulces fermentadas (roscones de Reyes, brioches, etc.)<\/li>\n<li>2 gramos de levadura por 500 gramos de harina en panes que no lleven az\u00facar ni mantequilla.<\/li>\n<\/ul>\n<h2>\u00bfCu\u00e1nto pan puedo hacer con este paquete de levadura?<\/h2>\n<p>Con este paquete de levadura de 500 gramos tienes cantidad suficiente para hacer m\u00e1s de 200 panes.<\/p>\n<h2>Advertencia importante<\/h2>\n<p>Esta levadura\u00a0<strong>no es lo mismo<\/strong> que la levadura quimica de reposteria para bizcochos, magdalenas o galletas.<\/p>\n<p>No se puede usar una en vez de la otra.<\/p>\n<\/div>\n<div class=\"wpb_text_column wpb_content_element \">\n<div class=\"wpb_wrapper\"><\/div>\n<\/div>\n<div class=\"wpb_text_column wpb_content_element \">\n<div class=\"wpb_wrapper\">\n<p>&nbsp;<\/p>\n<\/div>\n<\/div>\n","protected":false},"excerpt":{"rendered":"<p>Esta levadura especial para masas dulces se usa en masas fermentadas tipo rosc\u00f3n de Reyes, en donde la cantidad de az\u00facar de la masa hace que la levadura seca de panadero fermente peor. &nbsp; \u00bfPuedo usar esta levadura para hacer pan normal? S\u00ed, esta levadura sirve tambi\u00e9n para masas normales de pan. Dosificaci\u00f3n \u00a03 gramos [&hellip;]<\/p>\n","protected":false},"featured_media":14325,"comment_status":"open","ping_status":"closed","template":"","meta":{"_et_pb_use_builder":"","_et_pb_old_content":"","_et_gb_content_width":"","om_disable_all_campaigns":false,"_monsterinsights_skip_tracking":false,"_monsterinsights_sitenote_active":false,"_monsterinsights_sitenote_note":"","_monsterinsights_sitenote_category":0,"_joinchat":[]},"product_brand":[],"product_cat":[763],"product_tag":[],"class_list":{"0":"post-14324","1":"product","2":"type-product","3":"status-publish","4":"has-post-thumbnail","6":"product_cat-levaduras","8":"first","9":"outofstock","10":"taxable","11":"shipping-taxable","12":"product-type-simple"},"aioseo_notices":[],"_links":{"self":[{"href":"https:\/\/www.oestepizzaparty.com.ar\/index.php?rest_route=\/wp\/v2\/product\/14324","targetHints":{"allow":["GET"]}}],"collection":[{"href":"https:\/\/www.oestepizzaparty.com.ar\/index.php?rest_route=\/wp\/v2\/product"}],"about":[{"href":"https:\/\/www.oestepizzaparty.com.ar\/index.php?rest_route=\/wp\/v2\/types\/product"}],"replies":[{"embeddable":true,"href":"https:\/\/www.oestepizzaparty.com.ar\/index.php?rest_route=%2Fwp%2Fv2%2Fcomments&post=14324"}],"wp:featuredmedia":[{"embeddable":true,"href":"https:\/\/www.oestepizzaparty.com.ar\/index.php?rest_route=\/wp\/v2\/media\/14325"}],"wp:attachment":[{"href":"https:\/\/www.oestepizzaparty.com.ar\/index.php?rest_route=%2Fwp%2Fv2%2Fmedia&parent=14324"}],"wp:term":[{"taxonomy":"product_brand","embeddable":true,"href":"https:\/\/www.oestepizzaparty.com.ar\/index.php?rest_route=%2Fwp%2Fv2%2Fproduct_brand&post=14324"},{"taxonomy":"product_cat","embeddable":true,"href":"https:\/\/www.oestepizzaparty.com.ar\/index.php?rest_route=%2Fwp%2Fv2%2Fproduct_cat&post=14324"},{"taxonomy":"product_tag","embeddable":true,"href":"https:\/\/www.oestepizzaparty.com.ar\/index.php?rest_route=%2Fwp%2Fv2%2Fproduct_tag&post=14324"}],"curies":[{"name":"wp","href":"https:\/\/api.w.org\/{rel}","templated":true}]}}