{"id":14327,"date":"2024-03-05T09:37:50","date_gmt":"2024-03-05T12:37:50","guid":{"rendered":"https:\/\/www.oestepizzaparty.com.ar\/?post_type=product&#038;p=14327"},"modified":"2026-04-10T17:15:39","modified_gmt":"2026-04-10T20:15:39","slug":"harina-de-almendras-x-1kg-el-peoncito","status":"publish","type":"product","link":"https:\/\/www.oestepizzaparty.com.ar\/?product=harina-de-almendras-x-1kg-el-peoncito","title":{"rendered":"HARINA DE ALMENDRAS X 1KG- EL PEONCITO"},"content":{"rendered":"<p>Harina De Almendras 1kg El Peoncito Pura Natural Por Kilo<\/p>\n<p>M\u00e1s saludable y nutritiva que cualquier harina blanca, alternativa para celiacos, diab\u00e9ticos y aquellos que quieran mejorar la alimentaci\u00f3n.<br \/>\nLa harina de almendras, como su propio nombre indica, est\u00e1 elaborada a base de almendras. Estas se blanquean para quitar la piel y despu\u00e9s se molen hasta obtener una textura fina y suave.<\/p>\n<p>&nbsp;<\/p>\n","protected":false},"excerpt":{"rendered":"<p>Harina De Almendras 1kg El Peoncito Pura Natural Por Kilo M\u00e1s saludable y nutritiva que cualquier harina blanca, alternativa para celiacos, diab\u00e9ticos y aquellos que quieran mejorar la alimentaci\u00f3n. La harina de almendras, como su propio nombre indica, est\u00e1 elaborada a base de almendras. Estas se blanquean para quitar la piel y despu\u00e9s se molen [&hellip;]<\/p>\n","protected":false},"featured_media":14328,"comment_status":"open","ping_status":"closed","template":"","meta":{"_et_pb_use_builder":"","_et_pb_old_content":"","_et_gb_content_width":"","om_disable_all_campaigns":false,"_monsterinsights_skip_tracking":false,"_monsterinsights_sitenote_active":false,"_monsterinsights_sitenote_note":"","_monsterinsights_sitenote_category":0,"_joinchat":[]},"product_brand":[],"product_cat":[743],"product_tag":[],"class_list":{"0":"post-14327","1":"product","2":"type-product","3":"status-publish","4":"has-post-thumbnail","6":"product_cat-harinas-varias-feculas","8":"first","9":"instock","10":"taxable","11":"shipping-taxable","12":"purchasable","13":"product-type-simple"},"aioseo_notices":[],"_links":{"self":[{"href":"https:\/\/www.oestepizzaparty.com.ar\/index.php?rest_route=\/wp\/v2\/product\/14327","targetHints":{"allow":["GET"]}}],"collection":[{"href":"https:\/\/www.oestepizzaparty.com.ar\/index.php?rest_route=\/wp\/v2\/product"}],"about":[{"href":"https:\/\/www.oestepizzaparty.com.ar\/index.php?rest_route=\/wp\/v2\/types\/product"}],"replies":[{"embeddable":true,"href":"https:\/\/www.oestepizzaparty.com.ar\/index.php?rest_route=%2Fwp%2Fv2%2Fcomments&post=14327"}],"wp:featuredmedia":[{"embeddable":true,"href":"https:\/\/www.oestepizzaparty.com.ar\/index.php?rest_route=\/wp\/v2\/media\/14328"}],"wp:attachment":[{"href":"https:\/\/www.oestepizzaparty.com.ar\/index.php?rest_route=%2Fwp%2Fv2%2Fmedia&parent=14327"}],"wp:term":[{"taxonomy":"product_brand","embeddable":true,"href":"https:\/\/www.oestepizzaparty.com.ar\/index.php?rest_route=%2Fwp%2Fv2%2Fproduct_brand&post=14327"},{"taxonomy":"product_cat","embeddable":true,"href":"https:\/\/www.oestepizzaparty.com.ar\/index.php?rest_route=%2Fwp%2Fv2%2Fproduct_cat&post=14327"},{"taxonomy":"product_tag","embeddable":true,"href":"https:\/\/www.oestepizzaparty.com.ar\/index.php?rest_route=%2Fwp%2Fv2%2Fproduct_tag&post=14327"}],"curies":[{"name":"wp","href":"https:\/\/api.w.org\/{rel}","templated":true}]}}