{"id":14493,"date":"2024-03-22T15:47:30","date_gmt":"2024-03-22T18:47:30","guid":{"rendered":"https:\/\/www.oestepizzaparty.com.ar\/?post_type=product&#038;p=14493"},"modified":"2026-04-09T12:31:50","modified_gmt":"2026-04-09T15:31:50","slug":"italian-seasoning-354g-badia","status":"publish","type":"product","link":"https:\/\/www.oestepizzaparty.com.ar\/?product=italian-seasoning-354g-badia","title":{"rendered":"ITALIAN SEASONING 35,4g- BADIA"},"content":{"rendered":"<p>Este peque\u00f1o frasco de hierbas y especias equilibradas y cuidadosamente seleccionadas se combina a la perfecci\u00f3n. Sus carnes, aves, pescados, pastas y especialmente preparaciones a base de tomate tendr\u00e1n el aroma y el sabor del Mediterr\u00e1neo.<\/p>\n","protected":false},"excerpt":{"rendered":"<p>Este peque\u00f1o frasco de hierbas y especias equilibradas y cuidadosamente seleccionadas se combina a la perfecci\u00f3n. Sus carnes, aves, pescados, pastas y especialmente preparaciones a base de tomate tendr\u00e1n el aroma y el sabor del Mediterr\u00e1neo.<\/p>\n","protected":false},"featured_media":14494,"comment_status":"open","ping_status":"closed","template":"","meta":{"_et_pb_use_builder":"","_et_pb_old_content":"","_et_gb_content_width":"","om_disable_all_campaigns":false,"_monsterinsights_skip_tracking":false,"_monsterinsights_sitenote_active":false,"_monsterinsights_sitenote_note":"","_monsterinsights_sitenote_category":0,"_joinchat":[]},"product_brand":[],"product_cat":[719],"product_tag":[],"class_list":{"0":"post-14493","1":"product","2":"type-product","3":"status-publish","4":"has-post-thumbnail","6":"product_cat-condimentos-especias","8":"first","9":"instock","10":"taxable","11":"shipping-taxable","12":"purchasable","13":"product-type-simple"},"aioseo_notices":[],"_links":{"self":[{"href":"https:\/\/www.oestepizzaparty.com.ar\/index.php?rest_route=\/wp\/v2\/product\/14493","targetHints":{"allow":["GET"]}}],"collection":[{"href":"https:\/\/www.oestepizzaparty.com.ar\/index.php?rest_route=\/wp\/v2\/product"}],"about":[{"href":"https:\/\/www.oestepizzaparty.com.ar\/index.php?rest_route=\/wp\/v2\/types\/product"}],"replies":[{"embeddable":true,"href":"https:\/\/www.oestepizzaparty.com.ar\/index.php?rest_route=%2Fwp%2Fv2%2Fcomments&post=14493"}],"wp:featuredmedia":[{"embeddable":true,"href":"https:\/\/www.oestepizzaparty.com.ar\/index.php?rest_route=\/wp\/v2\/media\/14494"}],"wp:attachment":[{"href":"https:\/\/www.oestepizzaparty.com.ar\/index.php?rest_route=%2Fwp%2Fv2%2Fmedia&parent=14493"}],"wp:term":[{"taxonomy":"product_brand","embeddable":true,"href":"https:\/\/www.oestepizzaparty.com.ar\/index.php?rest_route=%2Fwp%2Fv2%2Fproduct_brand&post=14493"},{"taxonomy":"product_cat","embeddable":true,"href":"https:\/\/www.oestepizzaparty.com.ar\/index.php?rest_route=%2Fwp%2Fv2%2Fproduct_cat&post=14493"},{"taxonomy":"product_tag","embeddable":true,"href":"https:\/\/www.oestepizzaparty.com.ar\/index.php?rest_route=%2Fwp%2Fv2%2Fproduct_tag&post=14493"}],"curies":[{"name":"wp","href":"https:\/\/api.w.org\/{rel}","templated":true}]}}