{"id":14520,"date":"2024-03-28T08:21:40","date_gmt":"2024-03-28T11:21:40","guid":{"rendered":"https:\/\/www.oestepizzaparty.com.ar\/?post_type=product&#038;p=14520"},"modified":"2026-04-08T17:23:54","modified_gmt":"2026-04-08T20:23:54","slug":"pimienta-lima-1843g-badia","status":"publish","type":"product","link":"https:\/\/www.oestepizzaparty.com.ar\/?product=pimienta-lima-1843g-badia","title":{"rendered":"PIMIENTA LIMA 184,3g- BADIA"},"content":{"rendered":"<p>Realce el sabor de sus comidas favoritas con la maravillosa mezcla de lima y pimienta negra. Espolvoree libremente sobre cualquier tipo de prote\u00edna para a\u00f1adir un toque c\u00edtrico fresco a sus comidas. Cree deliciosos ali\u00f1os y adobos para infundir magia a todas sus comidas.<\/p>\n","protected":false},"excerpt":{"rendered":"<p>Realce el sabor de sus comidas favoritas con la maravillosa mezcla de lima y pimienta negra. Espolvoree libremente sobre cualquier tipo de prote\u00edna para a\u00f1adir un toque c\u00edtrico fresco a sus comidas. Cree deliciosos ali\u00f1os y adobos para infundir magia a todas sus comidas.<\/p>\n","protected":false},"featured_media":14521,"comment_status":"open","ping_status":"closed","template":"","meta":{"_et_pb_use_builder":"","_et_pb_old_content":"","_et_gb_content_width":"","om_disable_all_campaigns":false,"_monsterinsights_skip_tracking":false,"_monsterinsights_sitenote_active":false,"_monsterinsights_sitenote_note":"","_monsterinsights_sitenote_category":0,"_joinchat":[]},"product_brand":[],"product_cat":[719],"product_tag":[],"class_list":{"0":"post-14520","1":"product","2":"type-product","3":"status-publish","4":"has-post-thumbnail","6":"product_cat-condimentos-especias","8":"first","9":"instock","10":"taxable","11":"shipping-taxable","12":"purchasable","13":"product-type-simple"},"aioseo_notices":[],"_links":{"self":[{"href":"https:\/\/www.oestepizzaparty.com.ar\/index.php?rest_route=\/wp\/v2\/product\/14520","targetHints":{"allow":["GET"]}}],"collection":[{"href":"https:\/\/www.oestepizzaparty.com.ar\/index.php?rest_route=\/wp\/v2\/product"}],"about":[{"href":"https:\/\/www.oestepizzaparty.com.ar\/index.php?rest_route=\/wp\/v2\/types\/product"}],"replies":[{"embeddable":true,"href":"https:\/\/www.oestepizzaparty.com.ar\/index.php?rest_route=%2Fwp%2Fv2%2Fcomments&post=14520"}],"wp:featuredmedia":[{"embeddable":true,"href":"https:\/\/www.oestepizzaparty.com.ar\/index.php?rest_route=\/wp\/v2\/media\/14521"}],"wp:attachment":[{"href":"https:\/\/www.oestepizzaparty.com.ar\/index.php?rest_route=%2Fwp%2Fv2%2Fmedia&parent=14520"}],"wp:term":[{"taxonomy":"product_brand","embeddable":true,"href":"https:\/\/www.oestepizzaparty.com.ar\/index.php?rest_route=%2Fwp%2Fv2%2Fproduct_brand&post=14520"},{"taxonomy":"product_cat","embeddable":true,"href":"https:\/\/www.oestepizzaparty.com.ar\/index.php?rest_route=%2Fwp%2Fv2%2Fproduct_cat&post=14520"},{"taxonomy":"product_tag","embeddable":true,"href":"https:\/\/www.oestepizzaparty.com.ar\/index.php?rest_route=%2Fwp%2Fv2%2Fproduct_tag&post=14520"}],"curies":[{"name":"wp","href":"https:\/\/api.w.org\/{rel}","templated":true}]}}