{"id":14544,"date":"2024-04-03T11:47:47","date_gmt":"2024-04-03T14:47:47","guid":{"rendered":"https:\/\/www.oestepizzaparty.com.ar\/?post_type=product&#038;p=14544"},"modified":"2026-03-09T10:42:10","modified_gmt":"2026-03-09T13:42:10","slug":"mutti-salsa-para-pasta-con-aceitunas-x-400g","status":"publish","type":"product","link":"https:\/\/www.oestepizzaparty.com.ar\/?product=mutti-salsa-para-pasta-con-aceitunas-x-400g","title":{"rendered":"Mutti Salsa Para Pasta con Aceitunas x 400g   Vec 1\/03\/27"},"content":{"rendered":"<p>Vivo, sabroso y con trozos. Tomate cherry y Aceitunas Leccino. Las salsas para pasta Mutti utilizan s\u00f3lo tomates de verano 100% italianos de la m\u00e1s alta calidad, recogidos en su punto m\u00e1ximo de madurez. Elegimos cuidadosamente la variedad de tomate espec\u00edfica que mejor combina con nuestros ingredientes italianos \u00fanicos. Aqu\u00ed, el animado tomate cherry se combina con aceitunas Leccino, una variedad italiana de aceituna considerada una de las variedades italianas m\u00e1s r\u00fasticas cultivadas en las regiones de Umbr\u00eda y Toscana. Las aceitunas se mantienen enteras para obtener una textura con trozos.<\/p>\n","protected":false},"excerpt":{"rendered":"<p>Vivo, sabroso y con trozos. Tomate cherry y Aceitunas Leccino. Las salsas para pasta Mutti utilizan s\u00f3lo tomates de verano 100% italianos de la m\u00e1s alta calidad, recogidos en su punto m\u00e1ximo de madurez. Elegimos cuidadosamente la variedad de tomate espec\u00edfica que mejor combina con nuestros ingredientes italianos \u00fanicos. Aqu\u00ed, el animado tomate cherry se [&hellip;]<\/p>\n","protected":false},"featured_media":14545,"comment_status":"open","ping_status":"closed","template":"","meta":{"_et_pb_use_builder":"","_et_pb_old_content":"","_et_gb_content_width":"","om_disable_all_campaigns":false,"_monsterinsights_skip_tracking":false,"_monsterinsights_sitenote_active":false,"_monsterinsights_sitenote_note":"","_monsterinsights_sitenote_category":0,"_joinchat":[]},"product_brand":[],"product_cat":[713,717],"product_tag":[],"class_list":{"0":"post-14544","1":"product","2":"type-product","3":"status-publish","4":"has-post-thumbnail","6":"product_cat-aderezos-salsas","7":"product_cat-tomates-importados","9":"first","10":"outofstock","11":"taxable","12":"shipping-taxable","13":"purchasable","14":"product-type-simple"},"aioseo_notices":[],"_links":{"self":[{"href":"https:\/\/www.oestepizzaparty.com.ar\/index.php?rest_route=\/wp\/v2\/product\/14544","targetHints":{"allow":["GET"]}}],"collection":[{"href":"https:\/\/www.oestepizzaparty.com.ar\/index.php?rest_route=\/wp\/v2\/product"}],"about":[{"href":"https:\/\/www.oestepizzaparty.com.ar\/index.php?rest_route=\/wp\/v2\/types\/product"}],"replies":[{"embeddable":true,"href":"https:\/\/www.oestepizzaparty.com.ar\/index.php?rest_route=%2Fwp%2Fv2%2Fcomments&post=14544"}],"wp:featuredmedia":[{"embeddable":true,"href":"https:\/\/www.oestepizzaparty.com.ar\/index.php?rest_route=\/wp\/v2\/media\/14545"}],"wp:attachment":[{"href":"https:\/\/www.oestepizzaparty.com.ar\/index.php?rest_route=%2Fwp%2Fv2%2Fmedia&parent=14544"}],"wp:term":[{"taxonomy":"product_brand","embeddable":true,"href":"https:\/\/www.oestepizzaparty.com.ar\/index.php?rest_route=%2Fwp%2Fv2%2Fproduct_brand&post=14544"},{"taxonomy":"product_cat","embeddable":true,"href":"https:\/\/www.oestepizzaparty.com.ar\/index.php?rest_route=%2Fwp%2Fv2%2Fproduct_cat&post=14544"},{"taxonomy":"product_tag","embeddable":true,"href":"https:\/\/www.oestepizzaparty.com.ar\/index.php?rest_route=%2Fwp%2Fv2%2Fproduct_tag&post=14544"}],"curies":[{"name":"wp","href":"https:\/\/api.w.org\/{rel}","templated":true}]}}