{"id":14605,"date":"2024-04-10T16:01:00","date_gmt":"2024-04-10T19:01:00","guid":{"rendered":"https:\/\/www.oestepizzaparty.com.ar\/?post_type=product&#038;p=14605"},"modified":"2026-03-17T07:59:30","modified_gmt":"2026-03-17T10:59:30","slug":"harina-integral-organica-de-molino-chacabuco-10-x-1kg","status":"publish","type":"product","link":"https:\/\/www.oestepizzaparty.com.ar\/?product=harina-integral-organica-de-molino-chacabuco-10-x-1kg","title":{"rendered":"PACK 10 X 750gr HARINA INTEGRAL ORGANICA &#8211; MOLINO CHACABUCO"},"content":{"rendered":"<p>La harina Chacabuco\u00ae integral de trigo org\u00e1nica es obtenida a partir de la cuidadosa selecci\u00f3n de trigos org\u00e1nicos certificados. Es un producto natural que conserva todas las propiedades nutricionales del grano entero. Elaborada en cumplimiento con la Norma Org\u00e1nica Argentina, sin agroqu\u00edmicos ni transg\u00e9nicos. Su granulometr\u00eda fina la hace ideal para todo tipo de preparaciones tanto dulces como saladas.<\/p>\n<p><strong>PROMO 2 X 1- PAGAS UNO Y TE LLEVAS DOS<\/strong><\/p>\n","protected":false},"excerpt":{"rendered":"<p>La harina Chacabuco\u00ae integral de trigo org\u00e1nica es obtenida a partir de la cuidadosa selecci\u00f3n de trigos org\u00e1nicos certificados. Es un producto natural que conserva todas las propiedades nutricionales del grano entero. Elaborada en cumplimiento con la Norma Org\u00e1nica Argentina, sin agroqu\u00edmicos ni transg\u00e9nicos. Su granulometr\u00eda fina la hace ideal para todo tipo de preparaciones [&hellip;]<\/p>\n","protected":false},"featured_media":14604,"comment_status":"open","ping_status":"closed","template":"","meta":{"_et_pb_use_builder":"","_et_pb_old_content":"","_et_gb_content_width":"","om_disable_all_campaigns":false,"_monsterinsights_skip_tracking":false,"_monsterinsights_sitenote_active":false,"_monsterinsights_sitenote_note":"","_monsterinsights_sitenote_category":0,"_joinchat":[]},"product_brand":[],"product_cat":[732],"product_tag":[],"class_list":{"0":"post-14605","1":"product","2":"type-product","3":"status-publish","4":"has-post-thumbnail","6":"product_cat-molino-chacabuco","8":"first","9":"outofstock","10":"taxable","11":"shipping-taxable","12":"product-type-simple"},"aioseo_notices":[],"_links":{"self":[{"href":"https:\/\/www.oestepizzaparty.com.ar\/index.php?rest_route=\/wp\/v2\/product\/14605","targetHints":{"allow":["GET"]}}],"collection":[{"href":"https:\/\/www.oestepizzaparty.com.ar\/index.php?rest_route=\/wp\/v2\/product"}],"about":[{"href":"https:\/\/www.oestepizzaparty.com.ar\/index.php?rest_route=\/wp\/v2\/types\/product"}],"replies":[{"embeddable":true,"href":"https:\/\/www.oestepizzaparty.com.ar\/index.php?rest_route=%2Fwp%2Fv2%2Fcomments&post=14605"}],"wp:featuredmedia":[{"embeddable":true,"href":"https:\/\/www.oestepizzaparty.com.ar\/index.php?rest_route=\/wp\/v2\/media\/14604"}],"wp:attachment":[{"href":"https:\/\/www.oestepizzaparty.com.ar\/index.php?rest_route=%2Fwp%2Fv2%2Fmedia&parent=14605"}],"wp:term":[{"taxonomy":"product_brand","embeddable":true,"href":"https:\/\/www.oestepizzaparty.com.ar\/index.php?rest_route=%2Fwp%2Fv2%2Fproduct_brand&post=14605"},{"taxonomy":"product_cat","embeddable":true,"href":"https:\/\/www.oestepizzaparty.com.ar\/index.php?rest_route=%2Fwp%2Fv2%2Fproduct_cat&post=14605"},{"taxonomy":"product_tag","embeddable":true,"href":"https:\/\/www.oestepizzaparty.com.ar\/index.php?rest_route=%2Fwp%2Fv2%2Fproduct_tag&post=14605"}],"curies":[{"name":"wp","href":"https:\/\/api.w.org\/{rel}","templated":true}]}}