{"id":14694,"date":"2024-04-15T11:54:59","date_gmt":"2024-04-15T14:54:59","guid":{"rendered":"https:\/\/www.oestepizzaparty.com.ar\/?post_type=product&#038;p=14694"},"modified":"2026-05-02T16:54:44","modified_gmt":"2026-05-02T19:54:44","slug":"harina-molino-mayal-integral-organica-de-trigo-000-x-25kg","status":"publish","type":"product","link":"https:\/\/www.oestepizzaparty.com.ar\/?product=harina-molino-mayal-integral-organica-de-trigo-000-x-25kg","title":{"rendered":"Harina \u00abMOLINO MAYAL\u00bb Integral Organica de Trigo 000 x 25kg"},"content":{"rendered":"<p>Harina de Trigo Org\u00e1nico Integral<br \/>\nLos granos vienen de un campo de m\u00e1s de 40 a\u00f1os, libre de agrot\u00f3xicos y fertilizantes, una visi\u00f3n ejemplar en el pa\u00eds.<br \/>\nEl proceso de molienda artesanal en molino de piedra permite que las harinas conserven todo el sabor y el aroma de los cereales. El proceso de molienda es m\u00e1s sencillo y menos agresivo para el grano, lo que ayuda a que la harina conserve mejor los aceites arom\u00e1ticos del grano y las propiedades originales del mismo.<br \/>\nTodas nuestras harinas molidas a piedra son 100% naturales, sin aditivos: s\u00f3lo grano molido.<\/p>\n","protected":false},"excerpt":{"rendered":"<p>Harina de Trigo Org\u00e1nico Integral Los granos vienen de un campo de m\u00e1s de 40 a\u00f1os, libre de agrot\u00f3xicos y fertilizantes, una visi\u00f3n ejemplar en el pa\u00eds. El proceso de molienda artesanal en molino de piedra permite que las harinas conserven todo el sabor y el aroma de los cereales. El proceso de molienda es [&hellip;]<\/p>\n","protected":false},"featured_media":14669,"comment_status":"open","ping_status":"closed","template":"","meta":{"_et_pb_use_builder":"","_et_pb_old_content":"","_et_gb_content_width":"","om_disable_all_campaigns":false,"_monsterinsights_skip_tracking":false,"_monsterinsights_sitenote_active":false,"_monsterinsights_sitenote_note":"","_monsterinsights_sitenote_category":0,"_joinchat":[]},"product_brand":[],"product_cat":[769],"product_tag":[],"class_list":{"0":"post-14694","1":"product","2":"type-product","3":"status-publish","4":"has-post-thumbnail","6":"product_cat-molino-mayal-integrales-organicas","8":"first","9":"outofstock","10":"taxable","11":"shipping-taxable","12":"purchasable","13":"product-type-simple"},"aioseo_notices":[],"_links":{"self":[{"href":"https:\/\/www.oestepizzaparty.com.ar\/index.php?rest_route=\/wp\/v2\/product\/14694","targetHints":{"allow":["GET"]}}],"collection":[{"href":"https:\/\/www.oestepizzaparty.com.ar\/index.php?rest_route=\/wp\/v2\/product"}],"about":[{"href":"https:\/\/www.oestepizzaparty.com.ar\/index.php?rest_route=\/wp\/v2\/types\/product"}],"replies":[{"embeddable":true,"href":"https:\/\/www.oestepizzaparty.com.ar\/index.php?rest_route=%2Fwp%2Fv2%2Fcomments&post=14694"}],"wp:featuredmedia":[{"embeddable":true,"href":"https:\/\/www.oestepizzaparty.com.ar\/index.php?rest_route=\/wp\/v2\/media\/14669"}],"wp:attachment":[{"href":"https:\/\/www.oestepizzaparty.com.ar\/index.php?rest_route=%2Fwp%2Fv2%2Fmedia&parent=14694"}],"wp:term":[{"taxonomy":"product_brand","embeddable":true,"href":"https:\/\/www.oestepizzaparty.com.ar\/index.php?rest_route=%2Fwp%2Fv2%2Fproduct_brand&post=14694"},{"taxonomy":"product_cat","embeddable":true,"href":"https:\/\/www.oestepizzaparty.com.ar\/index.php?rest_route=%2Fwp%2Fv2%2Fproduct_cat&post=14694"},{"taxonomy":"product_tag","embeddable":true,"href":"https:\/\/www.oestepizzaparty.com.ar\/index.php?rest_route=%2Fwp%2Fv2%2Fproduct_tag&post=14694"}],"curies":[{"name":"wp","href":"https:\/\/api.w.org\/{rel}","templated":true}]}}