{"id":14724,"date":"2024-04-18T16:47:48","date_gmt":"2024-04-18T19:47:48","guid":{"rendered":"https:\/\/www.oestepizzaparty.com.ar\/?post_type=product&#038;p=14724"},"modified":"2026-04-29T14:18:33","modified_gmt":"2026-04-29T17:18:33","slug":"grenador-lame","status":"publish","type":"product","link":"https:\/\/www.oestepizzaparty.com.ar\/?product=grenador-lame","title":{"rendered":"Gre\u00f1ador\/Lame"},"content":{"rendered":"<p>Como en cualquier especialidad, la panader\u00eda dispone de herramientas y utensilios que facilitan y ayudan en su elaboraci\u00f3n; uno de ellos es la cuchilla o lame. Se conoce como cuchilla para pan, gre\u00f1adora o lame al instrumento de corte que se utiliza para gre\u00f1ar el pan. (Gre\u00f1ar es realizar los cortes a la maza que luego le dar\u00e1n forma al modo que rompe el pan en la superficie una vez entrado en el horno.)<br \/>\nLo m\u00e1s importante del lame luego del filo de la cuchilla, es el \u00e1ngulo de corte. \u00c9ste debe ser el correcto para poder realizar cortes igualmente perfectos en la masa de pan antes de hornearla.<\/p>\n","protected":false},"excerpt":{"rendered":"<p>Como en cualquier especialidad, la panader\u00eda dispone de herramientas y utensilios que facilitan y ayudan en su elaboraci\u00f3n; uno de ellos es la cuchilla o lame. Se conoce como cuchilla para pan, gre\u00f1adora o lame al instrumento de corte que se utiliza para gre\u00f1ar el pan. (Gre\u00f1ar es realizar los cortes a la maza que [&hellip;]<\/p>\n","protected":false},"featured_media":14725,"comment_status":"open","ping_status":"closed","template":"","meta":{"_et_pb_use_builder":"","_et_pb_old_content":"","_et_gb_content_width":"","om_disable_all_campaigns":false,"_monsterinsights_skip_tracking":false,"_monsterinsights_sitenote_active":false,"_monsterinsights_sitenote_note":"","_monsterinsights_sitenote_category":0,"_joinchat":[]},"product_brand":[],"product_cat":[702],"product_tag":[],"class_list":{"0":"post-14724","1":"product","2":"type-product","3":"status-publish","4":"has-post-thumbnail","6":"product_cat-herramientas-de-trabajo","8":"first","9":"instock","10":"taxable","11":"shipping-taxable","12":"purchasable","13":"product-type-simple"},"aioseo_notices":[],"_links":{"self":[{"href":"https:\/\/www.oestepizzaparty.com.ar\/index.php?rest_route=\/wp\/v2\/product\/14724","targetHints":{"allow":["GET"]}}],"collection":[{"href":"https:\/\/www.oestepizzaparty.com.ar\/index.php?rest_route=\/wp\/v2\/product"}],"about":[{"href":"https:\/\/www.oestepizzaparty.com.ar\/index.php?rest_route=\/wp\/v2\/types\/product"}],"replies":[{"embeddable":true,"href":"https:\/\/www.oestepizzaparty.com.ar\/index.php?rest_route=%2Fwp%2Fv2%2Fcomments&post=14724"}],"wp:featuredmedia":[{"embeddable":true,"href":"https:\/\/www.oestepizzaparty.com.ar\/index.php?rest_route=\/wp\/v2\/media\/14725"}],"wp:attachment":[{"href":"https:\/\/www.oestepizzaparty.com.ar\/index.php?rest_route=%2Fwp%2Fv2%2Fmedia&parent=14724"}],"wp:term":[{"taxonomy":"product_brand","embeddable":true,"href":"https:\/\/www.oestepizzaparty.com.ar\/index.php?rest_route=%2Fwp%2Fv2%2Fproduct_brand&post=14724"},{"taxonomy":"product_cat","embeddable":true,"href":"https:\/\/www.oestepizzaparty.com.ar\/index.php?rest_route=%2Fwp%2Fv2%2Fproduct_cat&post=14724"},{"taxonomy":"product_tag","embeddable":true,"href":"https:\/\/www.oestepizzaparty.com.ar\/index.php?rest_route=%2Fwp%2Fv2%2Fproduct_tag&post=14724"}],"curies":[{"name":"wp","href":"https:\/\/api.w.org\/{rel}","templated":true}]}}