{"id":1488,"date":"2020-07-29T16:42:54","date_gmt":"2020-07-29T19:42:54","guid":{"rendered":"https:\/\/www.oestepizzaparty.com.ar\/?post_type=product&#038;p=1488"},"modified":"2026-04-30T13:35:01","modified_gmt":"2026-04-30T16:35:01","slug":"semolin-molino-campodonico-x-25kg","status":"publish","type":"product","link":"https:\/\/www.oestepizzaparty.com.ar\/?product=semolin-molino-campodonico-x-25kg","title":{"rendered":"HARINISIMA SEMOL\u00cdN x 25kg  Venc 09\/26"},"content":{"rendered":"<p>Producto obtenido del centro del endosperma del grano, mediante la purificaci\u00f3n de pasajes seleccionados de la molienda.<br \/>\nEst\u00e1 constituido por part\u00edculas cristalinas de granulometr\u00eda controlada, de bajo contenido de cenizas. Presenta un muy buen aspecto con bajo recuento de picaduras (part\u00edculas de salvado).<br \/>\nEspecialmente apto para la elaboraci\u00f3n de productos que se comercializan sin cocci\u00f3n, con alto tenor de humedad, ravioles, \u00f1oquis, fideos, y pastas secas.<br \/>\nIdeal para: Pastas frescas y secas<\/p>\n","protected":false},"excerpt":{"rendered":"<p>Producto obtenido del centro del endosperma del grano, mediante la purificaci\u00f3n de pasajes seleccionados de la molienda. Est\u00e1 constituido por part\u00edculas cristalinas de granulometr\u00eda controlada, de bajo contenido de cenizas. Presenta un muy buen aspecto con bajo recuento de picaduras (part\u00edculas de salvado). Especialmente apto para la elaboraci\u00f3n de productos que se comercializan sin cocci\u00f3n, [&hellip;]<\/p>\n","protected":false},"featured_media":1517,"comment_status":"open","ping_status":"closed","template":"","meta":{"_et_pb_use_builder":"","_et_pb_old_content":"","_et_gb_content_width":"","om_disable_all_campaigns":false,"_monsterinsights_skip_tracking":false,"_monsterinsights_sitenote_active":false,"_monsterinsights_sitenote_note":"","_monsterinsights_sitenote_category":0,"_joinchat":[]},"product_brand":[],"product_cat":[735],"product_tag":[100,194,160,161,138,212,202],"class_list":{"0":"post-1488","1":"product","2":"type-product","3":"status-publish","4":"has-post-thumbnail","6":"product_cat-molino-campodonico","7":"product_tag-gastronomia","8":"product_tag-harinas","9":"product_tag-insumos","10":"product_tag-insumos-gastronomia","11":"product_tag-molino-campodonico","12":"product_tag-semolin","13":"product_tag-venta-de-insumos","15":"first","16":"instock","17":"taxable","18":"shipping-taxable","19":"purchasable","20":"product-type-simple"},"aioseo_notices":[],"_links":{"self":[{"href":"https:\/\/www.oestepizzaparty.com.ar\/index.php?rest_route=\/wp\/v2\/product\/1488","targetHints":{"allow":["GET"]}}],"collection":[{"href":"https:\/\/www.oestepizzaparty.com.ar\/index.php?rest_route=\/wp\/v2\/product"}],"about":[{"href":"https:\/\/www.oestepizzaparty.com.ar\/index.php?rest_route=\/wp\/v2\/types\/product"}],"replies":[{"embeddable":true,"href":"https:\/\/www.oestepizzaparty.com.ar\/index.php?rest_route=%2Fwp%2Fv2%2Fcomments&post=1488"}],"wp:featuredmedia":[{"embeddable":true,"href":"https:\/\/www.oestepizzaparty.com.ar\/index.php?rest_route=\/wp\/v2\/media\/1517"}],"wp:attachment":[{"href":"https:\/\/www.oestepizzaparty.com.ar\/index.php?rest_route=%2Fwp%2Fv2%2Fmedia&parent=1488"}],"wp:term":[{"taxonomy":"product_brand","embeddable":true,"href":"https:\/\/www.oestepizzaparty.com.ar\/index.php?rest_route=%2Fwp%2Fv2%2Fproduct_brand&post=1488"},{"taxonomy":"product_cat","embeddable":true,"href":"https:\/\/www.oestepizzaparty.com.ar\/index.php?rest_route=%2Fwp%2Fv2%2Fproduct_cat&post=1488"},{"taxonomy":"product_tag","embeddable":true,"href":"https:\/\/www.oestepizzaparty.com.ar\/index.php?rest_route=%2Fwp%2Fv2%2Fproduct_tag&post=1488"}],"curies":[{"name":"wp","href":"https:\/\/api.w.org\/{rel}","templated":true}]}}