{"id":14899,"date":"2024-05-13T11:36:23","date_gmt":"2024-05-13T14:36:23","guid":{"rendered":"https:\/\/www.oestepizzaparty.com.ar\/?post_type=product&#038;p=14899"},"modified":"2026-05-09T17:45:03","modified_gmt":"2026-05-09T20:45:03","slug":"napoletana-00-de-molino-chacabuco-x-1kg-venc-24-04-25","status":"publish","type":"product","link":"https:\/\/www.oestepizzaparty.com.ar\/?product=napoletana-00-de-molino-chacabuco-x-1kg-venc-24-04-25","title":{"rendered":"PIZZA NAPOLETANA 00 X 1kg &#8211; MOLINO CHACABUCO VENC 31\/01\/27"},"content":{"rendered":"<p>Harina de trigo 00 enriquecida seg\u00fan Ley 25630.<br \/>\nAplicaci\u00f3n: pizza napoletana, focaccia, ciabatta,<br \/>\nschiacciata, panes r\u00fasticos, pandoro y<br \/>\npanettone. Recomendada para masas con<br \/>\nfermentaci\u00f3n natural y alta hidrataci\u00f3n. W&gt;330 y<br \/>\nprote\u00edna&gt;13%.<\/p>\n<p>Humedad %\u00a0 \u00a0 \u00a0 \u00a0 \u00a0 \u00a0 MAX.15<br \/>\nGluten H\u00famedo\u00a0 \u00a0 \u00a0 \u00a0MIN.31<br \/>\nFalling Number\u00a0 \u00a0 \u00a0 \u00a0 MIN.300<br \/>\nCenizas % sss\u00a0 \u00a0 \u00a0 \u00a0 \u00a0MAX. 0.68<br \/>\nP \/ L\u00a0 \u00a0 \u00a0 \u00a0 \u00a0 \u00a0 \u00a0 \u00a0 \u00a0 \u00a0 \u00a0 \u00a0 \u00a00,8 A 1,6<br \/>\nW\u00a0 \u00a0 \u00a0 \u00a0 \u00a0 \u00a0 \u00a0 \u00a0 \u00a0 \u00a0 \u00a0 \u00a0 \u00a0 \u00a0 \u00a0MIN.330<\/p>\n<p>&nbsp;<\/p>\n","protected":false},"excerpt":{"rendered":"<p>Harina de trigo 00 enriquecida seg\u00fan Ley 25630. Aplicaci\u00f3n: pizza napoletana, focaccia, ciabatta, schiacciata, panes r\u00fasticos, pandoro y panettone. Recomendada para masas con fermentaci\u00f3n natural y alta hidrataci\u00f3n. W&gt;330 y prote\u00edna&gt;13%. Humedad %\u00a0 \u00a0 \u00a0 \u00a0 \u00a0 \u00a0 MAX.15 Gluten H\u00famedo\u00a0 \u00a0 \u00a0 \u00a0MIN.31 Falling Number\u00a0 \u00a0 \u00a0 \u00a0 MIN.300 Cenizas % sss\u00a0 \u00a0 \u00a0 [&hellip;]<\/p>\n","protected":false},"featured_media":14900,"comment_status":"open","ping_status":"closed","template":"","meta":{"_et_pb_use_builder":"","_et_pb_old_content":"","_et_gb_content_width":"","om_disable_all_campaigns":false,"_monsterinsights_skip_tracking":false,"_monsterinsights_sitenote_active":false,"_monsterinsights_sitenote_note":"","_monsterinsights_sitenote_category":0,"_joinchat":[]},"product_brand":[],"product_cat":[732],"product_tag":[],"class_list":{"0":"post-14899","1":"product","2":"type-product","3":"status-publish","4":"has-post-thumbnail","6":"product_cat-molino-chacabuco","8":"first","9":"instock","10":"taxable","11":"shipping-taxable","12":"purchasable","13":"product-type-simple"},"aioseo_notices":[],"_links":{"self":[{"href":"https:\/\/www.oestepizzaparty.com.ar\/index.php?rest_route=\/wp\/v2\/product\/14899","targetHints":{"allow":["GET"]}}],"collection":[{"href":"https:\/\/www.oestepizzaparty.com.ar\/index.php?rest_route=\/wp\/v2\/product"}],"about":[{"href":"https:\/\/www.oestepizzaparty.com.ar\/index.php?rest_route=\/wp\/v2\/types\/product"}],"replies":[{"embeddable":true,"href":"https:\/\/www.oestepizzaparty.com.ar\/index.php?rest_route=%2Fwp%2Fv2%2Fcomments&post=14899"}],"wp:featuredmedia":[{"embeddable":true,"href":"https:\/\/www.oestepizzaparty.com.ar\/index.php?rest_route=\/wp\/v2\/media\/14900"}],"wp:attachment":[{"href":"https:\/\/www.oestepizzaparty.com.ar\/index.php?rest_route=%2Fwp%2Fv2%2Fmedia&parent=14899"}],"wp:term":[{"taxonomy":"product_brand","embeddable":true,"href":"https:\/\/www.oestepizzaparty.com.ar\/index.php?rest_route=%2Fwp%2Fv2%2Fproduct_brand&post=14899"},{"taxonomy":"product_cat","embeddable":true,"href":"https:\/\/www.oestepizzaparty.com.ar\/index.php?rest_route=%2Fwp%2Fv2%2Fproduct_cat&post=14899"},{"taxonomy":"product_tag","embeddable":true,"href":"https:\/\/www.oestepizzaparty.com.ar\/index.php?rest_route=%2Fwp%2Fv2%2Fproduct_tag&post=14899"}],"curies":[{"name":"wp","href":"https:\/\/api.w.org\/{rel}","templated":true}]}}