{"id":14998,"date":"2024-05-24T09:54:04","date_gmt":"2024-05-24T12:54:04","guid":{"rendered":"https:\/\/www.oestepizzaparty.com.ar\/?post_type=product&#038;p=14998"},"modified":"2026-04-08T08:37:43","modified_gmt":"2026-04-08T11:37:43","slug":"salsa-hot-sauce-chili-pepper-badia-origen-eeuu","status":"publish","type":"product","link":"https:\/\/www.oestepizzaparty.com.ar\/?product=salsa-hot-sauce-chili-pepper-badia-origen-eeuu","title":{"rendered":"SALSA HOT SAUCE CHILI PEPPER 155ML- BADIA ORIGEN (EEUU)"},"content":{"rendered":"<p>La salsa picante Badia\u00a0Chili es un condimento imprescindible para los amantes del picante. Elaborada con una mezcla de chiles, ajo y otras especias, esta salsa picante a\u00f1ade un toque de sabor a cualquier plato. Ya sea para aderezar tacos, a\u00f1adir un toque picante a los macarrones con queso, o simplemente para condimentar su s\u00e1ndwich favorito, esta salsa llevar\u00e1 a sus papilas gustativas a un viaje salvaje. Con un nivel de picante medio, es perfecta para aquellos a los que les gusta un poco de picante sin saturar su comida. Adem\u00e1s, es ideal para a\u00f1adir un poco de profundidad a los adobos o ali\u00f1os. Haga que cualquier plato chisporrotee con un poco de salsa picante Chili de Badia.<\/p>\n","protected":false},"excerpt":{"rendered":"<p>La salsa picante Badia\u00a0Chili es un condimento imprescindible para los amantes del picante. Elaborada con una mezcla de chiles, ajo y otras especias, esta salsa picante a\u00f1ade un toque de sabor a cualquier plato. Ya sea para aderezar tacos, a\u00f1adir un toque picante a los macarrones con queso, o simplemente para condimentar su s\u00e1ndwich favorito, [&hellip;]<\/p>\n","protected":false},"featured_media":14999,"comment_status":"open","ping_status":"closed","template":"","meta":{"_et_pb_use_builder":"","_et_pb_old_content":"","_et_gb_content_width":"","om_disable_all_campaigns":false,"_monsterinsights_skip_tracking":false,"_monsterinsights_sitenote_active":false,"_monsterinsights_sitenote_note":"","_monsterinsights_sitenote_category":0,"_joinchat":[]},"product_brand":[],"product_cat":[719],"product_tag":[],"class_list":{"0":"post-14998","1":"product","2":"type-product","3":"status-publish","4":"has-post-thumbnail","6":"product_cat-condimentos-especias","8":"first","9":"instock","10":"taxable","11":"shipping-taxable","12":"purchasable","13":"product-type-simple"},"aioseo_notices":[],"_links":{"self":[{"href":"https:\/\/www.oestepizzaparty.com.ar\/index.php?rest_route=\/wp\/v2\/product\/14998","targetHints":{"allow":["GET"]}}],"collection":[{"href":"https:\/\/www.oestepizzaparty.com.ar\/index.php?rest_route=\/wp\/v2\/product"}],"about":[{"href":"https:\/\/www.oestepizzaparty.com.ar\/index.php?rest_route=\/wp\/v2\/types\/product"}],"replies":[{"embeddable":true,"href":"https:\/\/www.oestepizzaparty.com.ar\/index.php?rest_route=%2Fwp%2Fv2%2Fcomments&post=14998"}],"wp:featuredmedia":[{"embeddable":true,"href":"https:\/\/www.oestepizzaparty.com.ar\/index.php?rest_route=\/wp\/v2\/media\/14999"}],"wp:attachment":[{"href":"https:\/\/www.oestepizzaparty.com.ar\/index.php?rest_route=%2Fwp%2Fv2%2Fmedia&parent=14998"}],"wp:term":[{"taxonomy":"product_brand","embeddable":true,"href":"https:\/\/www.oestepizzaparty.com.ar\/index.php?rest_route=%2Fwp%2Fv2%2Fproduct_brand&post=14998"},{"taxonomy":"product_cat","embeddable":true,"href":"https:\/\/www.oestepizzaparty.com.ar\/index.php?rest_route=%2Fwp%2Fv2%2Fproduct_cat&post=14998"},{"taxonomy":"product_tag","embeddable":true,"href":"https:\/\/www.oestepizzaparty.com.ar\/index.php?rest_route=%2Fwp%2Fv2%2Fproduct_tag&post=14998"}],"curies":[{"name":"wp","href":"https:\/\/api.w.org\/{rel}","templated":true}]}}