{"id":15139,"date":"2024-06-10T15:54:02","date_gmt":"2024-06-10T18:54:02","guid":{"rendered":"https:\/\/www.oestepizzaparty.com.ar\/?post_type=product&#038;p=15139"},"modified":"2026-04-27T16:26:35","modified_gmt":"2026-04-27T19:26:35","slug":"levadura-seca-instant-success-500-grs-dorado-masas-dulces","status":"publish","type":"product","link":"https:\/\/www.oestepizzaparty.com.ar\/?product=levadura-seca-instant-success-500-grs-dorado-masas-dulces","title":{"rendered":"LEVADURA SECA INSTANT SUCCESS 500 GRS (DORADA MASAS DULCES)"},"content":{"rendered":"<div class=\"wpb_text_column wpb_content_element \">\n<div class=\"wpb_wrapper\"><\/div>\n<\/div>\n<div class=\"wpb_text_column wpb_content_element \">\n<div class=\"wpb_wrapper\">\n<p>&nbsp;<\/p>\n<\/div>\n<\/div>\n<div class=\"wpb_text_column wpb_content_element \">\n<div class=\"wpb_wrapper\">\n<p>La ductilidad de la\u00a0<strong>levadura instant\u00e1nea<\/strong>\u00a0hace posible utilizarla como herramienta variable de fermentaci\u00f3n.<\/p>\n<p>Esta virtud permite reducir la temperatura de la masa y retrasar la prefermentaci\u00f3n en \u00e9pocas de altas temperaturas ambientales, y por el contrario, cuando la temperatura es baja, el aumento de la temperatura del agua utilizada mejora su velocidad de fermentaci\u00f3n.<\/p>\n<p class=\"page-title\"><strong>Instant Success:<\/strong>\u00a0Elaborada especial para masas dulces. Se incorpora a la harina al comienzo o al final del amasado, seg\u00fan las necesidades del proceso.<\/p>\n<p>Trabajo directo, diagramas cortos.<br \/>\n\u2013 Masa tipo pan franc\u00e9s, sin az\u00facar ni materia grasa: 1 a 2% del peso de la harina.<br \/>\n\u2013 Masa con az\u00facar: 3 a 5% del peso de la harina.<br \/>\n\u2013 En congelados: 5 a 8% del peso de la harina.<\/p>\n<\/div>\n<\/div>\n","protected":false},"excerpt":{"rendered":"<p>&nbsp; La ductilidad de la\u00a0levadura instant\u00e1nea\u00a0hace posible utilizarla como herramienta variable de fermentaci\u00f3n. Esta virtud permite reducir la temperatura de la masa y retrasar la prefermentaci\u00f3n en \u00e9pocas de altas temperaturas ambientales, y por el contrario, cuando la temperatura es baja, el aumento de la temperatura del agua utilizada mejora su velocidad de fermentaci\u00f3n. Instant [&hellip;]<\/p>\n","protected":false},"featured_media":15140,"comment_status":"open","ping_status":"closed","template":"","meta":{"_et_pb_use_builder":"","_et_pb_old_content":"","_et_gb_content_width":"","om_disable_all_campaigns":false,"_monsterinsights_skip_tracking":false,"_monsterinsights_sitenote_active":false,"_monsterinsights_sitenote_note":"","_monsterinsights_sitenote_category":0,"_joinchat":[]},"product_brand":[],"product_cat":[763],"product_tag":[],"class_list":{"0":"post-15139","1":"product","2":"type-product","3":"status-publish","4":"has-post-thumbnail","6":"product_cat-levaduras","8":"first","9":"instock","10":"taxable","11":"shipping-taxable","12":"purchasable","13":"product-type-simple"},"aioseo_notices":[],"_links":{"self":[{"href":"https:\/\/www.oestepizzaparty.com.ar\/index.php?rest_route=\/wp\/v2\/product\/15139","targetHints":{"allow":["GET"]}}],"collection":[{"href":"https:\/\/www.oestepizzaparty.com.ar\/index.php?rest_route=\/wp\/v2\/product"}],"about":[{"href":"https:\/\/www.oestepizzaparty.com.ar\/index.php?rest_route=\/wp\/v2\/types\/product"}],"replies":[{"embeddable":true,"href":"https:\/\/www.oestepizzaparty.com.ar\/index.php?rest_route=%2Fwp%2Fv2%2Fcomments&post=15139"}],"wp:featuredmedia":[{"embeddable":true,"href":"https:\/\/www.oestepizzaparty.com.ar\/index.php?rest_route=\/wp\/v2\/media\/15140"}],"wp:attachment":[{"href":"https:\/\/www.oestepizzaparty.com.ar\/index.php?rest_route=%2Fwp%2Fv2%2Fmedia&parent=15139"}],"wp:term":[{"taxonomy":"product_brand","embeddable":true,"href":"https:\/\/www.oestepizzaparty.com.ar\/index.php?rest_route=%2Fwp%2Fv2%2Fproduct_brand&post=15139"},{"taxonomy":"product_cat","embeddable":true,"href":"https:\/\/www.oestepizzaparty.com.ar\/index.php?rest_route=%2Fwp%2Fv2%2Fproduct_cat&post=15139"},{"taxonomy":"product_tag","embeddable":true,"href":"https:\/\/www.oestepizzaparty.com.ar\/index.php?rest_route=%2Fwp%2Fv2%2Fproduct_tag&post=15139"}],"curies":[{"name":"wp","href":"https:\/\/api.w.org\/{rel}","templated":true}]}}