{"id":15232,"date":"2024-06-21T08:33:29","date_gmt":"2024-06-21T11:33:29","guid":{"rendered":"https:\/\/www.oestepizzaparty.com.ar\/?post_type=product&#038;p=15232"},"modified":"2025-08-03T07:01:35","modified_gmt":"2025-08-03T10:01:35","slug":"fratelli-mantova-spray-ghee-butter","status":"publish","type":"product","link":"https:\/\/www.oestepizzaparty.com.ar\/?product=fratelli-mantova-spray-ghee-butter","title":{"rendered":"Fratelli Mantova Spray Ghee Butter x 200ml (ITALIA)"},"content":{"rendered":"<p>A trav\u00e9s de generaciones, la familia Mantova ha sido reconocida como una de las principales probadoras y catadoras, seleccionando solo los mejores aceites que llevan el nombre de la familia. Mantova se enorgullece de ofrecer una mezcla pura y saludable de mantequilla de ghee, aceite de oliva y aceite de aguacate en una pr\u00e1ctica botella con atomizador.<\/p>\n<p>Nuestro aceite de ghee 100 % natural tiene un rico sabor mantecoso con un alto punto de humo y muchos beneficios para la salud. Es perfecto para un uso diario sin preocupaciones en la cocina, ya sea para cocinar, asar, fre\u00edr, saltear u hornear. Nuestro aceite de ghee conserva todo su sabor gracias a la botella rociadora, dise\u00f1ada espec\u00edficamente para preservar el sabor, el aroma y los atributos saludables del aceite. Nuestro sistema \u201cbolsa en botella\u201d protege el aceite natural, para que puedas rociar de manera ligera y uniforme, sin propelentes, aerosoles ni aditivos. La bolsa tambi\u00e9n protege el aceite de la exposici\u00f3n al aire y la luz, manteni\u00e9ndolo fresco por m\u00e1s tiempo.<\/p>\n<p>El spray de aceite de aguacate Mantova no contiene OGM, no contiene gluten, no contiene colesterol y es rico en grasas naturales saludables, omega-3, vitamina E, \u00e1cido oleico y antioxidantes; perfecto para agregar a cada comida. No hay necesidad de sentirse t\u00edmido al rociar sobre los alimentos terminados para obtener una apariencia hermosa y un sabor excelente. Las botellas de spray Mantova aportan todos los beneficios saludables de los aguacates a tus platos, en las cantidades justas para las recetas que te encantan.<\/p>\n<p>&nbsp;<\/p>\n<ul>\n<li>\u00a0\u00a0Mezcla 100% natural de mantequilla de ghee, aceite de oliva y aceite de aguacate sin nada m\u00e1s: sin rellenos, aditivos ni conservantes.<\/li>\n<li>\u00a0\u00a0Nuestro sistema \u00abbolsa en botella\u00bb le ayuda a rociar de manera ligera y uniforme sin propulsores, aerosoles ni aditivos.<\/li>\n<li>\u00a0\u00a0Ideal para uso diario al cocinar y rociar sobre alimentos terminados para una apariencia hermosa y un excelente sabor.<\/li>\n<\/ul>\n","protected":false},"excerpt":{"rendered":"<p>A trav\u00e9s de generaciones, la familia Mantova ha sido reconocida como una de las principales probadoras y catadoras, seleccionando solo los mejores aceites que llevan el nombre de la familia. Mantova se enorgullece de ofrecer una mezcla pura y saludable de mantequilla de ghee, aceite de oliva y aceite de aguacate en una pr\u00e1ctica botella [&hellip;]<\/p>\n","protected":false},"featured_media":15233,"comment_status":"open","ping_status":"closed","template":"","meta":{"_et_pb_use_builder":"","_et_pb_old_content":"","_et_gb_content_width":"","om_disable_all_campaigns":false,"_monsterinsights_skip_tracking":false,"_monsterinsights_sitenote_active":false,"_monsterinsights_sitenote_note":"","_monsterinsights_sitenote_category":0,"_joinchat":[]},"product_brand":[],"product_cat":[752],"product_tag":[],"class_list":{"0":"post-15232","1":"product","2":"type-product","3":"status-publish","4":"has-post-thumbnail","6":"product_cat-aceites-vinagres-importados","8":"first","9":"outofstock","10":"taxable","11":"shipping-taxable","12":"product-type-simple"},"aioseo_notices":[],"_links":{"self":[{"href":"https:\/\/www.oestepizzaparty.com.ar\/index.php?rest_route=\/wp\/v2\/product\/15232","targetHints":{"allow":["GET"]}}],"collection":[{"href":"https:\/\/www.oestepizzaparty.com.ar\/index.php?rest_route=\/wp\/v2\/product"}],"about":[{"href":"https:\/\/www.oestepizzaparty.com.ar\/index.php?rest_route=\/wp\/v2\/types\/product"}],"replies":[{"embeddable":true,"href":"https:\/\/www.oestepizzaparty.com.ar\/index.php?rest_route=%2Fwp%2Fv2%2Fcomments&post=15232"}],"wp:featuredmedia":[{"embeddable":true,"href":"https:\/\/www.oestepizzaparty.com.ar\/index.php?rest_route=\/wp\/v2\/media\/15233"}],"wp:attachment":[{"href":"https:\/\/www.oestepizzaparty.com.ar\/index.php?rest_route=%2Fwp%2Fv2%2Fmedia&parent=15232"}],"wp:term":[{"taxonomy":"product_brand","embeddable":true,"href":"https:\/\/www.oestepizzaparty.com.ar\/index.php?rest_route=%2Fwp%2Fv2%2Fproduct_brand&post=15232"},{"taxonomy":"product_cat","embeddable":true,"href":"https:\/\/www.oestepizzaparty.com.ar\/index.php?rest_route=%2Fwp%2Fv2%2Fproduct_cat&post=15232"},{"taxonomy":"product_tag","embeddable":true,"href":"https:\/\/www.oestepizzaparty.com.ar\/index.php?rest_route=%2Fwp%2Fv2%2Fproduct_tag&post=15232"}],"curies":[{"name":"wp","href":"https:\/\/api.w.org\/{rel}","templated":true}]}}