{"id":15284,"date":"2024-06-26T15:02:27","date_gmt":"2024-06-26T18:02:27","guid":{"rendered":"https:\/\/www.oestepizzaparty.com.ar\/?post_type=product&#038;p=15284"},"modified":"2026-04-17T15:17:32","modified_gmt":"2026-04-17T18:17:32","slug":"arroz-arborio-x-500gr-san-giorgio","status":"publish","type":"product","link":"https:\/\/www.oestepizzaparty.com.ar\/?product=arroz-arborio-x-500gr-san-giorgio","title":{"rendered":"Arroz Arborio x 500gr-San Giorgio"},"content":{"rendered":"<div>Es un arroz superfino, cuyos granos grandes, con firmeza acentuada y aspecto perlado, tienen la propiedad de liberar almid\u00f3n sobre la cocci\u00f3n garantizando una \u00f3ptima cremosidad.<\/div>\n<div>Cultivado a lo largo de toda la llanura Padana, es un cl\u00e1sico de la cocina italiana para la preparaci\u00f3n de risottos.<\/div>\n","protected":false},"excerpt":{"rendered":"<p>Es un arroz superfino, cuyos granos grandes, con firmeza acentuada y aspecto perlado, tienen la propiedad de liberar almid\u00f3n sobre la cocci\u00f3n garantizando una \u00f3ptima cremosidad. Cultivado a lo largo de toda la llanura Padana, es un cl\u00e1sico de la cocina italiana para la preparaci\u00f3n de risottos.<\/p>\n","protected":false},"featured_media":15285,"comment_status":"open","ping_status":"closed","template":"","meta":{"_et_pb_use_builder":"","_et_pb_old_content":"","_et_gb_content_width":"","om_disable_all_campaigns":false,"_monsterinsights_skip_tracking":false,"_monsterinsights_sitenote_active":false,"_monsterinsights_sitenote_note":"","_monsterinsights_sitenote_category":0,"_joinchat":[]},"product_brand":[],"product_cat":[711],"product_tag":[],"class_list":{"0":"post-15284","1":"product","2":"type-product","3":"status-publish","4":"has-post-thumbnail","6":"product_cat-pastas-arroces-importados","8":"first","9":"instock","10":"taxable","11":"shipping-taxable","12":"purchasable","13":"product-type-simple"},"aioseo_notices":[],"_links":{"self":[{"href":"https:\/\/www.oestepizzaparty.com.ar\/index.php?rest_route=\/wp\/v2\/product\/15284","targetHints":{"allow":["GET"]}}],"collection":[{"href":"https:\/\/www.oestepizzaparty.com.ar\/index.php?rest_route=\/wp\/v2\/product"}],"about":[{"href":"https:\/\/www.oestepizzaparty.com.ar\/index.php?rest_route=\/wp\/v2\/types\/product"}],"replies":[{"embeddable":true,"href":"https:\/\/www.oestepizzaparty.com.ar\/index.php?rest_route=%2Fwp%2Fv2%2Fcomments&post=15284"}],"wp:featuredmedia":[{"embeddable":true,"href":"https:\/\/www.oestepizzaparty.com.ar\/index.php?rest_route=\/wp\/v2\/media\/15285"}],"wp:attachment":[{"href":"https:\/\/www.oestepizzaparty.com.ar\/index.php?rest_route=%2Fwp%2Fv2%2Fmedia&parent=15284"}],"wp:term":[{"taxonomy":"product_brand","embeddable":true,"href":"https:\/\/www.oestepizzaparty.com.ar\/index.php?rest_route=%2Fwp%2Fv2%2Fproduct_brand&post=15284"},{"taxonomy":"product_cat","embeddable":true,"href":"https:\/\/www.oestepizzaparty.com.ar\/index.php?rest_route=%2Fwp%2Fv2%2Fproduct_cat&post=15284"},{"taxonomy":"product_tag","embeddable":true,"href":"https:\/\/www.oestepizzaparty.com.ar\/index.php?rest_route=%2Fwp%2Fv2%2Fproduct_tag&post=15284"}],"curies":[{"name":"wp","href":"https:\/\/api.w.org\/{rel}","templated":true}]}}