{"id":15286,"date":"2024-06-26T15:06:26","date_gmt":"2024-06-26T18:06:26","guid":{"rendered":"https:\/\/www.oestepizzaparty.com.ar\/?post_type=product&#038;p=15286"},"modified":"2026-04-01T16:00:29","modified_gmt":"2026-04-01T19:00:29","slug":"arroz-basmati-x-500gr-san-giorgio","status":"publish","type":"product","link":"https:\/\/www.oestepizzaparty.com.ar\/?product=arroz-basmati-x-500gr-san-giorgio","title":{"rendered":"Arroz Basmati x 500gr-San Giorgio"},"content":{"rendered":"<div>Proveniente de la regi\u00f3n del Himalaya, el Arroz Basmati es una variedad \u00e9tnica muy apreciada. Distinguida por sus granos finos y alargados, dotados de un inconfundible aroma a madera de s\u00e1ndalo. Basmati en Hindi significa \u201cReina de las fragancias\u201d.<\/div>\n<div>Durante la Cocci\u00f3n este tipo de arroz se alarga a\u00fan m\u00e1s, liberando su fragancia y dejando los granos siempre firmes, secos y separados. Es ideal como acompa\u00f1amiento o plato principal y un magnifico ingrediente para sabrosas ensaladas.<\/div>\n","protected":false},"excerpt":{"rendered":"<p>Proveniente de la regi\u00f3n del Himalaya, el Arroz Basmati es una variedad \u00e9tnica muy apreciada. Distinguida por sus granos finos y alargados, dotados de un inconfundible aroma a madera de s\u00e1ndalo. Basmati en Hindi significa \u201cReina de las fragancias\u201d. Durante la Cocci\u00f3n este tipo de arroz se alarga a\u00fan m\u00e1s, liberando su fragancia y dejando [&hellip;]<\/p>\n","protected":false},"featured_media":15287,"comment_status":"open","ping_status":"closed","template":"","meta":{"_et_pb_use_builder":"","_et_pb_old_content":"","_et_gb_content_width":"","om_disable_all_campaigns":false,"_monsterinsights_skip_tracking":false,"_monsterinsights_sitenote_active":false,"_monsterinsights_sitenote_note":"","_monsterinsights_sitenote_category":0,"_joinchat":[]},"product_brand":[],"product_cat":[711],"product_tag":[],"class_list":{"0":"post-15286","1":"product","2":"type-product","3":"status-publish","4":"has-post-thumbnail","6":"product_cat-pastas-arroces-importados","8":"first","9":"instock","10":"taxable","11":"shipping-taxable","12":"purchasable","13":"product-type-simple"},"aioseo_notices":[],"_links":{"self":[{"href":"https:\/\/www.oestepizzaparty.com.ar\/index.php?rest_route=\/wp\/v2\/product\/15286","targetHints":{"allow":["GET"]}}],"collection":[{"href":"https:\/\/www.oestepizzaparty.com.ar\/index.php?rest_route=\/wp\/v2\/product"}],"about":[{"href":"https:\/\/www.oestepizzaparty.com.ar\/index.php?rest_route=\/wp\/v2\/types\/product"}],"replies":[{"embeddable":true,"href":"https:\/\/www.oestepizzaparty.com.ar\/index.php?rest_route=%2Fwp%2Fv2%2Fcomments&post=15286"}],"wp:featuredmedia":[{"embeddable":true,"href":"https:\/\/www.oestepizzaparty.com.ar\/index.php?rest_route=\/wp\/v2\/media\/15287"}],"wp:attachment":[{"href":"https:\/\/www.oestepizzaparty.com.ar\/index.php?rest_route=%2Fwp%2Fv2%2Fmedia&parent=15286"}],"wp:term":[{"taxonomy":"product_brand","embeddable":true,"href":"https:\/\/www.oestepizzaparty.com.ar\/index.php?rest_route=%2Fwp%2Fv2%2Fproduct_brand&post=15286"},{"taxonomy":"product_cat","embeddable":true,"href":"https:\/\/www.oestepizzaparty.com.ar\/index.php?rest_route=%2Fwp%2Fv2%2Fproduct_cat&post=15286"},{"taxonomy":"product_tag","embeddable":true,"href":"https:\/\/www.oestepizzaparty.com.ar\/index.php?rest_route=%2Fwp%2Fv2%2Fproduct_tag&post=15286"}],"curies":[{"name":"wp","href":"https:\/\/api.w.org\/{rel}","templated":true}]}}