{"id":15295,"date":"2024-06-26T15:39:09","date_gmt":"2024-06-26T18:39:09","guid":{"rendered":"https:\/\/www.oestepizzaparty.com.ar\/?post_type=product&#038;p=15295"},"modified":"2026-04-14T13:44:23","modified_gmt":"2026-04-14T16:44:23","slug":"fusilli-negro-x-500gr-san-giorgio","status":"publish","type":"product","link":"https:\/\/www.oestepizzaparty.com.ar\/?product=fusilli-negro-x-500gr-san-giorgio","title":{"rendered":"Fusilli Negro x 200gr-San Giorgio"},"content":{"rendered":"<div><strong>El Fusilli es una pasta con forma helicoidal similar al rotini, magn\u00edfica para acompa\u00f1ar platos con salsas ya que su mayor superficie retiene mejor las sustancias l\u00edquidas.<\/strong><\/div>\n<div>Esta pasta r\u00fastica, te\u00f1ida con tinta de calamar espa\u00f1ol, sigue para su fabricaci\u00f3n la tradici\u00f3n artesanal italiana.<\/div>\n<div>Elaborada con s\u00e9mola de grano duro de la mejor molienda de trigo candeal, que tras un proceso de secado a bajas temperaturas mantiene inalteradas las propiedades nutritivas del trigo candeal.<\/div>\n","protected":false},"excerpt":{"rendered":"<p>El Fusilli es una pasta con forma helicoidal similar al rotini, magn\u00edfica para acompa\u00f1ar platos con salsas ya que su mayor superficie retiene mejor las sustancias l\u00edquidas. Esta pasta r\u00fastica, te\u00f1ida con tinta de calamar espa\u00f1ol, sigue para su fabricaci\u00f3n la tradici\u00f3n artesanal italiana. Elaborada con s\u00e9mola de grano duro de la mejor molienda de [&hellip;]<\/p>\n","protected":false},"featured_media":16867,"comment_status":"open","ping_status":"closed","template":"","meta":{"_et_pb_use_builder":"","_et_pb_old_content":"","_et_gb_content_width":"","om_disable_all_campaigns":false,"_monsterinsights_skip_tracking":false,"_monsterinsights_sitenote_active":false,"_monsterinsights_sitenote_note":"","_monsterinsights_sitenote_category":0,"_joinchat":[]},"product_brand":[],"product_cat":[711],"product_tag":[],"class_list":{"0":"post-15295","1":"product","2":"type-product","3":"status-publish","4":"has-post-thumbnail","6":"product_cat-pastas-arroces-importados","8":"first","9":"instock","10":"taxable","11":"shipping-taxable","12":"purchasable","13":"product-type-simple"},"aioseo_notices":[],"_links":{"self":[{"href":"https:\/\/www.oestepizzaparty.com.ar\/index.php?rest_route=\/wp\/v2\/product\/15295","targetHints":{"allow":["GET"]}}],"collection":[{"href":"https:\/\/www.oestepizzaparty.com.ar\/index.php?rest_route=\/wp\/v2\/product"}],"about":[{"href":"https:\/\/www.oestepizzaparty.com.ar\/index.php?rest_route=\/wp\/v2\/types\/product"}],"replies":[{"embeddable":true,"href":"https:\/\/www.oestepizzaparty.com.ar\/index.php?rest_route=%2Fwp%2Fv2%2Fcomments&post=15295"}],"wp:featuredmedia":[{"embeddable":true,"href":"https:\/\/www.oestepizzaparty.com.ar\/index.php?rest_route=\/wp\/v2\/media\/16867"}],"wp:attachment":[{"href":"https:\/\/www.oestepizzaparty.com.ar\/index.php?rest_route=%2Fwp%2Fv2%2Fmedia&parent=15295"}],"wp:term":[{"taxonomy":"product_brand","embeddable":true,"href":"https:\/\/www.oestepizzaparty.com.ar\/index.php?rest_route=%2Fwp%2Fv2%2Fproduct_brand&post=15295"},{"taxonomy":"product_cat","embeddable":true,"href":"https:\/\/www.oestepizzaparty.com.ar\/index.php?rest_route=%2Fwp%2Fv2%2Fproduct_cat&post=15295"},{"taxonomy":"product_tag","embeddable":true,"href":"https:\/\/www.oestepizzaparty.com.ar\/index.php?rest_route=%2Fwp%2Fv2%2Fproduct_tag&post=15295"}],"curies":[{"name":"wp","href":"https:\/\/api.w.org\/{rel}","templated":true}]}}