{"id":15380,"date":"2024-07-04T15:38:08","date_gmt":"2024-07-04T18:38:08","guid":{"rendered":"https:\/\/www.oestepizzaparty.com.ar\/?post_type=product&#038;p=15380"},"modified":"2026-04-29T12:16:07","modified_gmt":"2026-04-29T15:16:07","slug":"sirope-de-datil-lyna-x-670ml","status":"publish","type":"product","link":"https:\/\/www.oestepizzaparty.com.ar\/?product=sirope-de-datil-lyna-x-670ml","title":{"rendered":"Sirope de Datil Lyna x 250ml"},"content":{"rendered":"<p>El Sirope de d\u00e1til tiene una consistencia viscosa, es de color marr\u00f3n oscuro y es 100% natural, elaborado a partir de d\u00e1tiles secos, sin az\u00facar agregada. Sin gluten, apto cel\u00edaco. Apto vegano<\/p>\n","protected":false},"excerpt":{"rendered":"<p>El Sirope de d\u00e1til tiene una consistencia viscosa, es de color marr\u00f3n oscuro y es 100% natural, elaborado a partir de d\u00e1tiles secos, sin az\u00facar agregada. Sin gluten, apto cel\u00edaco. Apto vegano<\/p>\n","protected":false},"featured_media":15381,"comment_status":"open","ping_status":"closed","template":"","meta":{"_et_pb_use_builder":"","_et_pb_old_content":"","_et_gb_content_width":"","om_disable_all_campaigns":false,"_monsterinsights_skip_tracking":false,"_monsterinsights_sitenote_active":false,"_monsterinsights_sitenote_note":"","_monsterinsights_sitenote_category":0,"_joinchat":[]},"product_brand":[],"product_cat":[712],"product_tag":[],"class_list":{"0":"post-15380","1":"product","2":"type-product","3":"status-publish","4":"has-post-thumbnail","6":"product_cat-mermeladas-confituras","8":"first","9":"instock","10":"taxable","11":"shipping-taxable","12":"purchasable","13":"product-type-simple"},"aioseo_notices":[],"_links":{"self":[{"href":"https:\/\/www.oestepizzaparty.com.ar\/index.php?rest_route=\/wp\/v2\/product\/15380","targetHints":{"allow":["GET"]}}],"collection":[{"href":"https:\/\/www.oestepizzaparty.com.ar\/index.php?rest_route=\/wp\/v2\/product"}],"about":[{"href":"https:\/\/www.oestepizzaparty.com.ar\/index.php?rest_route=\/wp\/v2\/types\/product"}],"replies":[{"embeddable":true,"href":"https:\/\/www.oestepizzaparty.com.ar\/index.php?rest_route=%2Fwp%2Fv2%2Fcomments&post=15380"}],"wp:featuredmedia":[{"embeddable":true,"href":"https:\/\/www.oestepizzaparty.com.ar\/index.php?rest_route=\/wp\/v2\/media\/15381"}],"wp:attachment":[{"href":"https:\/\/www.oestepizzaparty.com.ar\/index.php?rest_route=%2Fwp%2Fv2%2Fmedia&parent=15380"}],"wp:term":[{"taxonomy":"product_brand","embeddable":true,"href":"https:\/\/www.oestepizzaparty.com.ar\/index.php?rest_route=%2Fwp%2Fv2%2Fproduct_brand&post=15380"},{"taxonomy":"product_cat","embeddable":true,"href":"https:\/\/www.oestepizzaparty.com.ar\/index.php?rest_route=%2Fwp%2Fv2%2Fproduct_cat&post=15380"},{"taxonomy":"product_tag","embeddable":true,"href":"https:\/\/www.oestepizzaparty.com.ar\/index.php?rest_route=%2Fwp%2Fv2%2Fproduct_tag&post=15380"}],"curies":[{"name":"wp","href":"https:\/\/api.w.org\/{rel}","templated":true}]}}