{"id":15388,"date":"2024-07-04T15:59:00","date_gmt":"2024-07-04T18:59:00","guid":{"rendered":"https:\/\/www.oestepizzaparty.com.ar\/?post_type=product&#038;p=15388"},"modified":"2026-04-02T18:08:09","modified_gmt":"2026-04-02T21:08:09","slug":"atun-claro-en-aceite-de-oliva-dani-106gr","status":"publish","type":"product","link":"https:\/\/www.oestepizzaparty.com.ar\/?product=atun-claro-en-aceite-de-oliva-dani-106gr","title":{"rendered":"Atun Claro en Aceite de Oliva Dani 106gr"},"content":{"rendered":"<p>Nutritivo y saludable, junto al aceite de oliva da como resultado un lomo de at\u00fan sabroso y muy tierno, un producto que har\u00e1 las delicias de los paladares m\u00e1s exigentes.<\/p>\n<p><strong>El at\u00fan claro en conserva DANI tiene garant\u00eda de \u00abAleta amarilla\u00bb. Es un at\u00fan graso, de suave textura y con un alto valor nutricional, fuente natural de \u00e1cidos grasos\u00a0OMEGA-3, beneficiosos para el coraz\u00f3n, y alto contenido de\u00a0prote\u00ednas.<\/strong><\/p>\n<p><strong>DANI lo fabrica de forma\u00a0artesanal\u00a0en diferentes formatos, conservados en el mejor aceite de oliva o en un sabroso escabeche. Gracias a que est\u00e1 en conserva mantiene todas sus propiedades y sabor.\u00a0<\/strong><\/p>\n","protected":false},"excerpt":{"rendered":"<p>Nutritivo y saludable, junto al aceite de oliva da como resultado un lomo de at\u00fan sabroso y muy tierno, un producto que har\u00e1 las delicias de los paladares m\u00e1s exigentes. El at\u00fan claro en conserva DANI tiene garant\u00eda de \u00abAleta amarilla\u00bb. Es un at\u00fan graso, de suave textura y con un alto valor nutricional, fuente [&hellip;]<\/p>\n","protected":false},"featured_media":15389,"comment_status":"open","ping_status":"closed","template":"","meta":{"_et_pb_use_builder":"","_et_pb_old_content":"","_et_gb_content_width":"","om_disable_all_campaigns":false,"_monsterinsights_skip_tracking":false,"_monsterinsights_sitenote_active":false,"_monsterinsights_sitenote_note":"","_monsterinsights_sitenote_category":0,"_joinchat":[]},"product_brand":[],"product_cat":[709],"product_tag":[],"class_list":{"0":"post-15388","1":"product","2":"type-product","3":"status-publish","4":"has-post-thumbnail","6":"product_cat-aceitunas-conservas","8":"first","9":"instock","10":"taxable","11":"shipping-taxable","12":"purchasable","13":"product-type-simple"},"aioseo_notices":[],"_links":{"self":[{"href":"https:\/\/www.oestepizzaparty.com.ar\/index.php?rest_route=\/wp\/v2\/product\/15388","targetHints":{"allow":["GET"]}}],"collection":[{"href":"https:\/\/www.oestepizzaparty.com.ar\/index.php?rest_route=\/wp\/v2\/product"}],"about":[{"href":"https:\/\/www.oestepizzaparty.com.ar\/index.php?rest_route=\/wp\/v2\/types\/product"}],"replies":[{"embeddable":true,"href":"https:\/\/www.oestepizzaparty.com.ar\/index.php?rest_route=%2Fwp%2Fv2%2Fcomments&post=15388"}],"wp:featuredmedia":[{"embeddable":true,"href":"https:\/\/www.oestepizzaparty.com.ar\/index.php?rest_route=\/wp\/v2\/media\/15389"}],"wp:attachment":[{"href":"https:\/\/www.oestepizzaparty.com.ar\/index.php?rest_route=%2Fwp%2Fv2%2Fmedia&parent=15388"}],"wp:term":[{"taxonomy":"product_brand","embeddable":true,"href":"https:\/\/www.oestepizzaparty.com.ar\/index.php?rest_route=%2Fwp%2Fv2%2Fproduct_brand&post=15388"},{"taxonomy":"product_cat","embeddable":true,"href":"https:\/\/www.oestepizzaparty.com.ar\/index.php?rest_route=%2Fwp%2Fv2%2Fproduct_cat&post=15388"},{"taxonomy":"product_tag","embeddable":true,"href":"https:\/\/www.oestepizzaparty.com.ar\/index.php?rest_route=%2Fwp%2Fv2%2Fproduct_tag&post=15388"}],"curies":[{"name":"wp","href":"https:\/\/api.w.org\/{rel}","templated":true}]}}