{"id":15393,"date":"2024-07-04T16:16:11","date_gmt":"2024-07-04T19:16:11","guid":{"rendered":"https:\/\/www.oestepizzaparty.com.ar\/?post_type=product&#038;p=15393"},"modified":"2026-03-10T15:29:32","modified_gmt":"2026-03-10T18:29:32","slug":"tahini-al-kanater-pasta-de-sesamo-x-400gr-sin-tacc","status":"publish","type":"product","link":"https:\/\/www.oestepizzaparty.com.ar\/?product=tahini-al-kanater-pasta-de-sesamo-x-400gr-sin-tacc","title":{"rendered":"Tahini Al Kanater Pasta de Sesamo x 400gr SIN TACC  Venc 7\/01\/27"},"content":{"rendered":"<p>Pasta hecha a base de semillas de s\u00e9samo, de muy rico sabor y adem\u00e1s muy beneficiosa para la salud. Es el Ingrediente base de la alimentaci\u00f3n vegetariana\/vegana por su rico aporte de calcio vegetal.<\/p>\n<p><b>Beneficios:\u00a0<\/b>Es muy rico en \u00e1cidos grasos esenciales, sobre todo, omega 6 y omega 9. Contiene vitaminas entre las que podemos destacar las del grupo B que son muy importantes para nuestro sistema nervioso. Gran aporte en minerales como el hierro, calcio, magnesio, zinc y f\u00f3sforo. Tambi\u00e9n es muy rica en prote\u00ednas de origen vegetal.<\/p>\n<p><b>Usos:\u00a0<\/b>Es uno de los ingredientes b\u00e1sicos para preparar hummus, pero tambi\u00e9n podes untarlo como una mantequilla sobre tostadas, una fina capa le dar\u00e1 un toque de sabor a tu desayuno. Enriquece tus bebidas vegetales o batidos, prepara salsas y ali\u00f1os, relleno de bocadillos, fajitas y s\u00e1nwiches, prepara cremas y rellenos dulces, el toque final para tus cremas de verduras. Revuelva bien antes de usar. Conservar en lugar fresco y seco. No refrigerar despu\u00e9s de abrir<\/p>\n","protected":false},"excerpt":{"rendered":"<p>Pasta hecha a base de semillas de s\u00e9samo, de muy rico sabor y adem\u00e1s muy beneficiosa para la salud. Es el Ingrediente base de la alimentaci\u00f3n vegetariana\/vegana por su rico aporte de calcio vegetal. Beneficios:\u00a0Es muy rico en \u00e1cidos grasos esenciales, sobre todo, omega 6 y omega 9. Contiene vitaminas entre las que podemos destacar [&hellip;]<\/p>\n","protected":false},"featured_media":15394,"comment_status":"open","ping_status":"closed","template":"","meta":{"_et_pb_use_builder":"","_et_pb_old_content":"","_et_gb_content_width":"","om_disable_all_campaigns":false,"_monsterinsights_skip_tracking":false,"_monsterinsights_sitenote_active":false,"_monsterinsights_sitenote_note":"","_monsterinsights_sitenote_category":0,"_joinchat":[]},"product_brand":[],"product_cat":[719],"product_tag":[],"class_list":{"0":"post-15393","1":"product","2":"type-product","3":"status-publish","4":"has-post-thumbnail","6":"product_cat-condimentos-especias","8":"first","9":"instock","10":"taxable","11":"shipping-taxable","12":"purchasable","13":"product-type-simple"},"aioseo_notices":[],"_links":{"self":[{"href":"https:\/\/www.oestepizzaparty.com.ar\/index.php?rest_route=\/wp\/v2\/product\/15393","targetHints":{"allow":["GET"]}}],"collection":[{"href":"https:\/\/www.oestepizzaparty.com.ar\/index.php?rest_route=\/wp\/v2\/product"}],"about":[{"href":"https:\/\/www.oestepizzaparty.com.ar\/index.php?rest_route=\/wp\/v2\/types\/product"}],"replies":[{"embeddable":true,"href":"https:\/\/www.oestepizzaparty.com.ar\/index.php?rest_route=%2Fwp%2Fv2%2Fcomments&post=15393"}],"wp:featuredmedia":[{"embeddable":true,"href":"https:\/\/www.oestepizzaparty.com.ar\/index.php?rest_route=\/wp\/v2\/media\/15394"}],"wp:attachment":[{"href":"https:\/\/www.oestepizzaparty.com.ar\/index.php?rest_route=%2Fwp%2Fv2%2Fmedia&parent=15393"}],"wp:term":[{"taxonomy":"product_brand","embeddable":true,"href":"https:\/\/www.oestepizzaparty.com.ar\/index.php?rest_route=%2Fwp%2Fv2%2Fproduct_brand&post=15393"},{"taxonomy":"product_cat","embeddable":true,"href":"https:\/\/www.oestepizzaparty.com.ar\/index.php?rest_route=%2Fwp%2Fv2%2Fproduct_cat&post=15393"},{"taxonomy":"product_tag","embeddable":true,"href":"https:\/\/www.oestepizzaparty.com.ar\/index.php?rest_route=%2Fwp%2Fv2%2Fproduct_tag&post=15393"}],"curies":[{"name":"wp","href":"https:\/\/api.w.org\/{rel}","templated":true}]}}