{"id":15535,"date":"2024-07-22T14:13:10","date_gmt":"2024-07-22T17:13:10","guid":{"rendered":"https:\/\/www.oestepizzaparty.com.ar\/?post_type=product&#038;p=15535"},"modified":"2026-04-30T10:47:44","modified_gmt":"2026-04-30T13:47:44","slug":"harina-de-trigo-00-italiana-polselli-vivace-x-1kg","status":"publish","type":"product","link":"https:\/\/www.oestepizzaparty.com.ar\/?product=harina-de-trigo-00-italiana-polselli-vivace-x-1kg","title":{"rendered":"Harina de Trigo 00 Italiana Vivace x 1kg &#8211; Polselli"},"content":{"rendered":"<p>Harina de trigo blando \u201c00\u201d para uso profesional espec\u00edfico para<br \/>\npizzer\u00edas (bolsa roja).<br \/>\nSe posiciona con un tiempo de fermentaci\u00f3n y maduraci\u00f3n entre<br \/>\n36H-60H con una W300\/310 y un valor proteico del 14%.<br \/>\nLa harina Vivace es una harina muy vers\u00e1til para hacer pizza<br \/>\nnapolitana, pizza redonda romana (fina y crujiente), pizza romana<br \/>\nal molde (in teglia), pizza romana en pala y focaccia.<br \/>\nCon la harina Vivace, adem\u00e1s de un m\u00e9todo de amasado directo, podemos crear masas con<br \/>\nm\u00e9todos indirectos (Biga o Poolish \u2013 Masa Madre). Estos m\u00e9todos de masa utilizados para<br \/>\nproducir pizza dan al producto final una mayor digestibilidad, una estructura m\u00e1s alveolar<br \/>\ndentro de la cornisa con una masticabilidad que se derrite.<\/p>\n<p>&nbsp;<\/p>\n","protected":false},"excerpt":{"rendered":"<p>Harina de trigo blando \u201c00\u201d para uso profesional espec\u00edfico para pizzer\u00edas (bolsa roja). Se posiciona con un tiempo de fermentaci\u00f3n y maduraci\u00f3n entre 36H-60H con una W300\/310 y un valor proteico del 14%. La harina Vivace es una harina muy vers\u00e1til para hacer pizza napolitana, pizza redonda romana (fina y crujiente), pizza romana al molde [&hellip;]<\/p>\n","protected":false},"featured_media":15536,"comment_status":"open","ping_status":"closed","template":"","meta":{"_et_pb_use_builder":"","_et_pb_old_content":"","_et_gb_content_width":"","om_disable_all_campaigns":false,"_monsterinsights_skip_tracking":false,"_monsterinsights_sitenote_active":false,"_monsterinsights_sitenote_note":"","_monsterinsights_sitenote_category":0,"_joinchat":[]},"product_brand":[],"product_cat":[693],"product_tag":[],"class_list":{"0":"post-15535","1":"product","2":"type-product","3":"status-publish","4":"has-post-thumbnail","6":"product_cat-harinas-importadas","8":"first","9":"instock","10":"taxable","11":"shipping-taxable","12":"purchasable","13":"product-type-simple"},"aioseo_notices":[],"_links":{"self":[{"href":"https:\/\/www.oestepizzaparty.com.ar\/index.php?rest_route=\/wp\/v2\/product\/15535","targetHints":{"allow":["GET"]}}],"collection":[{"href":"https:\/\/www.oestepizzaparty.com.ar\/index.php?rest_route=\/wp\/v2\/product"}],"about":[{"href":"https:\/\/www.oestepizzaparty.com.ar\/index.php?rest_route=\/wp\/v2\/types\/product"}],"replies":[{"embeddable":true,"href":"https:\/\/www.oestepizzaparty.com.ar\/index.php?rest_route=%2Fwp%2Fv2%2Fcomments&post=15535"}],"wp:featuredmedia":[{"embeddable":true,"href":"https:\/\/www.oestepizzaparty.com.ar\/index.php?rest_route=\/wp\/v2\/media\/15536"}],"wp:attachment":[{"href":"https:\/\/www.oestepizzaparty.com.ar\/index.php?rest_route=%2Fwp%2Fv2%2Fmedia&parent=15535"}],"wp:term":[{"taxonomy":"product_brand","embeddable":true,"href":"https:\/\/www.oestepizzaparty.com.ar\/index.php?rest_route=%2Fwp%2Fv2%2Fproduct_brand&post=15535"},{"taxonomy":"product_cat","embeddable":true,"href":"https:\/\/www.oestepizzaparty.com.ar\/index.php?rest_route=%2Fwp%2Fv2%2Fproduct_cat&post=15535"},{"taxonomy":"product_tag","embeddable":true,"href":"https:\/\/www.oestepizzaparty.com.ar\/index.php?rest_route=%2Fwp%2Fv2%2Fproduct_tag&post=15535"}],"curies":[{"name":"wp","href":"https:\/\/api.w.org\/{rel}","templated":true}]}}